{"id":2732,"date":"2021-07-21T19:12:20","date_gmt":"2021-07-21T19:12:20","guid":{"rendered":"http:\/\/metalgar.com\/datenschutzrichtlinie\/"},"modified":"2021-07-28T19:46:00","modified_gmt":"2021-07-28T19:46:00","slug":"datenschutzrichtlinie","status":"publish","type":"page","link":"https:\/\/metalgar.com\/de\/datenschutzrichtlinie\/","title":{"rendered":"Datenschutzerkl\u00e4rung"},"content":{"rendered":"\n<h2 class=\"wp-block-heading\">\u00dcber uns<\/h2>\n\n\n\n<p>Unsere Web-Adresse lautet: http:\/\/metalgar.com\/<br><br>In \u00dcbereinstimmung mit dem geltenden Organgesetz 15\/1999 \u00fcber den Schutz personenbezogener Daten informiert METALGAR S.L., dass die personenbezogenen Daten der Benutzer der Website in eine automatisierte Datei aufgenommen und verarbeitet werden, die Eigentum von METALGAR S.L. ist und ausschlie\u00dflich zu dem Zweck verwaltet wird, der im jeweiligen Antwortformular oder -medium beschrieben ist. Durch Klicken der Schaltfl\u00e4che \u201eSENDEN\u201c stimmt der Benutzer der Verarbeitung seiner Daten durch METALGAR S.L. zu.<br><br>Der Benutzer wird au\u00dferdem dar\u00fcber informiert, dass er jederzeit die im Organgesetz 15\/1999 vom 13. Dezember 1999 \u00fcber den Schutz personenbezogener Daten anerkannten Rechte auf Zugang, Berichtigung, L\u00f6schung und Widerspruch aus\u00fcben kann, indem er METALGAR S.L., Calle Herm\u00e9s 37, 28880 Meco, Madrid, benachrichtigt. <br><br>Dar\u00fcber hinaus verpflichtet sich METALGAR S.L. gem\u00e4\u00df den Bestimmungen des Gesetzes 34\/2002 vom 11. Juli \u00fcber die Dienste der Informationsgesellschaft und den elektronischen Handel, keine Werbung per E-Mail zu versenden, ohne zuvor die ausdr\u00fcckliche Genehmigung des Empf\u00e4ngers eingeholt zu haben. Der Benutzer kann der Zusendung von Werbung widersprechen, indem er das entsprechende K\u00e4stchen ankreuzt.<br><br>METALGAR S.L. verpflichtet sich, dass die angeforderten personenbezogenen Daten unbedingt notwendig sind, um die angeforderte Dienstleistung auszuf\u00fchren. Sie werden gegebenenfalls darauf hingewiesen, dass Sie verpflichtet sind, bestimmte Angaben zu machen, ohne die der Dienst nicht erbracht werden kann.<br><br>Ebenso verpflichtet sich METALGAR S.L. als Verantwortlicher f\u00fcr die Datei, die Geheimhaltung und Vertraulichkeit der ihr zur Verf\u00fcgung gestellten personenbezogenen Daten zu wahren und alle notwendigen Sicherheitsma\u00dfnahmen zu ergreifen, um deren Verlust, \u00c4nderung ohne Zustimmung oder unbefugten Zugriff zu vermeiden, in \u00dcbereinstimmung mit der Verordnung zur Entwicklung der LOPD, die durch das K\u00f6nigliche Dekret 1720\/2007 vom 21. Dezember genehmigt wurde.<\/p>\n\n\n\n<h2 class=\"wp-block-heading\">Kommentare<\/h2>\n\n\n\n<p>Wenn Besucher Kommentare im Internet hinterlassen, sammeln wir die Daten, die im Kommentarformular erscheinen, sowie die IP-Adresse des Besuchers und den User-Agent-String des Browsers, um die Spam-Erkennung zu unterst\u00fctzen.<br>Eine anonyme Zeichenfolge, die aus Ihrer E-Mail-Adresse erstellt wird (auch Hash genannt), kann dem Dienst Gravatar zur Verf\u00fcgung gestellt werden, um zu sehen, ob Sie ihn verwenden oder nicht. Die Datenschutzbestimmungen des Dienstes Gravatar finden Sie hier: https:\/\/automattic.com\/privacy\/. Nach der Validierung Ihres Kommentars wird Ihr Profilbild f\u00fcr die \u00d6ffentlichkeit sichtbar sein.<\/p>\n\n\n\n<h2 class=\"wp-block-heading\">Medien<\/h2>\n\n\n\n<p>Wenn Sie Bilder aus dem Internet hochladen, sollten Sie es vermeiden, Bilder hochzuladen, die Geolocation-Daten enthalten (GPS EXIF). Web-Besucher k\u00f6nnen beliebige Standortdaten einschlie\u00dflich Bildern aus dem Netz herunterladen und extrahieren.<\/p>\n\n\n\n<h2 class=\"wp-block-heading\">Cookies<\/h2>\n\n\n\n<p>Wenn Sie einen Kommentar auf unserer Website hinterlassen, k\u00f6nnen Sie w\u00e4hlen, Ihren Namen, Ihre E-Mail-Adresse und Ihre Webadresse in Cookies zu speichern. Dies dient Ihrer Bequemlichkeit, so dass Sie die Daten nicht erneut ausf\u00fcllen m\u00fcssen, wenn Sie einen neuen Kommentar hinterlassen m\u00f6chten. Diese Cookies haben eine Dauer von einem Jahr.<br>Wenn Sie ein Konto haben und sich mit dieser Website verbinden, werden wir ein tempor\u00e4res Cookie setzen, um festzustellen, ob Ihr Browser Cookies akzeptiert. Dieses Cookie enth\u00e4lt keine personenbezogenen Daten und wird gel\u00f6scht, wenn Sie Ihren Browser schlie\u00dfen.<br>Wenn Sie sich anmelden, werden auch mehrere Cookies installiert, um Ihre Anmeldedaten und Bildschirmanzeigeoptionen zu speichern. Zugriffs-Cookies halten zwei Tage, Bildschirm-Optionen-Cookies halten ein Jahr. Wenn Sie \u201eRemember Me\u201c w\u00e4hlen, ist Ihr Zugang zwei Wochen lang g\u00fcltig. Wenn Sie sich von Ihrem Konto abmelden, werden Ihre Login-Cookies gel\u00f6scht.<br>Wenn Sie einen Artikel bearbeiten oder ver\u00f6ffentlichen, wird ein zus\u00e4tzliches Cookie in Ihrem Browser gespeichert. Dieses Cookie enth\u00e4lt keine personenbezogenen Daten und zeigt lediglich die ID des gerade bearbeiteten Artikels an. Dieses Cookie verf\u00e4llt nach einem Tag.<\/p>\n\n\n\n<h2 class=\"wp-block-heading\">Eingebettete Inhalte von anderen Websites<\/h2>\n\n\n\n<p>Artikel auf dieser Website k\u00f6nnen eingebettete Inhalte (z. B. Videos, Bilder, Artikel usw.) enthalten. Eingebettete Inhalte auf anderen Webseiten verhalten sich genau so, als ob der Besucher eine andere Webseite besucht h\u00e4tte.<br>Diese Webseiten k\u00f6nnen Ihre Daten erfassen, Cookies verwenden, zus\u00e4tzliche Trackingfunktionen von Drittanbietern einbetten und Ihre Interaktion mit diesen eingebetteten Inhalten \u00fcberwachen, einschlie\u00dflich der Verfolgung Ihrer Interaktion mit den eingebetteten Inhalten, wenn Sie ein Konto haben und auf dieser Webseite angemeldet sind.<\/p>\n\n\n\n<h2 class=\"wp-block-heading\">Mit wem teilen wir Ihre Daten?<\/h2>\n\n\n\n<p>Wenn Sie einen Passwort-Reset anfordern, wird Ihre IP-Adresse in der Reset-E-Mail enthalten sein.<\/p>\n\n\n\n<h2 class=\"wp-block-heading\">Wie lange bewahren wir Ihre Daten auf?<\/h2>\n\n\n\n<p>Wenn Sie einen Kommentar hinterlassen, werden der Kommentar und seine Metadaten auf unbestimmte Zeit gespeichert. Dadurch k\u00f6nnen nachfolgende Kommentare automatisch erkannt und genehmigt werden, anstatt in der Moderationswarteschlange zu verbleiben.<br>F\u00fcr Benutzer, die sich auf unserer Website registrieren (falls vorhanden), speichern wir auch die in ihrem Profil aufgef\u00fchrten personenbezogenen Daten. Alle Benutzer k\u00f6nnen ihre personenbezogenen Daten jederzeit einsehen, bearbeiten oder l\u00f6schen (mit Ausnahme ihrer Benutzer-ID). Site-Administratoren k\u00f6nnen diese Informationen ebenfalls anzeigen und bearbeiten.<\/p>\n\n\n\n<h2 class=\"wp-block-heading\">Welche Rechte haben Sie an Ihren Daten<\/h2>\n\n\n\n<p>Wenn Sie ein Konto haben oder Kommentare auf der Website hinterlassen haben, k\u00f6nnen Sie eine Datei anfordern, die alle personenbezogenen Daten enth\u00e4lt, die wir \u00fcber Sie gespeichert haben, einschlie\u00dflich der Daten, die Sie uns zur Verf\u00fcgung gestellt haben. Sie k\u00f6nnen auch die L\u00f6schung Ihrer personenbezogenen Daten verlangen. Ausgenommen hiervon sind Daten, die f\u00fcr administrative, rechtliche oder Sicherheitszwecke gespeichert werden.<\/p>\n\n\n\n<h2 class=\"wp-block-heading\">Wohin \u00fcbermitteln wir Ihre Daten?<\/h2>\n\n\n\n<p>Besucherkommentare k\u00f6nnen mit einem automatischen Kommentarerkennungsdienst \u00fcberpr\u00fcft werden.<\/p>\n","protected":false},"excerpt":{"rendered":"<p>\u00dcber uns Unsere Web-Adresse lautet: http:\/\/metalgar.com\/ In \u00dcbereinstimmung mit dem geltenden Organgesetz 15\/1999 \u00fcber den Schutz personenbezogener Daten informiert METALGAR S.L., dass die personenbezogenen Daten der Benutzer der Website in eine automatisierte Datei aufgenommen und verarbeitet werden, die Eigentum von METALGAR S.L. ist und ausschlie\u00dflich zu dem Zweck verwaltet wird, der im jeweiligen Antwortformular oder [&hellip;]<\/p>\n","protected":false},"author":1,"featured_media":0,"parent":0,"menu_order":0,"comment_status":"closed","ping_status":"closed","template":"","meta":{"footnotes":""},"class_list":["post-2732","page","type-page","status-publish","hentry"],"yoast_head":"<!-- This site is optimized with the Yoast SEO plugin v25.9 - https:\/\/yoast.com\/wordpress\/plugins\/seo\/ -->\n<title>Datenschutzerkl\u00e4rung - METALGAR S.L.<\/title>\n<meta name=\"robots\" content=\"index, follow, max-snippet:-1, max-image-preview:large, max-video-preview:-1\" \/>\n<link rel=\"canonical\" href=\"https:\/\/metalgar.com\/de\/datenschutzrichtlinie\/\" \/>\n<meta property=\"og:locale\" content=\"de_DE\" \/>\n<meta property=\"og:type\" content=\"article\" \/>\n<meta property=\"og:title\" content=\"Datenschutzerkl\u00e4rung - METALGAR S.L.\" \/>\n<meta property=\"og:description\" content=\"\u00dcber uns Unsere Web-Adresse lautet: http:\/\/metalgar.com\/ In \u00dcbereinstimmung mit dem geltenden Organgesetz 15\/1999 \u00fcber den Schutz personenbezogener Daten informiert METALGAR S.L., dass die personenbezogenen Daten der Benutzer der Website in eine automatisierte Datei aufgenommen und verarbeitet werden, die Eigentum von METALGAR S.L. ist und ausschlie\u00dflich zu dem Zweck verwaltet wird, der im jeweiligen Antwortformular oder [&hellip;]\" \/>\n<meta property=\"og:url\" content=\"https:\/\/metalgar.com\/de\/datenschutzrichtlinie\/\" \/>\n<meta property=\"og:site_name\" content=\"METALGAR S.L.\" \/>\n<meta property=\"article:modified_time\" content=\"2021-07-28T19:46:00+00:00\" \/>\n<meta name=\"twitter:card\" content=\"summary_large_image\" \/>\n<meta name=\"twitter:label1\" content=\"Gesch\u00e4tzte Lesezeit\" \/>\n\t<meta name=\"twitter:data1\" content=\"4\u00a0Minuten\" \/>\n<script type=\"application\/ld+json\" class=\"yoast-schema-graph\">{\"@context\":\"https:\/\/schema.org\",\"@graph\":[{\"@type\":\"WebPage\",\"@id\":\"https:\/\/metalgar.com\/de\/datenschutzrichtlinie\/\",\"url\":\"https:\/\/metalgar.com\/de\/datenschutzrichtlinie\/\",\"name\":\"Datenschutzerkl\u00e4rung - METALGAR S.L.\",\"isPartOf\":{\"@id\":\"https:\/\/metalgar.com\/de\/#website\"},\"datePublished\":\"2021-07-21T19:12:20+00:00\",\"dateModified\":\"2021-07-28T19:46:00+00:00\",\"breadcrumb\":{\"@id\":\"https:\/\/metalgar.com\/de\/datenschutzrichtlinie\/#breadcrumb\"},\"inLanguage\":\"de\",\"potentialAction\":[{\"@type\":\"ReadAction\",\"target\":[\"https:\/\/metalgar.com\/de\/datenschutzrichtlinie\/\"]}]},{\"@type\":\"BreadcrumbList\",\"@id\":\"https:\/\/metalgar.com\/de\/datenschutzrichtlinie\/#breadcrumb\",\"itemListElement\":[{\"@type\":\"ListItem\",\"position\":1,\"name\":\"Portada\",\"item\":\"https:\/\/metalgar.com\/de\/\"},{\"@type\":\"ListItem\",\"position\":2,\"name\":\"Datenschutzerkl\u00e4rung\"}]},{\"@type\":\"WebSite\",\"@id\":\"https:\/\/metalgar.com\/de\/#website\",\"url\":\"https:\/\/metalgar.com\/de\/\",\"name\":\"METALGAR S.L.\",\"description\":\"Inyecci\u00f3n y Extrusi\u00f3n de Pl\u00e1sticos - Log\u00edstica\",\"publisher\":{\"@id\":\"https:\/\/metalgar.com\/de\/#organization\"},\"potentialAction\":[{\"@type\":\"SearchAction\",\"target\":{\"@type\":\"EntryPoint\",\"urlTemplate\":\"https:\/\/metalgar.com\/de\/?s={search_term_string}\"},\"query-input\":{\"@type\":\"PropertyValueSpecification\",\"valueRequired\":true,\"valueName\":\"search_term_string\"}}],\"inLanguage\":\"de\"},{\"@type\":\"Organization\",\"@id\":\"https:\/\/metalgar.com\/de\/#organization\",\"name\":\"METALGAR S.L.\",\"url\":\"https:\/\/metalgar.com\/de\/\",\"logo\":{\"@type\":\"ImageObject\",\"inLanguage\":\"de\",\"@id\":\"https:\/\/metalgar.com\/de\/#\/schema\/logo\/image\/\",\"url\":\"https:\/\/metalgar.com\/wp-content\/uploads\/metalgar-plastics-logistics.png\",\"contentUrl\":\"https:\/\/metalgar.com\/wp-content\/uploads\/metalgar-plastics-logistics.png\",\"width\":240,\"height\":58,\"caption\":\"METALGAR S.L.\"},\"image\":{\"@id\":\"https:\/\/metalgar.com\/de\/#\/schema\/logo\/image\/\"}}]}<\/script>\n<!-- \/ Yoast SEO plugin. -->","yoast_head_json":{"title":"Datenschutzerkl\u00e4rung - METALGAR S.L.","robots":{"index":"index","follow":"follow","max-snippet":"max-snippet:-1","max-image-preview":"max-image-preview:large","max-video-preview":"max-video-preview:-1"},"canonical":"https:\/\/metalgar.com\/de\/datenschutzrichtlinie\/","og_locale":"de_DE","og_type":"article","og_title":"Datenschutzerkl\u00e4rung - METALGAR S.L.","og_description":"\u00dcber uns Unsere Web-Adresse lautet: http:\/\/metalgar.com\/ In \u00dcbereinstimmung mit dem geltenden Organgesetz 15\/1999 \u00fcber den Schutz personenbezogener Daten informiert METALGAR S.L., dass die personenbezogenen Daten der Benutzer der Website in eine automatisierte Datei aufgenommen und verarbeitet werden, die Eigentum von METALGAR S.L. ist und ausschlie\u00dflich zu dem Zweck verwaltet wird, der im jeweiligen Antwortformular oder [&hellip;]","og_url":"https:\/\/metalgar.com\/de\/datenschutzrichtlinie\/","og_site_name":"METALGAR S.L.","article_modified_time":"2021-07-28T19:46:00+00:00","twitter_card":"summary_large_image","twitter_misc":{"Gesch\u00e4tzte Lesezeit":"4\u00a0Minuten"},"schema":{"@context":"https:\/\/schema.org","@graph":[{"@type":"WebPage","@id":"https:\/\/metalgar.com\/de\/datenschutzrichtlinie\/","url":"https:\/\/metalgar.com\/de\/datenschutzrichtlinie\/","name":"Datenschutzerkl\u00e4rung - METALGAR S.L.","isPartOf":{"@id":"https:\/\/metalgar.com\/de\/#website"},"datePublished":"2021-07-21T19:12:20+00:00","dateModified":"2021-07-28T19:46:00+00:00","breadcrumb":{"@id":"https:\/\/metalgar.com\/de\/datenschutzrichtlinie\/#breadcrumb"},"inLanguage":"de","potentialAction":[{"@type":"ReadAction","target":["https:\/\/metalgar.com\/de\/datenschutzrichtlinie\/"]}]},{"@type":"BreadcrumbList","@id":"https:\/\/metalgar.com\/de\/datenschutzrichtlinie\/#breadcrumb","itemListElement":[{"@type":"ListItem","position":1,"name":"Portada","item":"https:\/\/metalgar.com\/de\/"},{"@type":"ListItem","position":2,"name":"Datenschutzerkl\u00e4rung"}]},{"@type":"WebSite","@id":"https:\/\/metalgar.com\/de\/#website","url":"https:\/\/metalgar.com\/de\/","name":"METALGAR S.L.","description":"Inyecci\u00f3n y Extrusi\u00f3n de Pl\u00e1sticos - Log\u00edstica","publisher":{"@id":"https:\/\/metalgar.com\/de\/#organization"},"potentialAction":[{"@type":"SearchAction","target":{"@type":"EntryPoint","urlTemplate":"https:\/\/metalgar.com\/de\/?s={search_term_string}"},"query-input":{"@type":"PropertyValueSpecification","valueRequired":true,"valueName":"search_term_string"}}],"inLanguage":"de"},{"@type":"Organization","@id":"https:\/\/metalgar.com\/de\/#organization","name":"METALGAR S.L.","url":"https:\/\/metalgar.com\/de\/","logo":{"@type":"ImageObject","inLanguage":"de","@id":"https:\/\/metalgar.com\/de\/#\/schema\/logo\/image\/","url":"https:\/\/metalgar.com\/wp-content\/uploads\/metalgar-plastics-logistics.png","contentUrl":"https:\/\/metalgar.com\/wp-content\/uploads\/metalgar-plastics-logistics.png","width":240,"height":58,"caption":"METALGAR S.L."},"image":{"@id":"https:\/\/metalgar.com\/de\/#\/schema\/logo\/image\/"}}]}},"_links":{"self":[{"href":"https:\/\/metalgar.com\/de\/wp-json\/wp\/v2\/pages\/2732","targetHints":{"allow":["GET"]}}],"collection":[{"href":"https:\/\/metalgar.com\/de\/wp-json\/wp\/v2\/pages"}],"about":[{"href":"https:\/\/metalgar.com\/de\/wp-json\/wp\/v2\/types\/page"}],"author":[{"embeddable":true,"href":"https:\/\/metalgar.com\/de\/wp-json\/wp\/v2\/users\/1"}],"replies":[{"embeddable":true,"href":"https:\/\/metalgar.com\/de\/wp-json\/wp\/v2\/comments?post=2732"}],"version-history":[{"count":3,"href":"https:\/\/metalgar.com\/de\/wp-json\/wp\/v2\/pages\/2732\/revisions"}],"predecessor-version":[{"id":3405,"href":"https:\/\/metalgar.com\/de\/wp-json\/wp\/v2\/pages\/2732\/revisions\/3405"}],"wp:attachment":[{"href":"https:\/\/metalgar.com\/de\/wp-json\/wp\/v2\/media?parent=2732"}],"curies":[{"name":"wp","href":"https:\/\/api.w.org\/{rel}","templated":true}]}}