{"id":2734,"date":"2021-07-21T19:13:23","date_gmt":"2021-07-21T19:13:23","guid":{"rendered":"http:\/\/metalgar.com\/impressum\/"},"modified":"2021-07-28T19:50:34","modified_gmt":"2021-07-28T19:50:34","slug":"rechtshinweis","status":"publish","type":"page","link":"https:\/\/metalgar.com\/de\/rechtshinweis\/","title":{"rendered":"Rechtshinweis"},"content":{"rendered":"\n<h2 class=\"wp-block-heading\">RECHTLICHER HINWEIS<\/h2>\n\n\n\n<p>Die Website www.metalgar.com ist eine Internet-Domain im Besitz von METALGAR S.L. (CIF B-28630580) mit Adresse in Calle Herm\u00e9s 37, 28880 Meco, Madrid \u2013 Telefon 918860685.<br>Dieser rechtliche Hinweis regelt die Nutzung dieser Domain. Die Nutzung dieser Website setzt voraus, dass der Benutzer die in dieser Mitteilung enthaltenen Nutzungsbedingungen sowie unsere Richtlinien zu Datenschutzrichtlinien und Cookie-Richtlinien akzeptiert. Dar\u00fcber hinaus weist METALGAR S.L. darauf hin, dass sowohl die Inhalte und Dienstleistungen dieser Website als auch die Nutzungsbedingungen selbst ohne vorherige Ank\u00fcndigung ge\u00e4ndert werden k\u00f6nnen.<\/p>\n\n\n\n<h2 class=\"wp-block-heading\">NUTZUNGSBEDINGUNGEN<\/h2>\n\n\n\n<ol class=\"wp-block-list\"><li>Der Benutzer unterliegt den Grunds\u00e4tzen der Rechtm\u00e4\u00dfigkeit, des guten Glaubens und der \u00f6ffentlichen Ordnung und ist daher f\u00fcr die Wahrhaftigkeit der angegebenen Daten verantwortlich. Er ist daher allein f\u00fcr die von ihm gemachten Unwahrheiten oder Ungenauigkeiten und f\u00fcr Sch\u00e4den verantwortlich.<\/li><li>Es ist verboten, den Inhalt dieser Seite zu vervielf\u00e4ltigen, zu verbreiten, zu ver\u00e4ndern oder zu kopieren, es sei denn, es liegt eine Genehmigung des Inhabers der Domain vor oder es besteht eine gesetzliche Erlaubnis.<\/li><li>Es ist zu beachten, dass Minderj\u00e4hrige die Erlaubnis ihrer Eltern, Erziehungsberechtigten oder gesetzlichen Vertreter einholen m\u00fcssen, um auf die angebotenen Dienste zugreifen zu k\u00f6nnen. METALGAR S.L. ist nicht verantwortlich f\u00fcr den Fall, dass die Daten zu diesem Thema ungenau oder falsch sind.<\/li><li>METALGAR S.L. ist nicht verantwortlich f\u00fcr die LINKS zu anderen Internetseiten von Dritten und ihre Existenz bedeutet nicht, dass METALGAR S.L. deren Inhalte und Dienstleistungen billigt oder akzeptiert. Diese anderen Webseiten werden nicht von METALGAR S.L. kontrolliert und fallen nicht unter diese Datenschutzrichtlinie. Wenn Sie \u00fcber die angegebenen Links auf andere Webseiten zugreifen, k\u00f6nnen die Betreiber dieser Websites Ihre personenbezogenen Daten erfassen. Bitte vergewissern Sie sich, dass Sie mit den Datenschutzrichtlinien dieser Webseiten von Drittanbietern einverstanden sind, bevor Sie personenbezogene Daten angeben.<\/li><\/ol>\n\n\n\n<h2 class=\"wp-block-heading\">DATENSCHUTZ<\/h2>\n\n\n\n<p>In \u00dcbereinstimmung mit dem geltenden Organgesetz 15\/1999 \u00fcber den Schutz personenbezogener Daten informiert METALGAR S.L., dass die personenbezogenen Daten der Benutzer der Website in eine automatisierte Datei aufgenommen und verarbeitet werden, die Eigentum von METALGAR S.L. ist und ausschlie\u00dflich zu dem Zweck verwaltet wird, der im jeweiligen Antwortformular oder -medium beschrieben ist. Durch Klicken der Schaltfl\u00e4che \u201eSENDEN\u201c stimmt der Benutzer der Verarbeitung seiner Daten durch METALGAR S.L. zu.<br><br>Der Benutzer wird au\u00dferdem dar\u00fcber informiert, dass er jederzeit die im Organgesetz 15\/1999 vom 13. Dezember 1999 \u00fcber den Schutz personenbezogener Daten anerkannten Rechte auf Zugang, Berichtigung, L\u00f6schung und Widerspruch aus\u00fcben kann, indem er METALGAR S.L., Calle Herm\u00e9s 37, 28880 Meco, Madrid, benachrichtigt. Dar\u00fcber hinaus verpflichtet sich METALGAR S.L. gem\u00e4\u00df den Bestimmungen des Gesetzes 34\/2002 vom 11. Juli \u00fcber die Dienste der Informationsgesellschaft und den elektronischen Handel, keine Werbung per E-Mail zu versenden, ohne zuvor die ausdr\u00fcckliche Genehmigung des Empf\u00e4ngers eingeholt zu haben. Der Benutzer kann der Zusendung von Werbung widersprechen, indem er das entsprechende K\u00e4stchen ankreuzt.<br>METALGAR S.L. verpflichtet sich, dass die angeforderten personenbezogenen Daten unbedingt notwendig sind, um die angeforderte Dienstleistung auszuf\u00fchren. Sie werden gegebenenfalls darauf hingewiesen, dass Sie verpflichtet sind, bestimmte Angaben zu machen, ohne die der Dienst nicht erbracht werden kann.<br><br>Ebenso verpflichtet sich METALGAR S.L. als Verantwortlicher f\u00fcr die Datei, die Geheimhaltung und Vertraulichkeit der ihr zur Verf\u00fcgung gestellten personenbezogenen Daten zu wahren und alle notwendigen Sicherheitsma\u00dfnahmen zu ergreifen, um deren Verlust, \u00c4nderung ohne Zustimmung oder unbefugten Zugriff zu vermeiden, in \u00dcbereinstimmung mit der Verordnung zur Entwicklung der LOPD, die durch das K\u00f6nigliche Dekret 1720\/2007 vom 21. Dezember genehmigt wurde.<\/p>\n","protected":false},"excerpt":{"rendered":"<p>RECHTLICHER HINWEIS Die Website www.metalgar.com ist eine Internet-Domain im Besitz von METALGAR S.L. (CIF B-28630580) mit Adresse in Calle Herm\u00e9s 37, 28880 Meco, Madrid \u2013 Telefon 918860685.Dieser rechtliche Hinweis regelt die Nutzung dieser Domain. Die Nutzung dieser Website setzt voraus, dass der Benutzer die in dieser Mitteilung enthaltenen Nutzungsbedingungen sowie unsere Richtlinien zu Datenschutzrichtlinien und [&hellip;]<\/p>\n","protected":false},"author":1,"featured_media":0,"parent":0,"menu_order":0,"comment_status":"closed","ping_status":"closed","template":"","meta":{"footnotes":""},"class_list":["post-2734","page","type-page","status-publish","hentry"],"yoast_head":"<!-- This site is optimized with the Yoast SEO plugin v25.9 - https:\/\/yoast.com\/wordpress\/plugins\/seo\/ -->\n<title>Rechtshinweis - METALGAR S.L.<\/title>\n<meta name=\"robots\" content=\"index, follow, max-snippet:-1, max-image-preview:large, max-video-preview:-1\" \/>\n<link rel=\"canonical\" href=\"https:\/\/metalgar.com\/de\/rechtshinweis\/\" \/>\n<meta property=\"og:locale\" content=\"de_DE\" \/>\n<meta property=\"og:type\" content=\"article\" \/>\n<meta property=\"og:title\" content=\"Rechtshinweis - METALGAR S.L.\" \/>\n<meta property=\"og:description\" content=\"RECHTLICHER HINWEIS Die Website www.metalgar.com ist eine Internet-Domain im Besitz von METALGAR S.L. (CIF B-28630580) mit Adresse in Calle Herm\u00e9s 37, 28880 Meco, Madrid \u2013 Telefon 918860685.Dieser rechtliche Hinweis regelt die Nutzung dieser Domain. Die Nutzung dieser Website setzt voraus, dass der Benutzer die in dieser Mitteilung enthaltenen Nutzungsbedingungen sowie unsere Richtlinien zu Datenschutzrichtlinien und [&hellip;]\" \/>\n<meta property=\"og:url\" content=\"https:\/\/metalgar.com\/de\/rechtshinweis\/\" \/>\n<meta property=\"og:site_name\" content=\"METALGAR S.L.\" \/>\n<meta property=\"article:modified_time\" content=\"2021-07-28T19:50:34+00:00\" \/>\n<meta name=\"twitter:card\" content=\"summary_large_image\" \/>\n<meta name=\"twitter:label1\" content=\"Gesch\u00e4tzte Lesezeit\" \/>\n\t<meta name=\"twitter:data1\" content=\"3\u00a0Minuten\" \/>\n<script type=\"application\/ld+json\" class=\"yoast-schema-graph\">{\"@context\":\"https:\/\/schema.org\",\"@graph\":[{\"@type\":\"WebPage\",\"@id\":\"https:\/\/metalgar.com\/de\/rechtshinweis\/\",\"url\":\"https:\/\/metalgar.com\/de\/rechtshinweis\/\",\"name\":\"Rechtshinweis - METALGAR S.L.\",\"isPartOf\":{\"@id\":\"https:\/\/metalgar.com\/de\/#website\"},\"datePublished\":\"2021-07-21T19:13:23+00:00\",\"dateModified\":\"2021-07-28T19:50:34+00:00\",\"breadcrumb\":{\"@id\":\"https:\/\/metalgar.com\/de\/rechtshinweis\/#breadcrumb\"},\"inLanguage\":\"de\",\"potentialAction\":[{\"@type\":\"ReadAction\",\"target\":[\"https:\/\/metalgar.com\/de\/rechtshinweis\/\"]}]},{\"@type\":\"BreadcrumbList\",\"@id\":\"https:\/\/metalgar.com\/de\/rechtshinweis\/#breadcrumb\",\"itemListElement\":[{\"@type\":\"ListItem\",\"position\":1,\"name\":\"Portada\",\"item\":\"https:\/\/metalgar.com\/de\/\"},{\"@type\":\"ListItem\",\"position\":2,\"name\":\"Rechtshinweis\"}]},{\"@type\":\"WebSite\",\"@id\":\"https:\/\/metalgar.com\/de\/#website\",\"url\":\"https:\/\/metalgar.com\/de\/\",\"name\":\"METALGAR S.L.\",\"description\":\"Inyecci\u00f3n y Extrusi\u00f3n de Pl\u00e1sticos - Log\u00edstica\",\"publisher\":{\"@id\":\"https:\/\/metalgar.com\/de\/#organization\"},\"potentialAction\":[{\"@type\":\"SearchAction\",\"target\":{\"@type\":\"EntryPoint\",\"urlTemplate\":\"https:\/\/metalgar.com\/de\/?s={search_term_string}\"},\"query-input\":{\"@type\":\"PropertyValueSpecification\",\"valueRequired\":true,\"valueName\":\"search_term_string\"}}],\"inLanguage\":\"de\"},{\"@type\":\"Organization\",\"@id\":\"https:\/\/metalgar.com\/de\/#organization\",\"name\":\"METALGAR S.L.\",\"url\":\"https:\/\/metalgar.com\/de\/\",\"logo\":{\"@type\":\"ImageObject\",\"inLanguage\":\"de\",\"@id\":\"https:\/\/metalgar.com\/de\/#\/schema\/logo\/image\/\",\"url\":\"https:\/\/metalgar.com\/wp-content\/uploads\/metalgar-plastics-logistics.png\",\"contentUrl\":\"https:\/\/metalgar.com\/wp-content\/uploads\/metalgar-plastics-logistics.png\",\"width\":240,\"height\":58,\"caption\":\"METALGAR S.L.\"},\"image\":{\"@id\":\"https:\/\/metalgar.com\/de\/#\/schema\/logo\/image\/\"}}]}<\/script>\n<!-- \/ Yoast SEO plugin. -->","yoast_head_json":{"title":"Rechtshinweis - METALGAR S.L.","robots":{"index":"index","follow":"follow","max-snippet":"max-snippet:-1","max-image-preview":"max-image-preview:large","max-video-preview":"max-video-preview:-1"},"canonical":"https:\/\/metalgar.com\/de\/rechtshinweis\/","og_locale":"de_DE","og_type":"article","og_title":"Rechtshinweis - METALGAR S.L.","og_description":"RECHTLICHER HINWEIS Die Website www.metalgar.com ist eine Internet-Domain im Besitz von METALGAR S.L. (CIF B-28630580) mit Adresse in Calle Herm\u00e9s 37, 28880 Meco, Madrid \u2013 Telefon 918860685.Dieser rechtliche Hinweis regelt die Nutzung dieser Domain. Die Nutzung dieser Website setzt voraus, dass der Benutzer die in dieser Mitteilung enthaltenen Nutzungsbedingungen sowie unsere Richtlinien zu Datenschutzrichtlinien und [&hellip;]","og_url":"https:\/\/metalgar.com\/de\/rechtshinweis\/","og_site_name":"METALGAR S.L.","article_modified_time":"2021-07-28T19:50:34+00:00","twitter_card":"summary_large_image","twitter_misc":{"Gesch\u00e4tzte Lesezeit":"3\u00a0Minuten"},"schema":{"@context":"https:\/\/schema.org","@graph":[{"@type":"WebPage","@id":"https:\/\/metalgar.com\/de\/rechtshinweis\/","url":"https:\/\/metalgar.com\/de\/rechtshinweis\/","name":"Rechtshinweis - METALGAR S.L.","isPartOf":{"@id":"https:\/\/metalgar.com\/de\/#website"},"datePublished":"2021-07-21T19:13:23+00:00","dateModified":"2021-07-28T19:50:34+00:00","breadcrumb":{"@id":"https:\/\/metalgar.com\/de\/rechtshinweis\/#breadcrumb"},"inLanguage":"de","potentialAction":[{"@type":"ReadAction","target":["https:\/\/metalgar.com\/de\/rechtshinweis\/"]}]},{"@type":"BreadcrumbList","@id":"https:\/\/metalgar.com\/de\/rechtshinweis\/#breadcrumb","itemListElement":[{"@type":"ListItem","position":1,"name":"Portada","item":"https:\/\/metalgar.com\/de\/"},{"@type":"ListItem","position":2,"name":"Rechtshinweis"}]},{"@type":"WebSite","@id":"https:\/\/metalgar.com\/de\/#website","url":"https:\/\/metalgar.com\/de\/","name":"METALGAR S.L.","description":"Inyecci\u00f3n y Extrusi\u00f3n de Pl\u00e1sticos - Log\u00edstica","publisher":{"@id":"https:\/\/metalgar.com\/de\/#organization"},"potentialAction":[{"@type":"SearchAction","target":{"@type":"EntryPoint","urlTemplate":"https:\/\/metalgar.com\/de\/?s={search_term_string}"},"query-input":{"@type":"PropertyValueSpecification","valueRequired":true,"valueName":"search_term_string"}}],"inLanguage":"de"},{"@type":"Organization","@id":"https:\/\/metalgar.com\/de\/#organization","name":"METALGAR S.L.","url":"https:\/\/metalgar.com\/de\/","logo":{"@type":"ImageObject","inLanguage":"de","@id":"https:\/\/metalgar.com\/de\/#\/schema\/logo\/image\/","url":"https:\/\/metalgar.com\/wp-content\/uploads\/metalgar-plastics-logistics.png","contentUrl":"https:\/\/metalgar.com\/wp-content\/uploads\/metalgar-plastics-logistics.png","width":240,"height":58,"caption":"METALGAR S.L."},"image":{"@id":"https:\/\/metalgar.com\/de\/#\/schema\/logo\/image\/"}}]}},"_links":{"self":[{"href":"https:\/\/metalgar.com\/de\/wp-json\/wp\/v2\/pages\/2734","targetHints":{"allow":["GET"]}}],"collection":[{"href":"https:\/\/metalgar.com\/de\/wp-json\/wp\/v2\/pages"}],"about":[{"href":"https:\/\/metalgar.com\/de\/wp-json\/wp\/v2\/types\/page"}],"author":[{"embeddable":true,"href":"https:\/\/metalgar.com\/de\/wp-json\/wp\/v2\/users\/1"}],"replies":[{"embeddable":true,"href":"https:\/\/metalgar.com\/de\/wp-json\/wp\/v2\/comments?post=2734"}],"version-history":[{"count":2,"href":"https:\/\/metalgar.com\/de\/wp-json\/wp\/v2\/pages\/2734\/revisions"}],"predecessor-version":[{"id":3407,"href":"https:\/\/metalgar.com\/de\/wp-json\/wp\/v2\/pages\/2734\/revisions\/3407"}],"wp:attachment":[{"href":"https:\/\/metalgar.com\/de\/wp-json\/wp\/v2\/media?parent=2734"}],"curies":[{"name":"wp","href":"https:\/\/api.w.org\/{rel}","templated":true}]}}