{"id":2755,"date":"2021-07-21T19:40:48","date_gmt":"2021-07-21T19:40:48","guid":{"rendered":"http:\/\/metalgar.com\/team\/"},"modified":"2022-09-09T09:24:06","modified_gmt":"2022-09-09T09:24:06","slug":"team","status":"publish","type":"page","link":"https:\/\/metalgar.com\/de\/team\/","title":{"rendered":"Team"},"content":{"rendered":"\t\t<div data-elementor-type=\"wp-page\" data-elementor-id=\"2755\" class=\"elementor elementor-2755 elementor-1209\">\n\t\t\t\t\t\t<section class=\"elementor-section elementor-top-section elementor-element elementor-element-abab083 elementor-section-full_width elementor-section-height-default elementor-section-height-default\" data-id=\"abab083\" data-element_type=\"section\">\n\t\t\t\t\t\t<div class=\"elementor-container elementor-column-gap-no\">\n\t\t\t\t\t<div class=\"elementor-column elementor-col-100 elementor-top-column elementor-element elementor-element-92ac0fb\" data-id=\"92ac0fb\" data-element_type=\"column\">\n\t\t\t<div class=\"elementor-widget-wrap elementor-element-populated\">\n\t\t\t\t\t\t<div class=\"elementor-element elementor-element-84b02f7 elementor-widget elementor-widget-heading\" data-id=\"84b02f7\" data-element_type=\"widget\" data-widget_type=\"heading.default\">\n\t\t\t\t<div class=\"elementor-widget-container\">\n\t\t\t\t\t<h6 class=\"elementor-heading-title elementor-size-default\">PERSONAL<\/h6>\t\t\t\t<\/div>\n\t\t\t\t<\/div>\n\t\t\t\t<div class=\"elementor-element elementor-element-0a7c843 elementor-widget elementor-widget-heading\" data-id=\"0a7c843\" data-element_type=\"widget\" data-widget_type=\"heading.default\">\n\t\t\t\t<div class=\"elementor-widget-container\">\n\t\t\t\t\t<h2 class=\"elementor-heading-title elementor-size-default\">F\u00fchrungsteam<\/h2>\t\t\t\t<\/div>\n\t\t\t\t<\/div>\n\t\t\t\t\t<\/div>\n\t\t<\/div>\n\t\t\t\t\t<\/div>\n\t\t<\/section>\n\t\t\t\t<section class=\"elementor-section elementor-top-section elementor-element elementor-element-df5645f elementor-section-boxed elementor-section-height-default elementor-section-height-default\" data-id=\"df5645f\" data-element_type=\"section\">\n\t\t\t\t\t\t<div class=\"elementor-container elementor-column-gap-default\">\n\t\t\t\t\t<div class=\"elementor-column elementor-col-100 elementor-top-column elementor-element elementor-element-7463cbf\" data-id=\"7463cbf\" data-element_type=\"column\">\n\t\t\t<div class=\"elementor-widget-wrap elementor-element-populated\">\n\t\t\t\t\t\t\t<\/div>\n\t\t<\/div>\n\t\t\t\t\t<\/div>\n\t\t<\/section>\n\t\t\t\t<section class=\"elementor-section elementor-top-section elementor-element elementor-element-56c3c82 elementor-section-boxed elementor-section-height-default elementor-section-height-default\" data-id=\"56c3c82\" data-element_type=\"section\">\n\t\t\t\t\t\t<div class=\"elementor-container elementor-column-gap-narrow\">\n\t\t\t\t\t<div class=\"elementor-column elementor-col-50 elementor-top-column elementor-element elementor-element-c435ea0\" data-id=\"c435ea0\" data-element_type=\"column\" data-settings=\"{&quot;background_background&quot;:&quot;classic&quot;}\">\n\t\t\t<div class=\"elementor-widget-wrap elementor-element-populated\">\n\t\t\t\t\t\t<div class=\"elementor-element elementor-element-300c403 elementor-widget elementor-widget-image\" data-id=\"300c403\" data-element_type=\"widget\" data-widget_type=\"image.default\">\n\t\t\t\t<div class=\"elementor-widget-container\">\n\t\t\t\t\t\t\t\t\t\t\t\t\t\t\t<img fetchpriority=\"high\" decoding=\"async\" width=\"640\" height=\"427\" src=\"https:\/\/metalgar.com\/wp-content\/uploads\/metalgar-plasticos-logistica-5-1024x683.jpg\" class=\"attachment-large size-large wp-image-1653\" alt=\"\" srcset=\"https:\/\/metalgar.com\/wp-content\/uploads\/metalgar-plasticos-logistica-5-1024x683.jpg 1024w, https:\/\/metalgar.com\/wp-content\/uploads\/metalgar-plasticos-logistica-5-300x200.jpg 300w, https:\/\/metalgar.com\/wp-content\/uploads\/metalgar-plasticos-logistica-5-768x512.jpg 768w, https:\/\/metalgar.com\/wp-content\/uploads\/metalgar-plasticos-logistica-5-1536x1024.jpg 1536w, https:\/\/metalgar.com\/wp-content\/uploads\/metalgar-plasticos-logistica-5.jpg 1920w\" sizes=\"(max-width: 640px) 100vw, 640px\" \/>\t\t\t\t\t\t\t\t\t\t\t\t\t\t\t<\/div>\n\t\t\t\t<\/div>\n\t\t\t\t<div class=\"elementor-element elementor-element-1e75ca1 elementor-widget elementor-widget-heading\" data-id=\"1e75ca1\" data-element_type=\"widget\" data-widget_type=\"heading.default\">\n\t\t\t\t<div class=\"elementor-widget-container\">\n\t\t\t\t\t<h2 class=\"elementor-heading-title elementor-size-default\">Gregorio G\u00f3mez<\/h2>\t\t\t\t<\/div>\n\t\t\t\t<\/div>\n\t\t\t\t<div class=\"elementor-element elementor-element-7dc2247 elementor-widget elementor-widget-heading\" data-id=\"7dc2247\" data-element_type=\"widget\" data-widget_type=\"heading.default\">\n\t\t\t\t<div class=\"elementor-widget-container\">\n\t\t\t\t\t<h2 class=\"elementor-heading-title elementor-size-default\">VERWALTUNG UND FINANZEN<\/h2>\t\t\t\t<\/div>\n\t\t\t\t<\/div>\n\t\t\t\t\t<\/div>\n\t\t<\/div>\n\t\t\t\t<div class=\"elementor-column elementor-col-50 elementor-top-column elementor-element elementor-element-e6db967\" data-id=\"e6db967\" data-element_type=\"column\" data-settings=\"{&quot;background_background&quot;:&quot;classic&quot;}\">\n\t\t\t<div class=\"elementor-widget-wrap elementor-element-populated\">\n\t\t\t\t\t\t<div class=\"elementor-element elementor-element-4f6f9f5 elementor-widget elementor-widget-image\" data-id=\"4f6f9f5\" data-element_type=\"widget\" data-widget_type=\"image.default\">\n\t\t\t\t<div class=\"elementor-widget-container\">\n\t\t\t\t\t\t\t\t\t\t\t\t\t\t\t<img decoding=\"async\" width=\"640\" height=\"427\" src=\"https:\/\/metalgar.com\/wp-content\/uploads\/metalgar-plasticos-logistica-8-1024x683.jpg\" class=\"attachment-large size-large wp-image-1661\" alt=\"\" srcset=\"https:\/\/metalgar.com\/wp-content\/uploads\/metalgar-plasticos-logistica-8-1024x683.jpg 1024w, https:\/\/metalgar.com\/wp-content\/uploads\/metalgar-plasticos-logistica-8-300x200.jpg 300w, https:\/\/metalgar.com\/wp-content\/uploads\/metalgar-plasticos-logistica-8-768x512.jpg 768w, https:\/\/metalgar.com\/wp-content\/uploads\/metalgar-plasticos-logistica-8-1536x1024.jpg 1536w, https:\/\/metalgar.com\/wp-content\/uploads\/metalgar-plasticos-logistica-8.jpg 1920w\" sizes=\"(max-width: 640px) 100vw, 640px\" \/>\t\t\t\t\t\t\t\t\t\t\t\t\t\t\t<\/div>\n\t\t\t\t<\/div>\n\t\t\t\t<div class=\"elementor-element elementor-element-1266df7 elementor-widget elementor-widget-heading\" data-id=\"1266df7\" data-element_type=\"widget\" data-widget_type=\"heading.default\">\n\t\t\t\t<div class=\"elementor-widget-container\">\n\t\t\t\t\t<h2 class=\"elementor-heading-title elementor-size-default\">Paqui Cerezo<\/h2>\t\t\t\t<\/div>\n\t\t\t\t<\/div>\n\t\t\t\t<div class=\"elementor-element elementor-element-4ddf2c2 elementor-widget elementor-widget-heading\" data-id=\"4ddf2c2\" data-element_type=\"widget\" data-widget_type=\"heading.default\">\n\t\t\t\t<div class=\"elementor-widget-container\">\n\t\t\t\t\t<h2 class=\"elementor-heading-title elementor-size-default\">LOGISTIK<\/h2>\t\t\t\t<\/div>\n\t\t\t\t<\/div>\n\t\t\t\t\t<\/div>\n\t\t<\/div>\n\t\t\t\t\t<\/div>\n\t\t<\/section>\n\t\t\t\t<section class=\"elementor-section elementor-top-section elementor-element elementor-element-6a04557 elementor-section-boxed elementor-section-height-default elementor-section-height-default\" data-id=\"6a04557\" data-element_type=\"section\">\n\t\t\t\t\t\t<div class=\"elementor-container elementor-column-gap-narrow\">\n\t\t\t\t\t<div class=\"elementor-column elementor-col-33 elementor-top-column elementor-element elementor-element-1be666b\" data-id=\"1be666b\" data-element_type=\"column\" data-settings=\"{&quot;background_background&quot;:&quot;classic&quot;}\">\n\t\t\t<div class=\"elementor-widget-wrap\">\n\t\t\t\t\t\t\t<\/div>\n\t\t<\/div>\n\t\t\t\t<div class=\"elementor-column elementor-col-33 elementor-top-column elementor-element elementor-element-f263f58\" data-id=\"f263f58\" data-element_type=\"column\" data-settings=\"{&quot;background_background&quot;:&quot;classic&quot;}\">\n\t\t\t<div class=\"elementor-widget-wrap elementor-element-populated\">\n\t\t\t\t\t\t<div class=\"elementor-element elementor-element-471e3bb elementor-widget elementor-widget-image\" data-id=\"471e3bb\" data-element_type=\"widget\" data-widget_type=\"image.default\">\n\t\t\t\t<div class=\"elementor-widget-container\">\n\t\t\t\t\t\t\t\t\t\t\t\t\t\t\t<img decoding=\"async\" width=\"640\" height=\"427\" src=\"https:\/\/metalgar.com\/wp-content\/uploads\/metalgar-plasticos-logistica-1-1024x683.jpg\" class=\"attachment-large size-large wp-image-1645\" alt=\"\" srcset=\"https:\/\/metalgar.com\/wp-content\/uploads\/metalgar-plasticos-logistica-1-1024x683.jpg 1024w, https:\/\/metalgar.com\/wp-content\/uploads\/metalgar-plasticos-logistica-1-300x200.jpg 300w, https:\/\/metalgar.com\/wp-content\/uploads\/metalgar-plasticos-logistica-1-768x512.jpg 768w, https:\/\/metalgar.com\/wp-content\/uploads\/metalgar-plasticos-logistica-1-1536x1024.jpg 1536w, https:\/\/metalgar.com\/wp-content\/uploads\/metalgar-plasticos-logistica-1.jpg 1920w\" sizes=\"(max-width: 640px) 100vw, 640px\" \/>\t\t\t\t\t\t\t\t\t\t\t\t\t\t\t<\/div>\n\t\t\t\t<\/div>\n\t\t\t\t<div class=\"elementor-element elementor-element-886fb67 elementor-widget elementor-widget-heading\" data-id=\"886fb67\" data-element_type=\"widget\" data-widget_type=\"heading.default\">\n\t\t\t\t<div class=\"elementor-widget-container\">\n\t\t\t\t\t<h2 class=\"elementor-heading-title elementor-size-default\">Olga S\u00e1nchez<\/h2>\t\t\t\t<\/div>\n\t\t\t\t<\/div>\n\t\t\t\t<div class=\"elementor-element elementor-element-e595de5 elementor-widget elementor-widget-heading\" data-id=\"e595de5\" data-element_type=\"widget\" data-widget_type=\"heading.default\">\n\t\t\t\t<div class=\"elementor-widget-container\">\n\t\t\t\t\t<h2 class=\"elementor-heading-title elementor-size-default\">QUALIT\u00c4T<\/h2>\t\t\t\t<\/div>\n\t\t\t\t<\/div>\n\t\t\t\t\t<\/div>\n\t\t<\/div>\n\t\t\t\t<div class=\"elementor-column elementor-col-33 elementor-top-column elementor-element elementor-element-45ca7d0\" data-id=\"45ca7d0\" data-element_type=\"column\" data-settings=\"{&quot;background_background&quot;:&quot;classic&quot;}\">\n\t\t\t<div class=\"elementor-widget-wrap\">\n\t\t\t\t\t\t\t<\/div>\n\t\t<\/div>\n\t\t\t\t\t<\/div>\n\t\t<\/section>\n\t\t\t\t<section class=\"elementor-section elementor-top-section elementor-element elementor-element-886e839 elementor-section-boxed elementor-section-height-default elementor-section-height-default\" data-id=\"886e839\" data-element_type=\"section\">\n\t\t\t\t\t\t<div class=\"elementor-container elementor-column-gap-narrow\">\n\t\t\t\t\t<div class=\"elementor-column elementor-col-33 elementor-top-column elementor-element elementor-element-6414238\" data-id=\"6414238\" data-element_type=\"column\" data-settings=\"{&quot;background_background&quot;:&quot;classic&quot;}\">\n\t\t\t<div class=\"elementor-widget-wrap\">\n\t\t\t\t\t\t\t<\/div>\n\t\t<\/div>\n\t\t\t\t<div class=\"elementor-column elementor-col-33 elementor-top-column elementor-element elementor-element-ee03d70\" data-id=\"ee03d70\" data-element_type=\"column\" data-settings=\"{&quot;background_background&quot;:&quot;classic&quot;}\">\n\t\t\t<div class=\"elementor-widget-wrap elementor-element-populated\">\n\t\t\t\t\t\t\t<\/div>\n\t\t<\/div>\n\t\t\t\t<div class=\"elementor-column elementor-col-33 elementor-top-column elementor-element elementor-element-72e1e9a\" data-id=\"72e1e9a\" data-element_type=\"column\" data-settings=\"{&quot;background_background&quot;:&quot;classic&quot;}\">\n\t\t\t<div class=\"elementor-widget-wrap\">\n\t\t\t\t\t\t\t<\/div>\n\t\t<\/div>\n\t\t\t\t\t<\/div>\n\t\t<\/section>\n\t\t\t\t<section class=\"elementor-section elementor-top-section elementor-element elementor-element-550c011 elementor-section-boxed elementor-section-height-default elementor-section-height-default\" data-id=\"550c011\" data-element_type=\"section\">\n\t\t\t\t\t\t<div class=\"elementor-container elementor-column-gap-no\">\n\t\t\t\t\t<div class=\"elementor-column elementor-col-100 elementor-top-column elementor-element elementor-element-9139bdc\" data-id=\"9139bdc\" data-element_type=\"column\">\n\t\t\t<div class=\"elementor-widget-wrap elementor-element-populated\">\n\t\t\t\t\t\t<div class=\"elementor-element elementor-element-2936350 elementor-widget elementor-widget-heading\" data-id=\"2936350\" data-element_type=\"widget\" data-widget_type=\"heading.default\">\n\t\t\t\t<div class=\"elementor-widget-container\">\n\t\t\t\t\t<h3 class=\"elementor-heading-title elementor-size-default\">El lema de METALGAR es \u201cpersonas para personas\u201d. Ello revela la vocaci\u00f3n de servicio, la importancia de nuestro equipo, comprometido, flexible y conectado con nuestra vocaci\u00f3n y prop\u00f3sito de servicio.<\/p>Nuestros recursos t\u00e9cnicos y tecnol\u00f3gicos est\u00e1n controlados, dise\u00f1ados y parametrizados por un equipo de personas cuyo objetivo es la satisfacci\u00f3n del cliente, la mejora continua y un elevado compromiso con nuestro prop\u00f3sito.<\/h3>\t\t\t\t<\/div>\n\t\t\t\t<\/div>\n\t\t\t\t\t<\/div>\n\t\t<\/div>\n\t\t\t\t\t<\/div>\n\t\t<\/section>\n\t\t\t\t<section class=\"elementor-section elementor-top-section elementor-element elementor-element-bb68c4a elementor-section-full_width elementor-section-height-default elementor-section-height-default\" data-id=\"bb68c4a\" data-element_type=\"section\">\n\t\t\t\t\t\t<div class=\"elementor-container elementor-column-gap-no\">\n\t\t\t\t\t<div class=\"elementor-column elementor-col-100 elementor-top-column elementor-element elementor-element-0b2c56e\" data-id=\"0b2c56e\" data-element_type=\"column\">\n\t\t\t<div class=\"elementor-widget-wrap elementor-element-populated\">\n\t\t\t\t\t\t<div class=\"elementor-element elementor-element-ededf6b elementor-widget elementor-widget-heading\" data-id=\"ededf6b\" data-element_type=\"widget\" data-widget_type=\"heading.default\">\n\t\t\t\t<div class=\"elementor-widget-container\">\n\t\t\t\t\t<h6 class=\"elementor-heading-title elementor-size-default\">PERSONAL<\/h6>\t\t\t\t<\/div>\n\t\t\t\t<\/div>\n\t\t\t\t<div class=\"elementor-element elementor-element-755f0f2 elementor-widget elementor-widget-heading\" data-id=\"755f0f2\" data-element_type=\"widget\" data-widget_type=\"heading.default\">\n\t\t\t\t<div class=\"elementor-widget-container\">\n\t\t\t\t\t<h2 class=\"elementor-heading-title elementor-size-default\">Unsere Mitarbeiter<\/h2>\t\t\t\t<\/div>\n\t\t\t\t<\/div>\n\t\t\t\t\t<\/div>\n\t\t<\/div>\n\t\t\t\t\t<\/div>\n\t\t<\/section>\n\t\t\t\t<section class=\"elementor-section elementor-top-section elementor-element elementor-element-84c9c1c elementor-section-boxed elementor-section-height-default elementor-section-height-default\" data-id=\"84c9c1c\" data-element_type=\"section\">\n\t\t\t\t\t\t<div class=\"elementor-container elementor-column-gap-default\">\n\t\t\t\t\t<div class=\"elementor-column elementor-col-100 elementor-top-column elementor-element elementor-element-e548f82\" data-id=\"e548f82\" data-element_type=\"column\">\n\t\t\t<div class=\"elementor-widget-wrap elementor-element-populated\">\n\t\t\t\t\t\t<div class=\"elementor-element elementor-element-c537454 elementor-widget elementor-widget-image\" data-id=\"c537454\" data-element_type=\"widget\" data-widget_type=\"image.default\">\n\t\t\t\t<div class=\"elementor-widget-container\">\n\t\t\t\t\t\t\t\t\t\t\t\t\t\t\t<img loading=\"lazy\" decoding=\"async\" width=\"1920\" height=\"1280\" src=\"https:\/\/metalgar.com\/wp-content\/uploads\/metalgar-plasticos-logistica-9.jpg\" class=\"attachment-full size-full wp-image-1486\" alt=\"\" srcset=\"https:\/\/metalgar.com\/wp-content\/uploads\/metalgar-plasticos-logistica-9.jpg 1920w, https:\/\/metalgar.com\/wp-content\/uploads\/metalgar-plasticos-logistica-9-300x200.jpg 300w, https:\/\/metalgar.com\/wp-content\/uploads\/metalgar-plasticos-logistica-9-1024x683.jpg 1024w, https:\/\/metalgar.com\/wp-content\/uploads\/metalgar-plasticos-logistica-9-768x512.jpg 768w, https:\/\/metalgar.com\/wp-content\/uploads\/metalgar-plasticos-logistica-9-1536x1024.jpg 1536w\" sizes=\"(max-width: 1920px) 100vw, 1920px\" \/>\t\t\t\t\t\t\t\t\t\t\t\t\t\t\t<\/div>\n\t\t\t\t<\/div>\n\t\t\t\t\t<\/div>\n\t\t<\/div>\n\t\t\t\t\t<\/div>\n\t\t<\/section>\n\t\t\t\t<section class=\"elementor-section elementor-top-section elementor-element elementor-element-a28578d elementor-section-boxed elementor-section-height-default elementor-section-height-default\" data-id=\"a28578d\" data-element_type=\"section\">\n\t\t\t\t\t\t<div class=\"elementor-container elementor-column-gap-no\">\n\t\t\t\t\t<div class=\"elementor-column elementor-col-100 elementor-top-column elementor-element elementor-element-1b2cda2\" data-id=\"1b2cda2\" data-element_type=\"column\">\n\t\t\t<div class=\"elementor-widget-wrap elementor-element-populated\">\n\t\t\t\t\t\t<div class=\"elementor-element elementor-element-f6e29e9 elementor-widget elementor-widget-heading\" data-id=\"f6e29e9\" data-element_type=\"widget\" data-widget_type=\"heading.default\">\n\t\t\t\t<div class=\"elementor-widget-container\">\n\t\t\t\t\t<h3 class=\"elementor-heading-title elementor-size-default\">Wir bei METALGAR sind stolz darauf, \u00fcber ein Team zu verf\u00fcgen, das sich in hohem Ma\u00dfe f\u00fcr unsere Ziele einsetzt und stark auf die Einhaltung und Verbesserung etablierter Verfahren bedacht ist.  Wir kombinieren die Energie und Innovation der Jugend mit der Erfahrung und dem Know-how von Menschen, die schon seit vielen Jahren bei uns sind.<\/h3>\t\t\t\t<\/div>\n\t\t\t\t<\/div>\n\t\t\t\t<div class=\"elementor-element elementor-element-7fea6ad elementor-widget elementor-widget-spacer\" data-id=\"7fea6ad\" data-element_type=\"widget\" data-widget_type=\"spacer.default\">\n\t\t\t\t<div class=\"elementor-widget-container\">\n\t\t\t\t\t\t\t<div class=\"elementor-spacer\">\n\t\t\t<div class=\"elementor-spacer-inner\"><\/div>\n\t\t<\/div>\n\t\t\t\t\t\t<\/div>\n\t\t\t\t<\/div>\n\t\t\t\t\t<\/div>\n\t\t<\/div>\n\t\t\t\t\t<\/div>\n\t\t<\/section>\n\t\t\t\t<\/div>\n\t\t","protected":false},"excerpt":{"rendered":"<p>PERSONAL F\u00fchrungsteam Gregorio G\u00f3mez VERWALTUNG UND FINANZEN Paqui Cerezo LOGISTIK Olga S\u00e1nchez QUALIT\u00c4T El lema de METALGAR es \u201cpersonas para personas\u201d. Ello revela la vocaci\u00f3n de servicio, la importancia de nuestro equipo, comprometido, flexible y conectado con nuestra vocaci\u00f3n y prop\u00f3sito de servicio. Nuestros recursos t\u00e9cnicos y tecnol\u00f3gicos est\u00e1n controlados, dise\u00f1ados y parametrizados por un [&hellip;]<\/p>\n","protected":false},"author":1,"featured_media":0,"parent":0,"menu_order":0,"comment_status":"closed","ping_status":"closed","template":"elementor_header_footer","meta":{"footnotes":""},"class_list":["post-2755","page","type-page","status-publish","hentry"],"yoast_head":"<!-- This site is optimized with the Yoast SEO plugin v25.9 - https:\/\/yoast.com\/wordpress\/plugins\/seo\/ -->\n<title>Team - METALGAR S.L.<\/title>\n<meta name=\"robots\" content=\"index, follow, max-snippet:-1, max-image-preview:large, max-video-preview:-1\" \/>\n<link rel=\"canonical\" href=\"https:\/\/metalgar.com\/de\/team\/\" \/>\n<meta property=\"og:locale\" content=\"de_DE\" \/>\n<meta property=\"og:type\" content=\"article\" \/>\n<meta property=\"og:title\" content=\"Team - METALGAR S.L.\" \/>\n<meta property=\"og:description\" content=\"PERSONAL F\u00fchrungsteam Gregorio G\u00f3mez VERWALTUNG UND FINANZEN Paqui Cerezo LOGISTIK Olga S\u00e1nchez QUALIT\u00c4T El lema de METALGAR es \u201cpersonas para personas\u201d. Ello revela la vocaci\u00f3n de servicio, la importancia de nuestro equipo, comprometido, flexible y conectado con nuestra vocaci\u00f3n y prop\u00f3sito de servicio. Nuestros recursos t\u00e9cnicos y tecnol\u00f3gicos est\u00e1n controlados, dise\u00f1ados y parametrizados por un [&hellip;]\" \/>\n<meta property=\"og:url\" content=\"https:\/\/metalgar.com\/de\/team\/\" \/>\n<meta property=\"og:site_name\" content=\"METALGAR S.L.\" \/>\n<meta property=\"article:modified_time\" content=\"2022-09-09T09:24:06+00:00\" \/>\n<meta property=\"og:image\" content=\"http:\/\/metalgar.com\/wp-content\/uploads\/metalgar-plasticos-logistica-5-1024x683.jpg\" \/>\n<meta name=\"twitter:card\" content=\"summary_large_image\" \/>\n<meta name=\"twitter:label1\" content=\"Gesch\u00e4tzte Lesezeit\" \/>\n\t<meta name=\"twitter:data1\" content=\"2\u00a0Minuten\" \/>\n<script type=\"application\/ld+json\" class=\"yoast-schema-graph\">{\"@context\":\"https:\/\/schema.org\",\"@graph\":[{\"@type\":\"WebPage\",\"@id\":\"https:\/\/metalgar.com\/de\/team\/\",\"url\":\"https:\/\/metalgar.com\/de\/team\/\",\"name\":\"Team - METALGAR S.L.\",\"isPartOf\":{\"@id\":\"https:\/\/metalgar.com\/de\/#website\"},\"primaryImageOfPage\":{\"@id\":\"https:\/\/metalgar.com\/de\/team\/#primaryimage\"},\"image\":{\"@id\":\"https:\/\/metalgar.com\/de\/team\/#primaryimage\"},\"thumbnailUrl\":\"http:\/\/metalgar.com\/wp-content\/uploads\/metalgar-plasticos-logistica-5-1024x683.jpg\",\"datePublished\":\"2021-07-21T19:40:48+00:00\",\"dateModified\":\"2022-09-09T09:24:06+00:00\",\"breadcrumb\":{\"@id\":\"https:\/\/metalgar.com\/de\/team\/#breadcrumb\"},\"inLanguage\":\"de\",\"potentialAction\":[{\"@type\":\"ReadAction\",\"target\":[\"https:\/\/metalgar.com\/de\/team\/\"]}]},{\"@type\":\"ImageObject\",\"inLanguage\":\"de\",\"@id\":\"https:\/\/metalgar.com\/de\/team\/#primaryimage\",\"url\":\"http:\/\/metalgar.com\/wp-content\/uploads\/metalgar-plasticos-logistica-5-1024x683.jpg\",\"contentUrl\":\"http:\/\/metalgar.com\/wp-content\/uploads\/metalgar-plasticos-logistica-5-1024x683.jpg\"},{\"@type\":\"BreadcrumbList\",\"@id\":\"https:\/\/metalgar.com\/de\/team\/#breadcrumb\",\"itemListElement\":[{\"@type\":\"ListItem\",\"position\":1,\"name\":\"Portada\",\"item\":\"https:\/\/metalgar.com\/de\/\"},{\"@type\":\"ListItem\",\"position\":2,\"name\":\"Team\"}]},{\"@type\":\"WebSite\",\"@id\":\"https:\/\/metalgar.com\/de\/#website\",\"url\":\"https:\/\/metalgar.com\/de\/\",\"name\":\"METALGAR S.L.\",\"description\":\"Inyecci\u00f3n y Extrusi\u00f3n de Pl\u00e1sticos - Log\u00edstica\",\"publisher\":{\"@id\":\"https:\/\/metalgar.com\/de\/#organization\"},\"potentialAction\":[{\"@type\":\"SearchAction\",\"target\":{\"@type\":\"EntryPoint\",\"urlTemplate\":\"https:\/\/metalgar.com\/de\/?s={search_term_string}\"},\"query-input\":{\"@type\":\"PropertyValueSpecification\",\"valueRequired\":true,\"valueName\":\"search_term_string\"}}],\"inLanguage\":\"de\"},{\"@type\":\"Organization\",\"@id\":\"https:\/\/metalgar.com\/de\/#organization\",\"name\":\"METALGAR S.L.\",\"url\":\"https:\/\/metalgar.com\/de\/\",\"logo\":{\"@type\":\"ImageObject\",\"inLanguage\":\"de\",\"@id\":\"https:\/\/metalgar.com\/de\/#\/schema\/logo\/image\/\",\"url\":\"https:\/\/metalgar.com\/wp-content\/uploads\/metalgar-plastics-logistics.png\",\"contentUrl\":\"https:\/\/metalgar.com\/wp-content\/uploads\/metalgar-plastics-logistics.png\",\"width\":240,\"height\":58,\"caption\":\"METALGAR S.L.\"},\"image\":{\"@id\":\"https:\/\/metalgar.com\/de\/#\/schema\/logo\/image\/\"}}]}<\/script>\n<!-- \/ Yoast SEO plugin. -->","yoast_head_json":{"title":"Team - METALGAR S.L.","robots":{"index":"index","follow":"follow","max-snippet":"max-snippet:-1","max-image-preview":"max-image-preview:large","max-video-preview":"max-video-preview:-1"},"canonical":"https:\/\/metalgar.com\/de\/team\/","og_locale":"de_DE","og_type":"article","og_title":"Team - METALGAR S.L.","og_description":"PERSONAL F\u00fchrungsteam Gregorio G\u00f3mez VERWALTUNG UND FINANZEN Paqui Cerezo LOGISTIK Olga S\u00e1nchez QUALIT\u00c4T El lema de METALGAR es \u201cpersonas para personas\u201d. Ello revela la vocaci\u00f3n de servicio, la importancia de nuestro equipo, comprometido, flexible y conectado con nuestra vocaci\u00f3n y prop\u00f3sito de servicio. Nuestros recursos t\u00e9cnicos y tecnol\u00f3gicos est\u00e1n controlados, dise\u00f1ados y parametrizados por un [&hellip;]","og_url":"https:\/\/metalgar.com\/de\/team\/","og_site_name":"METALGAR S.L.","article_modified_time":"2022-09-09T09:24:06+00:00","og_image":[{"url":"http:\/\/metalgar.com\/wp-content\/uploads\/metalgar-plasticos-logistica-5-1024x683.jpg","type":"","width":"","height":""}],"twitter_card":"summary_large_image","twitter_misc":{"Gesch\u00e4tzte Lesezeit":"2\u00a0Minuten"},"schema":{"@context":"https:\/\/schema.org","@graph":[{"@type":"WebPage","@id":"https:\/\/metalgar.com\/de\/team\/","url":"https:\/\/metalgar.com\/de\/team\/","name":"Team - METALGAR S.L.","isPartOf":{"@id":"https:\/\/metalgar.com\/de\/#website"},"primaryImageOfPage":{"@id":"https:\/\/metalgar.com\/de\/team\/#primaryimage"},"image":{"@id":"https:\/\/metalgar.com\/de\/team\/#primaryimage"},"thumbnailUrl":"http:\/\/metalgar.com\/wp-content\/uploads\/metalgar-plasticos-logistica-5-1024x683.jpg","datePublished":"2021-07-21T19:40:48+00:00","dateModified":"2022-09-09T09:24:06+00:00","breadcrumb":{"@id":"https:\/\/metalgar.com\/de\/team\/#breadcrumb"},"inLanguage":"de","potentialAction":[{"@type":"ReadAction","target":["https:\/\/metalgar.com\/de\/team\/"]}]},{"@type":"ImageObject","inLanguage":"de","@id":"https:\/\/metalgar.com\/de\/team\/#primaryimage","url":"http:\/\/metalgar.com\/wp-content\/uploads\/metalgar-plasticos-logistica-5-1024x683.jpg","contentUrl":"http:\/\/metalgar.com\/wp-content\/uploads\/metalgar-plasticos-logistica-5-1024x683.jpg"},{"@type":"BreadcrumbList","@id":"https:\/\/metalgar.com\/de\/team\/#breadcrumb","itemListElement":[{"@type":"ListItem","position":1,"name":"Portada","item":"https:\/\/metalgar.com\/de\/"},{"@type":"ListItem","position":2,"name":"Team"}]},{"@type":"WebSite","@id":"https:\/\/metalgar.com\/de\/#website","url":"https:\/\/metalgar.com\/de\/","name":"METALGAR S.L.","description":"Inyecci\u00f3n y Extrusi\u00f3n de Pl\u00e1sticos - Log\u00edstica","publisher":{"@id":"https:\/\/metalgar.com\/de\/#organization"},"potentialAction":[{"@type":"SearchAction","target":{"@type":"EntryPoint","urlTemplate":"https:\/\/metalgar.com\/de\/?s={search_term_string}"},"query-input":{"@type":"PropertyValueSpecification","valueRequired":true,"valueName":"search_term_string"}}],"inLanguage":"de"},{"@type":"Organization","@id":"https:\/\/metalgar.com\/de\/#organization","name":"METALGAR S.L.","url":"https:\/\/metalgar.com\/de\/","logo":{"@type":"ImageObject","inLanguage":"de","@id":"https:\/\/metalgar.com\/de\/#\/schema\/logo\/image\/","url":"https:\/\/metalgar.com\/wp-content\/uploads\/metalgar-plastics-logistics.png","contentUrl":"https:\/\/metalgar.com\/wp-content\/uploads\/metalgar-plastics-logistics.png","width":240,"height":58,"caption":"METALGAR S.L."},"image":{"@id":"https:\/\/metalgar.com\/de\/#\/schema\/logo\/image\/"}}]}},"_links":{"self":[{"href":"https:\/\/metalgar.com\/de\/wp-json\/wp\/v2\/pages\/2755","targetHints":{"allow":["GET"]}}],"collection":[{"href":"https:\/\/metalgar.com\/de\/wp-json\/wp\/v2\/pages"}],"about":[{"href":"https:\/\/metalgar.com\/de\/wp-json\/wp\/v2\/types\/page"}],"author":[{"embeddable":true,"href":"https:\/\/metalgar.com\/de\/wp-json\/wp\/v2\/users\/1"}],"replies":[{"embeddable":true,"href":"https:\/\/metalgar.com\/de\/wp-json\/wp\/v2\/comments?post=2755"}],"version-history":[{"count":9,"href":"https:\/\/metalgar.com\/de\/wp-json\/wp\/v2\/pages\/2755\/revisions"}],"predecessor-version":[{"id":3784,"href":"https:\/\/metalgar.com\/de\/wp-json\/wp\/v2\/pages\/2755\/revisions\/3784"}],"wp:attachment":[{"href":"https:\/\/metalgar.com\/de\/wp-json\/wp\/v2\/media?parent=2755"}],"curies":[{"name":"wp","href":"https:\/\/api.w.org\/{rel}","templated":true}]}}