{"id":2772,"date":"2021-07-21T20:11:10","date_gmt":"2021-07-21T20:11:10","guid":{"rendered":"http:\/\/metalgar.com\/montage\/"},"modified":"2021-07-29T12:35:49","modified_gmt":"2021-07-29T12:35:49","slug":"montage","status":"publish","type":"page","link":"https:\/\/metalgar.com\/de\/montage\/","title":{"rendered":"Montage"},"content":{"rendered":"\t\t<div data-elementor-type=\"wp-page\" data-elementor-id=\"2772\" class=\"elementor elementor-2772 elementor-1190\">\n\t\t\t\t\t\t<section class=\"elementor-section elementor-top-section elementor-element elementor-element-0e63b42 elementor-section-full_width elementor-section-height-default elementor-section-height-default\" data-id=\"0e63b42\" data-element_type=\"section\">\n\t\t\t\t\t\t<div class=\"elementor-container elementor-column-gap-no\">\n\t\t\t\t\t<div class=\"elementor-column elementor-col-100 elementor-top-column elementor-element elementor-element-e1ae5eb\" data-id=\"e1ae5eb\" data-element_type=\"column\">\n\t\t\t<div class=\"elementor-widget-wrap elementor-element-populated\">\n\t\t\t\t\t\t<div class=\"elementor-element elementor-element-d171867 elementor-align-left elementor-widget elementor-widget-bdevs-history\" data-id=\"d171867\" data-element_type=\"widget\" data-widget_type=\"bdevs-history.default\">\n\t\t\t\t<div class=\"elementor-widget-container\">\n\t\t\t\t\t\t\t\t<!-- history-area-start -->\n           <div class=\"history-area el-history-area\">\n               <div class=\"container\">\n                   <div class=\"row\">\n                       <div class=\"col-xl-5 col-lg-5\">\n                           <div class=\"single-history mb-30\">\n                               <div class=\"history-text el-section-title\">\n\t                                \t                                \t<span>MONTAGELINIEN<\/span>\n\t                            \t\n\t\t                            \t                                \t<h1>Automatische und manuelle<\/h1>\n\t\t                                                           <\/div>\n                           <\/div>\n                       <\/div>\n                       <div class=\"col-xl-7 col-lg-7\">\n                           <div class=\"history-wrapper mb-30\">\n                               <div class=\"history-content el-history-content\">\n                               \t\t\t                                \t<h4>Montage von Baugruppen<\/h4>\n\t\t                                                           \t\t\n\n\t\t                        \t\t                                \t<p>Wir arbeiten mit verschiedenen Montageoptionen. Von Montagen, die aufgrund ihres Volumens automatisiert werden k\u00f6nnen, bis hin zu manuellen Montagen, die wir in unseren zwei Linien ausf\u00fchren, die an verschiedene Konfigurationen angepasst werden k\u00f6nnen. Mit unseren eigenen Produkten und mit Produkten von Kunden. Flexible Linie f\u00fcr die Montage des Endprodukts.<\/p>\n<p>Wir f\u00fchren f\u00fcr unsere Kunden Sondermontagen durch, sowohl mit von uns gespritzten Komponenten als auch mit Komponenten von Dritten. Dabei handelt es sich um Baugruppen, die in der Regel eine Anleitung, Verpackung und Pr\u00fcfung der beteiligten Komponenten beinhalten.<\/p>\n<h4>Dekoration<\/h4>\n<p>Wir arbeiten mit verschiedenen Druckarten, um alle Arten von Formaten zu dekorieren. Wir verf\u00fcgen \u00fcber Linien von SERIGRAFIE, THERMODRUCK und TAMPOGRAFIE.<\/p><\/p>\n\t\t                            \n\t                                \t\t                                <a href=\"https:\/\/metalgar.com\/de\/logistik\/\" target=\"_self\">LOGISTIK\u00a0 <i class=\"far fa-long-arrow-right\"><\/i><\/a>\n\t\t                             \n                               <\/div>\n                           <\/div>\n                       <\/div>\n                   <\/div>\n               <\/div>\n           <\/div>\n           <!-- history-area-end -->\n\n         \t\n\n\t\t\t\t\t<\/div>\n\t\t\t\t<\/div>\n\t\t\t\t\t<\/div>\n\t\t<\/div>\n\t\t\t\t\t<\/div>\n\t\t<\/section>\n\t\t\t\t<section class=\"elementor-section elementor-top-section elementor-element elementor-element-1f44354 elementor-section-full_width elementor-section-height-default elementor-section-height-default\" data-id=\"1f44354\" data-element_type=\"section\">\n\t\t\t\t\t\t<div class=\"elementor-container elementor-column-gap-no\">\n\t\t\t\t\t<div class=\"elementor-column elementor-col-50 elementor-top-column elementor-element elementor-element-765a2d1\" data-id=\"765a2d1\" data-element_type=\"column\">\n\t\t\t<div class=\"elementor-widget-wrap elementor-element-populated\">\n\t\t\t\t\t\t<div class=\"elementor-element elementor-element-9d69cf3 elementor-widget elementor-widget-image\" data-id=\"9d69cf3\" data-element_type=\"widget\" data-widget_type=\"image.default\">\n\t\t\t\t<div class=\"elementor-widget-container\">\n\t\t\t\t\t\t\t\t\t\t\t\t\t\t\t<img fetchpriority=\"high\" decoding=\"async\" width=\"1920\" height=\"1280\" src=\"https:\/\/metalgar.com\/wp-content\/uploads\/metalgar-plasticos-logistica-51.jpg\" class=\"attachment-full size-full wp-image-1621\" alt=\"\" srcset=\"https:\/\/metalgar.com\/wp-content\/uploads\/metalgar-plasticos-logistica-51.jpg 1920w, https:\/\/metalgar.com\/wp-content\/uploads\/metalgar-plasticos-logistica-51-300x200.jpg 300w, https:\/\/metalgar.com\/wp-content\/uploads\/metalgar-plasticos-logistica-51-1024x683.jpg 1024w, https:\/\/metalgar.com\/wp-content\/uploads\/metalgar-plasticos-logistica-51-768x512.jpg 768w, https:\/\/metalgar.com\/wp-content\/uploads\/metalgar-plasticos-logistica-51-1536x1024.jpg 1536w\" sizes=\"(max-width: 1920px) 100vw, 1920px\" \/>\t\t\t\t\t\t\t\t\t\t\t\t\t\t\t<\/div>\n\t\t\t\t<\/div>\n\t\t\t\t\t<\/div>\n\t\t<\/div>\n\t\t\t\t<div class=\"elementor-column elementor-col-50 elementor-top-column elementor-element elementor-element-8aee98f\" data-id=\"8aee98f\" data-element_type=\"column\">\n\t\t\t<div class=\"elementor-widget-wrap elementor-element-populated\">\n\t\t\t\t\t\t<div class=\"elementor-element elementor-element-71a0c7c elementor-widget elementor-widget-image\" data-id=\"71a0c7c\" data-element_type=\"widget\" data-widget_type=\"image.default\">\n\t\t\t\t<div class=\"elementor-widget-container\">\n\t\t\t\t\t\t\t\t\t\t\t\t\t\t\t<img decoding=\"async\" width=\"1920\" height=\"1280\" src=\"https:\/\/metalgar.com\/wp-content\/uploads\/montaje-serigrafi\u0301a.jpg\" class=\"attachment-full size-full wp-image-2305\" alt=\"\" srcset=\"https:\/\/metalgar.com\/wp-content\/uploads\/montaje-serigrafi\u0301a.jpg 1920w, https:\/\/metalgar.com\/wp-content\/uploads\/montaje-serigrafi\u0301a-300x200.jpg 300w, https:\/\/metalgar.com\/wp-content\/uploads\/montaje-serigrafi\u0301a-1024x683.jpg 1024w, https:\/\/metalgar.com\/wp-content\/uploads\/montaje-serigrafi\u0301a-768x512.jpg 768w, https:\/\/metalgar.com\/wp-content\/uploads\/montaje-serigrafi\u0301a-1536x1024.jpg 1536w\" sizes=\"(max-width: 1920px) 100vw, 1920px\" \/>\t\t\t\t\t\t\t\t\t\t\t\t\t\t\t<\/div>\n\t\t\t\t<\/div>\n\t\t\t\t\t<\/div>\n\t\t<\/div>\n\t\t\t\t\t<\/div>\n\t\t<\/section>\n\t\t\t\t<section class=\"elementor-section elementor-top-section elementor-element elementor-element-88780ae elementor-section-boxed elementor-section-height-default elementor-section-height-default\" data-id=\"88780ae\" data-element_type=\"section\">\n\t\t\t\t\t\t<div class=\"elementor-container elementor-column-gap-default\">\n\t\t\t\t\t<div class=\"elementor-column elementor-col-100 elementor-top-column elementor-element elementor-element-ede03ee\" data-id=\"ede03ee\" data-element_type=\"column\">\n\t\t\t<div class=\"elementor-widget-wrap elementor-element-populated\">\n\t\t\t\t\t\t<div class=\"elementor-element elementor-element-12849ae elementor-widget elementor-widget-spacer\" data-id=\"12849ae\" data-element_type=\"widget\" data-widget_type=\"spacer.default\">\n\t\t\t\t<div class=\"elementor-widget-container\">\n\t\t\t\t\t\t\t<div class=\"elementor-spacer\">\n\t\t\t<div class=\"elementor-spacer-inner\"><\/div>\n\t\t<\/div>\n\t\t\t\t\t\t<\/div>\n\t\t\t\t<\/div>\n\t\t\t\t\t<\/div>\n\t\t<\/div>\n\t\t\t\t\t<\/div>\n\t\t<\/section>\n\t\t\t\t<\/div>\n\t\t","protected":false},"excerpt":{"rendered":"<p>MONTAGELINIEN Automatische und manuelle Montage von Baugruppen Wir arbeiten mit verschiedenen Montageoptionen. Von Montagen, die aufgrund ihres Volumens automatisiert werden k\u00f6nnen, bis hin zu manuellen Montagen, die wir in unseren zwei Linien ausf\u00fchren, die an verschiedene Konfigurationen angepasst werden k\u00f6nnen. Mit unseren eigenen Produkten und mit Produkten von Kunden. Flexible Linie f\u00fcr die Montage des [&hellip;]<\/p>\n","protected":false},"author":1,"featured_media":0,"parent":0,"menu_order":0,"comment_status":"closed","ping_status":"closed","template":"elementor_header_footer","meta":{"footnotes":""},"class_list":["post-2772","page","type-page","status-publish","hentry"],"yoast_head":"<!-- This site is optimized with the Yoast SEO plugin v25.9 - https:\/\/yoast.com\/wordpress\/plugins\/seo\/ -->\n<title>Montage - METALGAR S.L.<\/title>\n<meta name=\"robots\" content=\"index, follow, max-snippet:-1, max-image-preview:large, max-video-preview:-1\" \/>\n<link rel=\"canonical\" href=\"https:\/\/metalgar.com\/de\/montage\/\" \/>\n<meta property=\"og:locale\" content=\"de_DE\" \/>\n<meta property=\"og:type\" content=\"article\" \/>\n<meta property=\"og:title\" content=\"Montage - METALGAR S.L.\" \/>\n<meta property=\"og:description\" content=\"MONTAGELINIEN Automatische und manuelle Montage von Baugruppen Wir arbeiten mit verschiedenen Montageoptionen. Von Montagen, die aufgrund ihres Volumens automatisiert werden k\u00f6nnen, bis hin zu manuellen Montagen, die wir in unseren zwei Linien ausf\u00fchren, die an verschiedene Konfigurationen angepasst werden k\u00f6nnen. Mit unseren eigenen Produkten und mit Produkten von Kunden. Flexible Linie f\u00fcr die Montage des [&hellip;]\" \/>\n<meta property=\"og:url\" content=\"https:\/\/metalgar.com\/de\/montage\/\" \/>\n<meta property=\"og:site_name\" content=\"METALGAR S.L.\" \/>\n<meta property=\"article:modified_time\" content=\"2021-07-29T12:35:49+00:00\" \/>\n<meta property=\"og:image\" content=\"http:\/\/metalgar.com\/wp-content\/uploads\/metalgar-plasticos-logistica-51.jpg\" \/>\n<meta name=\"twitter:card\" content=\"summary_large_image\" \/>\n<meta name=\"twitter:label1\" content=\"Gesch\u00e4tzte Lesezeit\" \/>\n\t<meta name=\"twitter:data1\" content=\"1\u00a0Minute\" \/>\n<script type=\"application\/ld+json\" class=\"yoast-schema-graph\">{\"@context\":\"https:\/\/schema.org\",\"@graph\":[{\"@type\":\"WebPage\",\"@id\":\"https:\/\/metalgar.com\/de\/montage\/\",\"url\":\"https:\/\/metalgar.com\/de\/montage\/\",\"name\":\"Montage - METALGAR S.L.\",\"isPartOf\":{\"@id\":\"https:\/\/metalgar.com\/de\/#website\"},\"primaryImageOfPage\":{\"@id\":\"https:\/\/metalgar.com\/de\/montage\/#primaryimage\"},\"image\":{\"@id\":\"https:\/\/metalgar.com\/de\/montage\/#primaryimage\"},\"thumbnailUrl\":\"http:\/\/metalgar.com\/wp-content\/uploads\/metalgar-plasticos-logistica-51.jpg\",\"datePublished\":\"2021-07-21T20:11:10+00:00\",\"dateModified\":\"2021-07-29T12:35:49+00:00\",\"breadcrumb\":{\"@id\":\"https:\/\/metalgar.com\/de\/montage\/#breadcrumb\"},\"inLanguage\":\"de\",\"potentialAction\":[{\"@type\":\"ReadAction\",\"target\":[\"https:\/\/metalgar.com\/de\/montage\/\"]}]},{\"@type\":\"ImageObject\",\"inLanguage\":\"de\",\"@id\":\"https:\/\/metalgar.com\/de\/montage\/#primaryimage\",\"url\":\"http:\/\/metalgar.com\/wp-content\/uploads\/metalgar-plasticos-logistica-51.jpg\",\"contentUrl\":\"http:\/\/metalgar.com\/wp-content\/uploads\/metalgar-plasticos-logistica-51.jpg\"},{\"@type\":\"BreadcrumbList\",\"@id\":\"https:\/\/metalgar.com\/de\/montage\/#breadcrumb\",\"itemListElement\":[{\"@type\":\"ListItem\",\"position\":1,\"name\":\"Portada\",\"item\":\"https:\/\/metalgar.com\/de\/\"},{\"@type\":\"ListItem\",\"position\":2,\"name\":\"Montage\"}]},{\"@type\":\"WebSite\",\"@id\":\"https:\/\/metalgar.com\/de\/#website\",\"url\":\"https:\/\/metalgar.com\/de\/\",\"name\":\"METALGAR S.L.\",\"description\":\"Inyecci\u00f3n y Extrusi\u00f3n de Pl\u00e1sticos - Log\u00edstica\",\"publisher\":{\"@id\":\"https:\/\/metalgar.com\/de\/#organization\"},\"potentialAction\":[{\"@type\":\"SearchAction\",\"target\":{\"@type\":\"EntryPoint\",\"urlTemplate\":\"https:\/\/metalgar.com\/de\/?s={search_term_string}\"},\"query-input\":{\"@type\":\"PropertyValueSpecification\",\"valueRequired\":true,\"valueName\":\"search_term_string\"}}],\"inLanguage\":\"de\"},{\"@type\":\"Organization\",\"@id\":\"https:\/\/metalgar.com\/de\/#organization\",\"name\":\"METALGAR S.L.\",\"url\":\"https:\/\/metalgar.com\/de\/\",\"logo\":{\"@type\":\"ImageObject\",\"inLanguage\":\"de\",\"@id\":\"https:\/\/metalgar.com\/de\/#\/schema\/logo\/image\/\",\"url\":\"https:\/\/metalgar.com\/wp-content\/uploads\/metalgar-plastics-logistics.png\",\"contentUrl\":\"https:\/\/metalgar.com\/wp-content\/uploads\/metalgar-plastics-logistics.png\",\"width\":240,\"height\":58,\"caption\":\"METALGAR S.L.\"},\"image\":{\"@id\":\"https:\/\/metalgar.com\/de\/#\/schema\/logo\/image\/\"}}]}<\/script>\n<!-- \/ Yoast SEO plugin. -->","yoast_head_json":{"title":"Montage - METALGAR S.L.","robots":{"index":"index","follow":"follow","max-snippet":"max-snippet:-1","max-image-preview":"max-image-preview:large","max-video-preview":"max-video-preview:-1"},"canonical":"https:\/\/metalgar.com\/de\/montage\/","og_locale":"de_DE","og_type":"article","og_title":"Montage - METALGAR S.L.","og_description":"MONTAGELINIEN Automatische und manuelle Montage von Baugruppen Wir arbeiten mit verschiedenen Montageoptionen. Von Montagen, die aufgrund ihres Volumens automatisiert werden k\u00f6nnen, bis hin zu manuellen Montagen, die wir in unseren zwei Linien ausf\u00fchren, die an verschiedene Konfigurationen angepasst werden k\u00f6nnen. Mit unseren eigenen Produkten und mit Produkten von Kunden. Flexible Linie f\u00fcr die Montage des [&hellip;]","og_url":"https:\/\/metalgar.com\/de\/montage\/","og_site_name":"METALGAR S.L.","article_modified_time":"2021-07-29T12:35:49+00:00","og_image":[{"url":"http:\/\/metalgar.com\/wp-content\/uploads\/metalgar-plasticos-logistica-51.jpg","type":"","width":"","height":""}],"twitter_card":"summary_large_image","twitter_misc":{"Gesch\u00e4tzte Lesezeit":"1\u00a0Minute"},"schema":{"@context":"https:\/\/schema.org","@graph":[{"@type":"WebPage","@id":"https:\/\/metalgar.com\/de\/montage\/","url":"https:\/\/metalgar.com\/de\/montage\/","name":"Montage - METALGAR S.L.","isPartOf":{"@id":"https:\/\/metalgar.com\/de\/#website"},"primaryImageOfPage":{"@id":"https:\/\/metalgar.com\/de\/montage\/#primaryimage"},"image":{"@id":"https:\/\/metalgar.com\/de\/montage\/#primaryimage"},"thumbnailUrl":"http:\/\/metalgar.com\/wp-content\/uploads\/metalgar-plasticos-logistica-51.jpg","datePublished":"2021-07-21T20:11:10+00:00","dateModified":"2021-07-29T12:35:49+00:00","breadcrumb":{"@id":"https:\/\/metalgar.com\/de\/montage\/#breadcrumb"},"inLanguage":"de","potentialAction":[{"@type":"ReadAction","target":["https:\/\/metalgar.com\/de\/montage\/"]}]},{"@type":"ImageObject","inLanguage":"de","@id":"https:\/\/metalgar.com\/de\/montage\/#primaryimage","url":"http:\/\/metalgar.com\/wp-content\/uploads\/metalgar-plasticos-logistica-51.jpg","contentUrl":"http:\/\/metalgar.com\/wp-content\/uploads\/metalgar-plasticos-logistica-51.jpg"},{"@type":"BreadcrumbList","@id":"https:\/\/metalgar.com\/de\/montage\/#breadcrumb","itemListElement":[{"@type":"ListItem","position":1,"name":"Portada","item":"https:\/\/metalgar.com\/de\/"},{"@type":"ListItem","position":2,"name":"Montage"}]},{"@type":"WebSite","@id":"https:\/\/metalgar.com\/de\/#website","url":"https:\/\/metalgar.com\/de\/","name":"METALGAR S.L.","description":"Inyecci\u00f3n y Extrusi\u00f3n de Pl\u00e1sticos - Log\u00edstica","publisher":{"@id":"https:\/\/metalgar.com\/de\/#organization"},"potentialAction":[{"@type":"SearchAction","target":{"@type":"EntryPoint","urlTemplate":"https:\/\/metalgar.com\/de\/?s={search_term_string}"},"query-input":{"@type":"PropertyValueSpecification","valueRequired":true,"valueName":"search_term_string"}}],"inLanguage":"de"},{"@type":"Organization","@id":"https:\/\/metalgar.com\/de\/#organization","name":"METALGAR S.L.","url":"https:\/\/metalgar.com\/de\/","logo":{"@type":"ImageObject","inLanguage":"de","@id":"https:\/\/metalgar.com\/de\/#\/schema\/logo\/image\/","url":"https:\/\/metalgar.com\/wp-content\/uploads\/metalgar-plastics-logistics.png","contentUrl":"https:\/\/metalgar.com\/wp-content\/uploads\/metalgar-plastics-logistics.png","width":240,"height":58,"caption":"METALGAR S.L."},"image":{"@id":"https:\/\/metalgar.com\/de\/#\/schema\/logo\/image\/"}}]}},"_links":{"self":[{"href":"https:\/\/metalgar.com\/de\/wp-json\/wp\/v2\/pages\/2772","targetHints":{"allow":["GET"]}}],"collection":[{"href":"https:\/\/metalgar.com\/de\/wp-json\/wp\/v2\/pages"}],"about":[{"href":"https:\/\/metalgar.com\/de\/wp-json\/wp\/v2\/types\/page"}],"author":[{"embeddable":true,"href":"https:\/\/metalgar.com\/de\/wp-json\/wp\/v2\/users\/1"}],"replies":[{"embeddable":true,"href":"https:\/\/metalgar.com\/de\/wp-json\/wp\/v2\/comments?post=2772"}],"version-history":[{"count":8,"href":"https:\/\/metalgar.com\/de\/wp-json\/wp\/v2\/pages\/2772\/revisions"}],"predecessor-version":[{"id":3489,"href":"https:\/\/metalgar.com\/de\/wp-json\/wp\/v2\/pages\/2772\/revisions\/3489"}],"wp:attachment":[{"href":"https:\/\/metalgar.com\/de\/wp-json\/wp\/v2\/media?parent=2772"}],"curies":[{"name":"wp","href":"https:\/\/api.w.org\/{rel}","templated":true}]}}