{"id":2534,"date":"2021-07-20T12:50:01","date_gmt":"2021-07-20T12:50:01","guid":{"rendered":"http:\/\/metalgar.com\/assembly\/"},"modified":"2021-07-29T12:18:52","modified_gmt":"2021-07-29T12:18:52","slug":"assembly","status":"publish","type":"page","link":"https:\/\/metalgar.com\/en\/assembly\/","title":{"rendered":"Assembly"},"content":{"rendered":"\t\t<div data-elementor-type=\"wp-page\" data-elementor-id=\"2534\" class=\"elementor elementor-2534 elementor-1190\">\n\t\t\t\t\t\t<section class=\"elementor-section elementor-top-section elementor-element elementor-element-0e63b42 elementor-section-full_width elementor-section-height-default elementor-section-height-default\" data-id=\"0e63b42\" data-element_type=\"section\">\n\t\t\t\t\t\t<div class=\"elementor-container elementor-column-gap-no\">\n\t\t\t\t\t<div class=\"elementor-column elementor-col-100 elementor-top-column elementor-element elementor-element-e1ae5eb\" data-id=\"e1ae5eb\" data-element_type=\"column\">\n\t\t\t<div class=\"elementor-widget-wrap elementor-element-populated\">\n\t\t\t\t\t\t<div class=\"elementor-element elementor-element-d171867 elementor-align-left elementor-widget elementor-widget-bdevs-history\" data-id=\"d171867\" data-element_type=\"widget\" data-widget_type=\"bdevs-history.default\">\n\t\t\t\t<div class=\"elementor-widget-container\">\n\t\t\t\t\t\t\t\t<!-- history-area-start -->\n           <div class=\"history-area el-history-area\">\n               <div class=\"container\">\n                   <div class=\"row\">\n                       <div class=\"col-xl-5 col-lg-5\">\n                           <div class=\"single-history mb-30\">\n                               <div class=\"history-text el-section-title\">\n\t                                \t                                \t<span>ASSEMBLY LINES<\/span>\n\t                            \t\n\t\t                            \t                                \t<h1>Automatic and manual<\/h1>\n\t\t                                                           <\/div>\n                           <\/div>\n                       <\/div>\n                       <div class=\"col-xl-7 col-lg-7\">\n                           <div class=\"history-wrapper mb-30\">\n                               <div class=\"history-content el-history-content\">\n                               \t\t\t                                \t<h4>Assembly of sets<\/h4>\n\t\t                                                           \t\t\n\n\t\t                        \t\t                                \t<p>We work with many different types of assemblies. From assemblies which can be automated because of the volumes involved, to manual assembly which we perform in our two lines, which can be adjusted to accommodate a variety of configurations. With our own products and with customer products. A flexible line for assembly of final products.<\/p>\n<p>We carry out specialised assembly for our clients for components injection-moulded by ourselves, as well as components manufactured by third parties. These are sets which generally involve instructions, packaging, and testing of the components concerned.<\/p>\n<h4>Designs\/Decoration<\/h4>\n<p>We work with different types of printing for decorating every type of format. We have lines for SERIGRAPHY (screen-printing), THERMAL PRINTING and TAMPO PRINTING.<\/p><\/p>\n\t\t                            \n\t                                \t\t                                <a href=\"https:\/\/metalgar.com\/en\/logistics\/\" target=\"_self\">LOGISTICS <i class=\"far fa-long-arrow-right\"><\/i><\/a>\n\t\t                             \n                               <\/div>\n                           <\/div>\n                       <\/div>\n                   <\/div>\n               <\/div>\n           <\/div>\n           <!-- history-area-end -->\n\n         \t\n\n\t\t\t\t\t<\/div>\n\t\t\t\t<\/div>\n\t\t\t\t\t<\/div>\n\t\t<\/div>\n\t\t\t\t\t<\/div>\n\t\t<\/section>\n\t\t\t\t<section class=\"elementor-section elementor-top-section elementor-element elementor-element-1f44354 elementor-section-full_width elementor-section-height-default elementor-section-height-default\" data-id=\"1f44354\" data-element_type=\"section\">\n\t\t\t\t\t\t<div class=\"elementor-container elementor-column-gap-no\">\n\t\t\t\t\t<div class=\"elementor-column elementor-col-50 elementor-top-column elementor-element elementor-element-765a2d1\" data-id=\"765a2d1\" data-element_type=\"column\">\n\t\t\t<div class=\"elementor-widget-wrap elementor-element-populated\">\n\t\t\t\t\t\t<div class=\"elementor-element elementor-element-9d69cf3 elementor-widget elementor-widget-image\" data-id=\"9d69cf3\" data-element_type=\"widget\" data-widget_type=\"image.default\">\n\t\t\t\t<div class=\"elementor-widget-container\">\n\t\t\t\t\t\t\t\t\t\t\t\t\t\t\t<img fetchpriority=\"high\" decoding=\"async\" width=\"1920\" height=\"1280\" src=\"https:\/\/metalgar.com\/wp-content\/uploads\/metalgar-plasticos-logistica-51.jpg\" class=\"attachment-full size-full wp-image-1619\" alt=\"\" srcset=\"https:\/\/metalgar.com\/wp-content\/uploads\/metalgar-plasticos-logistica-51.jpg 1920w, https:\/\/metalgar.com\/wp-content\/uploads\/metalgar-plasticos-logistica-51-300x200.jpg 300w, https:\/\/metalgar.com\/wp-content\/uploads\/metalgar-plasticos-logistica-51-1024x683.jpg 1024w, https:\/\/metalgar.com\/wp-content\/uploads\/metalgar-plasticos-logistica-51-768x512.jpg 768w, https:\/\/metalgar.com\/wp-content\/uploads\/metalgar-plasticos-logistica-51-1536x1024.jpg 1536w\" sizes=\"(max-width: 1920px) 100vw, 1920px\" \/>\t\t\t\t\t\t\t\t\t\t\t\t\t\t\t<\/div>\n\t\t\t\t<\/div>\n\t\t\t\t\t<\/div>\n\t\t<\/div>\n\t\t\t\t<div class=\"elementor-column elementor-col-50 elementor-top-column elementor-element elementor-element-8aee98f\" data-id=\"8aee98f\" data-element_type=\"column\">\n\t\t\t<div class=\"elementor-widget-wrap elementor-element-populated\">\n\t\t\t\t\t\t<div class=\"elementor-element elementor-element-71a0c7c elementor-widget elementor-widget-image\" data-id=\"71a0c7c\" data-element_type=\"widget\" data-widget_type=\"image.default\">\n\t\t\t\t<div class=\"elementor-widget-container\">\n\t\t\t\t\t\t\t\t\t\t\t\t\t\t\t<img decoding=\"async\" width=\"1920\" height=\"1280\" src=\"https:\/\/metalgar.com\/wp-content\/uploads\/montaje-serigrafi\u0301a.jpg\" class=\"attachment-full size-full wp-image-2303\" alt=\"\" srcset=\"https:\/\/metalgar.com\/wp-content\/uploads\/montaje-serigrafi\u0301a.jpg 1920w, https:\/\/metalgar.com\/wp-content\/uploads\/montaje-serigrafi\u0301a-300x200.jpg 300w, https:\/\/metalgar.com\/wp-content\/uploads\/montaje-serigrafi\u0301a-1024x683.jpg 1024w, https:\/\/metalgar.com\/wp-content\/uploads\/montaje-serigrafi\u0301a-768x512.jpg 768w, https:\/\/metalgar.com\/wp-content\/uploads\/montaje-serigrafi\u0301a-1536x1024.jpg 1536w\" sizes=\"(max-width: 1920px) 100vw, 1920px\" \/>\t\t\t\t\t\t\t\t\t\t\t\t\t\t\t<\/div>\n\t\t\t\t<\/div>\n\t\t\t\t\t<\/div>\n\t\t<\/div>\n\t\t\t\t\t<\/div>\n\t\t<\/section>\n\t\t\t\t<section class=\"elementor-section elementor-top-section elementor-element elementor-element-88780ae elementor-section-boxed elementor-section-height-default elementor-section-height-default\" data-id=\"88780ae\" data-element_type=\"section\">\n\t\t\t\t\t\t<div class=\"elementor-container elementor-column-gap-default\">\n\t\t\t\t\t<div class=\"elementor-column elementor-col-100 elementor-top-column elementor-element elementor-element-ede03ee\" data-id=\"ede03ee\" data-element_type=\"column\">\n\t\t\t<div class=\"elementor-widget-wrap elementor-element-populated\">\n\t\t\t\t\t\t<div class=\"elementor-element elementor-element-12849ae elementor-widget elementor-widget-spacer\" data-id=\"12849ae\" data-element_type=\"widget\" data-widget_type=\"spacer.default\">\n\t\t\t\t<div class=\"elementor-widget-container\">\n\t\t\t\t\t\t\t<div class=\"elementor-spacer\">\n\t\t\t<div class=\"elementor-spacer-inner\"><\/div>\n\t\t<\/div>\n\t\t\t\t\t\t<\/div>\n\t\t\t\t<\/div>\n\t\t\t\t\t<\/div>\n\t\t<\/div>\n\t\t\t\t\t<\/div>\n\t\t<\/section>\n\t\t\t\t<\/div>\n\t\t","protected":false},"excerpt":{"rendered":"<p>ASSEMBLY LINES Automatic and manual Assembly of sets We work with many different types of assemblies. From assemblies which can be automated because of the volumes involved, to manual assembly which we perform in our two lines, which can be adjusted to accommodate a variety of configurations. With our own products and with customer products. [&hellip;]<\/p>\n","protected":false},"author":1,"featured_media":0,"parent":0,"menu_order":0,"comment_status":"closed","ping_status":"closed","template":"elementor_header_footer","meta":{"footnotes":""},"class_list":["post-2534","page","type-page","status-publish","hentry"],"yoast_head":"<!-- This site is optimized with the Yoast SEO plugin v25.9 - https:\/\/yoast.com\/wordpress\/plugins\/seo\/ -->\n<title>Assembly - METALGAR S.L.<\/title>\n<meta name=\"robots\" content=\"index, follow, max-snippet:-1, max-image-preview:large, max-video-preview:-1\" \/>\n<link rel=\"canonical\" href=\"https:\/\/metalgar.com\/en\/assembly\/\" \/>\n<meta property=\"og:locale\" content=\"en_US\" \/>\n<meta property=\"og:type\" content=\"article\" \/>\n<meta property=\"og:title\" content=\"Assembly - METALGAR S.L.\" \/>\n<meta property=\"og:description\" content=\"ASSEMBLY LINES Automatic and manual Assembly of sets We work with many different types of assemblies. From assemblies which can be automated because of the volumes involved, to manual assembly which we perform in our two lines, which can be adjusted to accommodate a variety of configurations. With our own products and with customer products. [&hellip;]\" \/>\n<meta property=\"og:url\" content=\"https:\/\/metalgar.com\/en\/assembly\/\" \/>\n<meta property=\"og:site_name\" content=\"METALGAR S.L.\" \/>\n<meta property=\"article:modified_time\" content=\"2021-07-29T12:18:52+00:00\" \/>\n<meta property=\"og:image\" content=\"http:\/\/metalgar.com\/wp-content\/uploads\/metalgar-plasticos-logistica-51.jpg\" \/>\n<meta name=\"twitter:card\" content=\"summary_large_image\" \/>\n<meta name=\"twitter:label1\" content=\"Est. reading time\" \/>\n\t<meta name=\"twitter:data1\" content=\"1 minute\" \/>\n<script type=\"application\/ld+json\" class=\"yoast-schema-graph\">{\"@context\":\"https:\/\/schema.org\",\"@graph\":[{\"@type\":\"WebPage\",\"@id\":\"https:\/\/metalgar.com\/en\/assembly\/\",\"url\":\"https:\/\/metalgar.com\/en\/assembly\/\",\"name\":\"Assembly - METALGAR S.L.\",\"isPartOf\":{\"@id\":\"https:\/\/metalgar.com\/en\/#website\"},\"primaryImageOfPage\":{\"@id\":\"https:\/\/metalgar.com\/en\/assembly\/#primaryimage\"},\"image\":{\"@id\":\"https:\/\/metalgar.com\/en\/assembly\/#primaryimage\"},\"thumbnailUrl\":\"http:\/\/metalgar.com\/wp-content\/uploads\/metalgar-plasticos-logistica-51.jpg\",\"datePublished\":\"2021-07-20T12:50:01+00:00\",\"dateModified\":\"2021-07-29T12:18:52+00:00\",\"breadcrumb\":{\"@id\":\"https:\/\/metalgar.com\/en\/assembly\/#breadcrumb\"},\"inLanguage\":\"en-US\",\"potentialAction\":[{\"@type\":\"ReadAction\",\"target\":[\"https:\/\/metalgar.com\/en\/assembly\/\"]}]},{\"@type\":\"ImageObject\",\"inLanguage\":\"en-US\",\"@id\":\"https:\/\/metalgar.com\/en\/assembly\/#primaryimage\",\"url\":\"http:\/\/metalgar.com\/wp-content\/uploads\/metalgar-plasticos-logistica-51.jpg\",\"contentUrl\":\"http:\/\/metalgar.com\/wp-content\/uploads\/metalgar-plasticos-logistica-51.jpg\"},{\"@type\":\"BreadcrumbList\",\"@id\":\"https:\/\/metalgar.com\/en\/assembly\/#breadcrumb\",\"itemListElement\":[{\"@type\":\"ListItem\",\"position\":1,\"name\":\"Portada\",\"item\":\"https:\/\/metalgar.com\/en\/\"},{\"@type\":\"ListItem\",\"position\":2,\"name\":\"Assembly\"}]},{\"@type\":\"WebSite\",\"@id\":\"https:\/\/metalgar.com\/en\/#website\",\"url\":\"https:\/\/metalgar.com\/en\/\",\"name\":\"METALGAR S.L.\",\"description\":\"Inyecci\u00f3n y Extrusi\u00f3n de Pl\u00e1sticos - Log\u00edstica\",\"publisher\":{\"@id\":\"https:\/\/metalgar.com\/en\/#organization\"},\"potentialAction\":[{\"@type\":\"SearchAction\",\"target\":{\"@type\":\"EntryPoint\",\"urlTemplate\":\"https:\/\/metalgar.com\/en\/?s={search_term_string}\"},\"query-input\":{\"@type\":\"PropertyValueSpecification\",\"valueRequired\":true,\"valueName\":\"search_term_string\"}}],\"inLanguage\":\"en-US\"},{\"@type\":\"Organization\",\"@id\":\"https:\/\/metalgar.com\/en\/#organization\",\"name\":\"METALGAR S.L.\",\"url\":\"https:\/\/metalgar.com\/en\/\",\"logo\":{\"@type\":\"ImageObject\",\"inLanguage\":\"en-US\",\"@id\":\"https:\/\/metalgar.com\/en\/#\/schema\/logo\/image\/\",\"url\":\"https:\/\/metalgar.com\/wp-content\/uploads\/metalgar-plastics-logistics.png\",\"contentUrl\":\"https:\/\/metalgar.com\/wp-content\/uploads\/metalgar-plastics-logistics.png\",\"width\":240,\"height\":58,\"caption\":\"METALGAR S.L.\"},\"image\":{\"@id\":\"https:\/\/metalgar.com\/en\/#\/schema\/logo\/image\/\"}}]}<\/script>\n<!-- \/ Yoast SEO plugin. -->","yoast_head_json":{"title":"Assembly - METALGAR S.L.","robots":{"index":"index","follow":"follow","max-snippet":"max-snippet:-1","max-image-preview":"max-image-preview:large","max-video-preview":"max-video-preview:-1"},"canonical":"https:\/\/metalgar.com\/en\/assembly\/","og_locale":"en_US","og_type":"article","og_title":"Assembly - METALGAR S.L.","og_description":"ASSEMBLY LINES Automatic and manual Assembly of sets We work with many different types of assemblies. From assemblies which can be automated because of the volumes involved, to manual assembly which we perform in our two lines, which can be adjusted to accommodate a variety of configurations. With our own products and with customer products. [&hellip;]","og_url":"https:\/\/metalgar.com\/en\/assembly\/","og_site_name":"METALGAR S.L.","article_modified_time":"2021-07-29T12:18:52+00:00","og_image":[{"url":"http:\/\/metalgar.com\/wp-content\/uploads\/metalgar-plasticos-logistica-51.jpg","type":"","width":"","height":""}],"twitter_card":"summary_large_image","twitter_misc":{"Est. reading time":"1 minute"},"schema":{"@context":"https:\/\/schema.org","@graph":[{"@type":"WebPage","@id":"https:\/\/metalgar.com\/en\/assembly\/","url":"https:\/\/metalgar.com\/en\/assembly\/","name":"Assembly - METALGAR S.L.","isPartOf":{"@id":"https:\/\/metalgar.com\/en\/#website"},"primaryImageOfPage":{"@id":"https:\/\/metalgar.com\/en\/assembly\/#primaryimage"},"image":{"@id":"https:\/\/metalgar.com\/en\/assembly\/#primaryimage"},"thumbnailUrl":"http:\/\/metalgar.com\/wp-content\/uploads\/metalgar-plasticos-logistica-51.jpg","datePublished":"2021-07-20T12:50:01+00:00","dateModified":"2021-07-29T12:18:52+00:00","breadcrumb":{"@id":"https:\/\/metalgar.com\/en\/assembly\/#breadcrumb"},"inLanguage":"en-US","potentialAction":[{"@type":"ReadAction","target":["https:\/\/metalgar.com\/en\/assembly\/"]}]},{"@type":"ImageObject","inLanguage":"en-US","@id":"https:\/\/metalgar.com\/en\/assembly\/#primaryimage","url":"http:\/\/metalgar.com\/wp-content\/uploads\/metalgar-plasticos-logistica-51.jpg","contentUrl":"http:\/\/metalgar.com\/wp-content\/uploads\/metalgar-plasticos-logistica-51.jpg"},{"@type":"BreadcrumbList","@id":"https:\/\/metalgar.com\/en\/assembly\/#breadcrumb","itemListElement":[{"@type":"ListItem","position":1,"name":"Portada","item":"https:\/\/metalgar.com\/en\/"},{"@type":"ListItem","position":2,"name":"Assembly"}]},{"@type":"WebSite","@id":"https:\/\/metalgar.com\/en\/#website","url":"https:\/\/metalgar.com\/en\/","name":"METALGAR S.L.","description":"Inyecci\u00f3n y Extrusi\u00f3n de Pl\u00e1sticos - Log\u00edstica","publisher":{"@id":"https:\/\/metalgar.com\/en\/#organization"},"potentialAction":[{"@type":"SearchAction","target":{"@type":"EntryPoint","urlTemplate":"https:\/\/metalgar.com\/en\/?s={search_term_string}"},"query-input":{"@type":"PropertyValueSpecification","valueRequired":true,"valueName":"search_term_string"}}],"inLanguage":"en-US"},{"@type":"Organization","@id":"https:\/\/metalgar.com\/en\/#organization","name":"METALGAR S.L.","url":"https:\/\/metalgar.com\/en\/","logo":{"@type":"ImageObject","inLanguage":"en-US","@id":"https:\/\/metalgar.com\/en\/#\/schema\/logo\/image\/","url":"https:\/\/metalgar.com\/wp-content\/uploads\/metalgar-plastics-logistics.png","contentUrl":"https:\/\/metalgar.com\/wp-content\/uploads\/metalgar-plastics-logistics.png","width":240,"height":58,"caption":"METALGAR S.L."},"image":{"@id":"https:\/\/metalgar.com\/en\/#\/schema\/logo\/image\/"}}]}},"_links":{"self":[{"href":"https:\/\/metalgar.com\/en\/wp-json\/wp\/v2\/pages\/2534","targetHints":{"allow":["GET"]}}],"collection":[{"href":"https:\/\/metalgar.com\/en\/wp-json\/wp\/v2\/pages"}],"about":[{"href":"https:\/\/metalgar.com\/en\/wp-json\/wp\/v2\/types\/page"}],"author":[{"embeddable":true,"href":"https:\/\/metalgar.com\/en\/wp-json\/wp\/v2\/users\/1"}],"replies":[{"embeddable":true,"href":"https:\/\/metalgar.com\/en\/wp-json\/wp\/v2\/comments?post=2534"}],"version-history":[{"count":8,"href":"https:\/\/metalgar.com\/en\/wp-json\/wp\/v2\/pages\/2534\/revisions"}],"predecessor-version":[{"id":3459,"href":"https:\/\/metalgar.com\/en\/wp-json\/wp\/v2\/pages\/2534\/revisions\/3459"}],"wp:attachment":[{"href":"https:\/\/metalgar.com\/en\/wp-json\/wp\/v2\/media?parent=2534"}],"curies":[{"name":"wp","href":"https:\/\/api.w.org\/{rel}","templated":true}]}}