{"id":2582,"date":"2021-07-20T12:52:56","date_gmt":"2021-07-20T12:52:56","guid":{"rendered":"http:\/\/metalgar.com\/logistics\/"},"modified":"2021-07-23T11:25:04","modified_gmt":"2021-07-23T11:25:04","slug":"logistics","status":"publish","type":"page","link":"https:\/\/metalgar.com\/en\/logistics\/","title":{"rendered":"Logistics"},"content":{"rendered":"\t\t<div data-elementor-type=\"wp-page\" data-elementor-id=\"2582\" class=\"elementor elementor-2582 elementor-1191\">\n\t\t\t\t\t\t<section class=\"elementor-section elementor-top-section elementor-element elementor-element-35c0d93 elementor-section-full_width elementor-section-height-default elementor-section-height-default\" data-id=\"35c0d93\" data-element_type=\"section\">\n\t\t\t\t\t\t<div class=\"elementor-container elementor-column-gap-no\">\n\t\t\t\t\t<div class=\"elementor-column elementor-col-100 elementor-top-column elementor-element elementor-element-e42c29a\" data-id=\"e42c29a\" data-element_type=\"column\">\n\t\t\t<div class=\"elementor-widget-wrap elementor-element-populated\">\n\t\t\t\t\t\t<div class=\"elementor-element elementor-element-19e69c7 elementor-align-left elementor-widget elementor-widget-bdevs-who-we\" data-id=\"19e69c7\" data-element_type=\"widget\" data-widget_type=\"bdevs-who-we.default\">\n\t\t\t\t<div class=\"elementor-widget-container\">\n\t\t\t\t\t \n\n            <!-- features-area-start -->\n            <div class=\"features-area features-theme el-who-we-area\">\n                <div class=\"container\">\n                    <div class=\"row pb-50\">\n                        <div class=\"col-xl-5 col-lg-5\">\n                            <div class=\"section-title el-section-title mr-40 mb-30\">\n                            \t                                \t<span>LOGISTICS<\/span>\n                               \t\n                               \t                                \t<h1>Storage facilities in Madrid<\/h1>\n                            \t                            <\/div>\n                        <\/div>\n                        <div class=\"col-xl-7 col-lg-7\">\n                            <div class=\"features-info mb-30\">\n                            \t                                \t<p class=\"desc\">Specialised logistics services including reception, identification and storage, picking operations, preparation of orders with batch control, and traceability of assets and dispatch. Complete with all required security systems designed for customers\u2019 peace of mind \u2013 traceability, surveillance, fire detection and merchandise insurance. Within our range of services, we offer wrapping\/packaging, assembly, and putting together of sets.<\/p>\n                            \t                           \n\t\t\t\t\t\t\t\t                            <\/div>\n                        <\/div>\n                    <\/div>\n                    <div class=\"row\">\n                        \t                        <div class=\"col-xl-4 col-lg-4 col-md-6\">\n\t                            <div class=\"services-02-wrapper services-03-wrapper mb-80 text-center\">\n                            \t\t\n\t                                <div class=\"services-02-text\">\n\t                                    \t\t\t\t\t\t\t\t\t\t\t<h3>Logistics service<\/h3>\n\t\t\t\t\t\t\t\t\t\t\n\t                                    \t\t\t\t\t\t\t\t\t\t\t<p>Our logistics service includes storage service, picking and preparation of orders, batch control, identification and traceability of assets \u2013 for bulk quantities as well as for smaller deliveries.<\/p>\n\t\t\t\t\t\t\t\t\t\t\n\t\t\t\t\t\t\t\t\t\t\t                                <\/div>\n\t                            <\/div>\n\t                        <\/div>\n\t\t\t\t\t\t\t                        <div class=\"col-xl-4 col-lg-4 col-md-6\">\n\t                            <div class=\"services-02-wrapper services-03-wrapper mb-80 text-center\">\n                            \t\t\n\t                                <div class=\"services-02-text\">\n\t                                    \t\t\t\t\t\t\t\t\t\t\t<h3>Ideal partner<\/h3>\n\t\t\t\t\t\t\t\t\t\t\n\t                                    \t\t\t\t\t\t\t\t\t\t\t<p>We are the ideal partner for any company who, whether in the hospital supplies or other sector, has service requirements for stringent monitoring and traceability, or extensive capillarisation in its deliveries, necessitating a high level of specialised services.<\/p>\n\t\t\t\t\t\t\t\t\t\t\n\t\t\t\t\t\t\t\t\t\t\t                                <\/div>\n\t                            <\/div>\n\t                        <\/div>\n\t\t\t\t\t\t\t                        <div class=\"col-xl-4 col-lg-4 col-md-6\">\n\t                            <div class=\"services-02-wrapper services-03-wrapper mb-80 text-center\">\n                            \t\t\n\t                                <div class=\"services-02-text\">\n\t                                    \t\t\t\t\t\t\t\t\t\t\t<h3>Strategic location<\/h3>\n\t\t\t\t\t\t\t\t\t\t\n\t                                    \t\t\t\t\t\t\t\t\t\t\t<p>Our strategic location near the A2, R2 and M50 means that we are situated in an extremely advantageous logistical hub, within a few minutes access to the international airport in Madrid, and with road entry, departure and transfer facilities, right in the heart of Spain.<\/p>\n\t\t\t\t\t\t\t\t\t\t\n\t\t\t\t\t\t\t\t\t\t\t                                <\/div>\n\t                            <\/div>\n\t                        <\/div>\n\t\t\t\t\t\t                    <\/div>\n                <\/div>\n            <\/div>\n            <!-- features-area-end -->\n\n        \t\t\n\t\t\t\t\t<\/div>\n\t\t\t\t<\/div>\n\t\t\t\t\t<\/div>\n\t\t<\/div>\n\t\t\t\t\t<\/div>\n\t\t<\/section>\n\t\t\t\t<section class=\"elementor-section elementor-top-section elementor-element elementor-element-4193fe2 elementor-section-boxed elementor-section-height-default elementor-section-height-default\" data-id=\"4193fe2\" data-element_type=\"section\">\n\t\t\t\t\t\t<div class=\"elementor-container elementor-column-gap-default\">\n\t\t\t\t\t<div class=\"elementor-column elementor-col-100 elementor-top-column elementor-element elementor-element-8031728\" data-id=\"8031728\" data-element_type=\"column\">\n\t\t\t<div class=\"elementor-widget-wrap elementor-element-populated\">\n\t\t\t\t\t\t<div class=\"elementor-element elementor-element-4dff0f1 elementor-widget elementor-widget-spacer\" data-id=\"4dff0f1\" data-element_type=\"widget\" data-widget_type=\"spacer.default\">\n\t\t\t\t<div class=\"elementor-widget-container\">\n\t\t\t\t\t\t\t<div class=\"elementor-spacer\">\n\t\t\t<div class=\"elementor-spacer-inner\"><\/div>\n\t\t<\/div>\n\t\t\t\t\t\t<\/div>\n\t\t\t\t<\/div>\n\t\t\t\t\t<\/div>\n\t\t<\/div>\n\t\t\t\t\t<\/div>\n\t\t<\/section>\n\t\t\t\t<section class=\"elementor-section elementor-top-section elementor-element elementor-element-599b76c elementor-section-full_width elementor-section-height-default elementor-section-height-default\" data-id=\"599b76c\" data-element_type=\"section\">\n\t\t\t\t\t\t<div class=\"elementor-container elementor-column-gap-default\">\n\t\t\t\t\t<div class=\"elementor-column elementor-col-50 elementor-top-column elementor-element elementor-element-aa35f97\" data-id=\"aa35f97\" data-element_type=\"column\">\n\t\t\t<div class=\"elementor-widget-wrap elementor-element-populated\">\n\t\t\t\t\t\t<div class=\"elementor-element elementor-element-2c8cfa7 elementor-widget elementor-widget-image\" data-id=\"2c8cfa7\" data-element_type=\"widget\" data-widget_type=\"image.default\">\n\t\t\t\t<div class=\"elementor-widget-container\">\n\t\t\t\t\t\t\t\t\t\t\t\t\t\t\t<img fetchpriority=\"high\" decoding=\"async\" width=\"1920\" height=\"1280\" src=\"https:\/\/metalgar.com\/wp-content\/uploads\/metalgar-plasticos-logistica-55.jpg\" class=\"attachment-full size-full wp-image-1635\" alt=\"\" srcset=\"https:\/\/metalgar.com\/wp-content\/uploads\/metalgar-plasticos-logistica-55.jpg 1920w, https:\/\/metalgar.com\/wp-content\/uploads\/metalgar-plasticos-logistica-55-300x200.jpg 300w, https:\/\/metalgar.com\/wp-content\/uploads\/metalgar-plasticos-logistica-55-1024x683.jpg 1024w, https:\/\/metalgar.com\/wp-content\/uploads\/metalgar-plasticos-logistica-55-768x512.jpg 768w, https:\/\/metalgar.com\/wp-content\/uploads\/metalgar-plasticos-logistica-55-1536x1024.jpg 1536w\" sizes=\"(max-width: 1920px) 100vw, 1920px\" \/>\t\t\t\t\t\t\t\t\t\t\t\t\t\t\t<\/div>\n\t\t\t\t<\/div>\n\t\t\t\t\t<\/div>\n\t\t<\/div>\n\t\t\t\t<div class=\"elementor-column elementor-col-50 elementor-top-column elementor-element elementor-element-af6c64e\" data-id=\"af6c64e\" data-element_type=\"column\">\n\t\t\t<div class=\"elementor-widget-wrap elementor-element-populated\">\n\t\t\t\t\t\t<div class=\"elementor-element elementor-element-b9e9c29 elementor-widget elementor-widget-image\" data-id=\"b9e9c29\" data-element_type=\"widget\" data-widget_type=\"image.default\">\n\t\t\t\t<div class=\"elementor-widget-container\">\n\t\t\t\t\t\t\t\t\t\t\t\t\t\t\t<img decoding=\"async\" width=\"1920\" height=\"1280\" src=\"https:\/\/metalgar.com\/wp-content\/uploads\/logi\u0301stica.jpg\" class=\"attachment-full size-full wp-image-2339\" alt=\"\" srcset=\"https:\/\/metalgar.com\/wp-content\/uploads\/logi\u0301stica.jpg 1920w, https:\/\/metalgar.com\/wp-content\/uploads\/logi\u0301stica-300x200.jpg 300w, https:\/\/metalgar.com\/wp-content\/uploads\/logi\u0301stica-1024x683.jpg 1024w, https:\/\/metalgar.com\/wp-content\/uploads\/logi\u0301stica-768x512.jpg 768w, https:\/\/metalgar.com\/wp-content\/uploads\/logi\u0301stica-1536x1024.jpg 1536w\" sizes=\"(max-width: 1920px) 100vw, 1920px\" \/>\t\t\t\t\t\t\t\t\t\t\t\t\t\t\t<\/div>\n\t\t\t\t<\/div>\n\t\t\t\t\t<\/div>\n\t\t<\/div>\n\t\t\t\t\t<\/div>\n\t\t<\/section>\n\t\t\t\t<section class=\"elementor-section elementor-top-section elementor-element elementor-element-84f138d elementor-section-boxed elementor-section-height-default elementor-section-height-default\" data-id=\"84f138d\" data-element_type=\"section\">\n\t\t\t\t\t\t<div class=\"elementor-container elementor-column-gap-default\">\n\t\t\t\t\t<div class=\"elementor-column elementor-col-100 elementor-top-column elementor-element elementor-element-45a247e\" data-id=\"45a247e\" data-element_type=\"column\">\n\t\t\t<div class=\"elementor-widget-wrap elementor-element-populated\">\n\t\t\t\t\t\t<div class=\"elementor-element elementor-element-a22866c elementor-widget elementor-widget-spacer\" data-id=\"a22866c\" data-element_type=\"widget\" data-widget_type=\"spacer.default\">\n\t\t\t\t<div class=\"elementor-widget-container\">\n\t\t\t\t\t\t\t<div class=\"elementor-spacer\">\n\t\t\t<div class=\"elementor-spacer-inner\"><\/div>\n\t\t<\/div>\n\t\t\t\t\t\t<\/div>\n\t\t\t\t<\/div>\n\t\t\t\t\t<\/div>\n\t\t<\/div>\n\t\t\t\t\t<\/div>\n\t\t<\/section>\n\t\t\t\t<\/div>\n\t\t","protected":false},"excerpt":{"rendered":"<p>LOGISTICS Storage facilities in Madrid Specialised logistics services including reception, identification and storage, picking operations, preparation of orders with batch control, and traceability of assets and dispatch. Complete with all required security systems designed for customers\u2019 peace of mind \u2013 traceability, surveillance, fire detection and merchandise insurance. Within our range of services, we offer wrapping\/packaging, [&hellip;]<\/p>\n","protected":false},"author":1,"featured_media":0,"parent":0,"menu_order":0,"comment_status":"closed","ping_status":"closed","template":"elementor_header_footer","meta":{"footnotes":""},"class_list":["post-2582","page","type-page","status-publish","hentry"],"yoast_head":"<!-- This site is optimized with the Yoast SEO plugin v25.9 - https:\/\/yoast.com\/wordpress\/plugins\/seo\/ -->\n<title>Logistics - METALGAR S.L.<\/title>\n<meta name=\"robots\" content=\"index, follow, max-snippet:-1, max-image-preview:large, max-video-preview:-1\" \/>\n<link rel=\"canonical\" href=\"https:\/\/metalgar.com\/en\/logistics\/\" \/>\n<meta property=\"og:locale\" content=\"en_US\" \/>\n<meta property=\"og:type\" content=\"article\" \/>\n<meta property=\"og:title\" content=\"Logistics - METALGAR S.L.\" \/>\n<meta property=\"og:description\" content=\"LOGISTICS Storage facilities in Madrid Specialised logistics services including reception, identification and storage, picking operations, preparation of orders with batch control, and traceability of assets and dispatch. Complete with all required security systems designed for customers\u2019 peace of mind \u2013 traceability, surveillance, fire detection and merchandise insurance. Within our range of services, we offer wrapping\/packaging, [&hellip;]\" \/>\n<meta property=\"og:url\" content=\"https:\/\/metalgar.com\/en\/logistics\/\" \/>\n<meta property=\"og:site_name\" content=\"METALGAR S.L.\" \/>\n<meta property=\"article:modified_time\" content=\"2021-07-23T11:25:04+00:00\" \/>\n<meta property=\"og:image\" content=\"http:\/\/metalgar.com\/wp-content\/uploads\/metalgar-plasticos-logistica-55.jpg\" \/>\n<meta name=\"twitter:card\" content=\"summary_large_image\" \/>\n<meta name=\"twitter:label1\" content=\"Est. reading time\" \/>\n\t<meta name=\"twitter:data1\" content=\"2 minutes\" \/>\n<script type=\"application\/ld+json\" class=\"yoast-schema-graph\">{\"@context\":\"https:\/\/schema.org\",\"@graph\":[{\"@type\":\"WebPage\",\"@id\":\"https:\/\/metalgar.com\/en\/logistics\/\",\"url\":\"https:\/\/metalgar.com\/en\/logistics\/\",\"name\":\"Logistics - METALGAR S.L.\",\"isPartOf\":{\"@id\":\"https:\/\/metalgar.com\/en\/#website\"},\"primaryImageOfPage\":{\"@id\":\"https:\/\/metalgar.com\/en\/logistics\/#primaryimage\"},\"image\":{\"@id\":\"https:\/\/metalgar.com\/en\/logistics\/#primaryimage\"},\"thumbnailUrl\":\"http:\/\/metalgar.com\/wp-content\/uploads\/metalgar-plasticos-logistica-55.jpg\",\"datePublished\":\"2021-07-20T12:52:56+00:00\",\"dateModified\":\"2021-07-23T11:25:04+00:00\",\"breadcrumb\":{\"@id\":\"https:\/\/metalgar.com\/en\/logistics\/#breadcrumb\"},\"inLanguage\":\"en-US\",\"potentialAction\":[{\"@type\":\"ReadAction\",\"target\":[\"https:\/\/metalgar.com\/en\/logistics\/\"]}]},{\"@type\":\"ImageObject\",\"inLanguage\":\"en-US\",\"@id\":\"https:\/\/metalgar.com\/en\/logistics\/#primaryimage\",\"url\":\"http:\/\/metalgar.com\/wp-content\/uploads\/metalgar-plasticos-logistica-55.jpg\",\"contentUrl\":\"http:\/\/metalgar.com\/wp-content\/uploads\/metalgar-plasticos-logistica-55.jpg\"},{\"@type\":\"BreadcrumbList\",\"@id\":\"https:\/\/metalgar.com\/en\/logistics\/#breadcrumb\",\"itemListElement\":[{\"@type\":\"ListItem\",\"position\":1,\"name\":\"Portada\",\"item\":\"https:\/\/metalgar.com\/en\/\"},{\"@type\":\"ListItem\",\"position\":2,\"name\":\"Logistics\"}]},{\"@type\":\"WebSite\",\"@id\":\"https:\/\/metalgar.com\/en\/#website\",\"url\":\"https:\/\/metalgar.com\/en\/\",\"name\":\"METALGAR S.L.\",\"description\":\"Inyecci\u00f3n y Extrusi\u00f3n de Pl\u00e1sticos - Log\u00edstica\",\"publisher\":{\"@id\":\"https:\/\/metalgar.com\/en\/#organization\"},\"potentialAction\":[{\"@type\":\"SearchAction\",\"target\":{\"@type\":\"EntryPoint\",\"urlTemplate\":\"https:\/\/metalgar.com\/en\/?s={search_term_string}\"},\"query-input\":{\"@type\":\"PropertyValueSpecification\",\"valueRequired\":true,\"valueName\":\"search_term_string\"}}],\"inLanguage\":\"en-US\"},{\"@type\":\"Organization\",\"@id\":\"https:\/\/metalgar.com\/en\/#organization\",\"name\":\"METALGAR S.L.\",\"url\":\"https:\/\/metalgar.com\/en\/\",\"logo\":{\"@type\":\"ImageObject\",\"inLanguage\":\"en-US\",\"@id\":\"https:\/\/metalgar.com\/en\/#\/schema\/logo\/image\/\",\"url\":\"https:\/\/metalgar.com\/wp-content\/uploads\/metalgar-plastics-logistics.png\",\"contentUrl\":\"https:\/\/metalgar.com\/wp-content\/uploads\/metalgar-plastics-logistics.png\",\"width\":240,\"height\":58,\"caption\":\"METALGAR S.L.\"},\"image\":{\"@id\":\"https:\/\/metalgar.com\/en\/#\/schema\/logo\/image\/\"}}]}<\/script>\n<!-- \/ Yoast SEO plugin. -->","yoast_head_json":{"title":"Logistics - METALGAR S.L.","robots":{"index":"index","follow":"follow","max-snippet":"max-snippet:-1","max-image-preview":"max-image-preview:large","max-video-preview":"max-video-preview:-1"},"canonical":"https:\/\/metalgar.com\/en\/logistics\/","og_locale":"en_US","og_type":"article","og_title":"Logistics - METALGAR S.L.","og_description":"LOGISTICS Storage facilities in Madrid Specialised logistics services including reception, identification and storage, picking operations, preparation of orders with batch control, and traceability of assets and dispatch. Complete with all required security systems designed for customers\u2019 peace of mind \u2013 traceability, surveillance, fire detection and merchandise insurance. Within our range of services, we offer wrapping\/packaging, [&hellip;]","og_url":"https:\/\/metalgar.com\/en\/logistics\/","og_site_name":"METALGAR S.L.","article_modified_time":"2021-07-23T11:25:04+00:00","og_image":[{"url":"http:\/\/metalgar.com\/wp-content\/uploads\/metalgar-plasticos-logistica-55.jpg","type":"","width":"","height":""}],"twitter_card":"summary_large_image","twitter_misc":{"Est. reading time":"2 minutes"},"schema":{"@context":"https:\/\/schema.org","@graph":[{"@type":"WebPage","@id":"https:\/\/metalgar.com\/en\/logistics\/","url":"https:\/\/metalgar.com\/en\/logistics\/","name":"Logistics - METALGAR S.L.","isPartOf":{"@id":"https:\/\/metalgar.com\/en\/#website"},"primaryImageOfPage":{"@id":"https:\/\/metalgar.com\/en\/logistics\/#primaryimage"},"image":{"@id":"https:\/\/metalgar.com\/en\/logistics\/#primaryimage"},"thumbnailUrl":"http:\/\/metalgar.com\/wp-content\/uploads\/metalgar-plasticos-logistica-55.jpg","datePublished":"2021-07-20T12:52:56+00:00","dateModified":"2021-07-23T11:25:04+00:00","breadcrumb":{"@id":"https:\/\/metalgar.com\/en\/logistics\/#breadcrumb"},"inLanguage":"en-US","potentialAction":[{"@type":"ReadAction","target":["https:\/\/metalgar.com\/en\/logistics\/"]}]},{"@type":"ImageObject","inLanguage":"en-US","@id":"https:\/\/metalgar.com\/en\/logistics\/#primaryimage","url":"http:\/\/metalgar.com\/wp-content\/uploads\/metalgar-plasticos-logistica-55.jpg","contentUrl":"http:\/\/metalgar.com\/wp-content\/uploads\/metalgar-plasticos-logistica-55.jpg"},{"@type":"BreadcrumbList","@id":"https:\/\/metalgar.com\/en\/logistics\/#breadcrumb","itemListElement":[{"@type":"ListItem","position":1,"name":"Portada","item":"https:\/\/metalgar.com\/en\/"},{"@type":"ListItem","position":2,"name":"Logistics"}]},{"@type":"WebSite","@id":"https:\/\/metalgar.com\/en\/#website","url":"https:\/\/metalgar.com\/en\/","name":"METALGAR S.L.","description":"Inyecci\u00f3n y Extrusi\u00f3n de Pl\u00e1sticos - Log\u00edstica","publisher":{"@id":"https:\/\/metalgar.com\/en\/#organization"},"potentialAction":[{"@type":"SearchAction","target":{"@type":"EntryPoint","urlTemplate":"https:\/\/metalgar.com\/en\/?s={search_term_string}"},"query-input":{"@type":"PropertyValueSpecification","valueRequired":true,"valueName":"search_term_string"}}],"inLanguage":"en-US"},{"@type":"Organization","@id":"https:\/\/metalgar.com\/en\/#organization","name":"METALGAR S.L.","url":"https:\/\/metalgar.com\/en\/","logo":{"@type":"ImageObject","inLanguage":"en-US","@id":"https:\/\/metalgar.com\/en\/#\/schema\/logo\/image\/","url":"https:\/\/metalgar.com\/wp-content\/uploads\/metalgar-plastics-logistics.png","contentUrl":"https:\/\/metalgar.com\/wp-content\/uploads\/metalgar-plastics-logistics.png","width":240,"height":58,"caption":"METALGAR S.L."},"image":{"@id":"https:\/\/metalgar.com\/en\/#\/schema\/logo\/image\/"}}]}},"_links":{"self":[{"href":"https:\/\/metalgar.com\/en\/wp-json\/wp\/v2\/pages\/2582","targetHints":{"allow":["GET"]}}],"collection":[{"href":"https:\/\/metalgar.com\/en\/wp-json\/wp\/v2\/pages"}],"about":[{"href":"https:\/\/metalgar.com\/en\/wp-json\/wp\/v2\/types\/page"}],"author":[{"embeddable":true,"href":"https:\/\/metalgar.com\/en\/wp-json\/wp\/v2\/users\/1"}],"replies":[{"embeddable":true,"href":"https:\/\/metalgar.com\/en\/wp-json\/wp\/v2\/comments?post=2582"}],"version-history":[{"count":5,"href":"https:\/\/metalgar.com\/en\/wp-json\/wp\/v2\/pages\/2582\/revisions"}],"predecessor-version":[{"id":3353,"href":"https:\/\/metalgar.com\/en\/wp-json\/wp\/v2\/pages\/2582\/revisions\/3353"}],"wp:attachment":[{"href":"https:\/\/metalgar.com\/en\/wp-json\/wp\/v2\/media?parent=2582"}],"curies":[{"name":"wp","href":"https:\/\/api.w.org\/{rel}","templated":true}]}}