{"id":2650,"date":"2021-07-21T11:13:29","date_gmt":"2021-07-21T11:13:29","guid":{"rendered":"http:\/\/metalgar.com\/mentions-legales\/"},"modified":"2021-07-28T16:14:46","modified_gmt":"2021-07-28T16:14:46","slug":"mentions-legales","status":"publish","type":"page","link":"https:\/\/metalgar.com\/fr\/mentions-legales\/","title":{"rendered":"Mention l\u00e9gale"},"content":{"rendered":"\n<h2 class=\"wp-block-heading\">MENTION L\u00c9GALE<\/h2>\n\n\n\n<p>Le site www.metalgar.com est un domaine sur Internet appartenant \u00e0 METALGAR S.L. (CIF B-28630580) dont le si\u00e8ge est \u00e0 Calle Herm\u00e9s 37, 28880 Meco, Madrid &#8211; T\u00e9l\u00e9phone 918860685.<br>Ces mentions l\u00e9gales r\u00e9gissent l\u2019utilisation dudit domaine. L\u2019utilisation de ce site Web implique l\u2019acceptation par l\u2019utilisateur des conditions d\u2019utilisation incluses dans cet avis. D\u2019autre part, METALGAR S.L. avertit que le contenu et les services de ce site Web ainsi que les conditions d\u2019utilisation peuvent \u00eatre modifi\u00e9s sans notification pr\u00e9alable.<\/p>\n\n\n\n<h2 class=\"wp-block-heading\">CONDITIONS D\u2019UTILISATION<\/h2>\n\n\n\n<ol class=\"wp-block-list\"><li>L\u2019utilisateur est soumis aux principes de l\u00e9galit\u00e9, de bonne foi et d\u2019ordre public, pour lesquels il sera responsable de la v\u00e9racit\u00e9 des donn\u00e9es qu\u2019il fournit. Il sera donc seul responsable de toute d\u00e9claration fausse ou inexacte faite et des dommages et pertes caus\u00e9s<\/li><li>Il est interdit de reproduire, distribuer, modifier ou copier le contenu de cette page, sauf si vous avez l\u2019autorisation du propri\u00e9taire du domaine ou \u00eates l\u00e9galement autoris\u00e9.<\/li><li>Il convient de souligner que les mineurs doivent obtenir l\u2019autorisation pr\u00e9alable de leurs parents, tuteurs ou repr\u00e9sentants l\u00e9gaux pour avoir acc\u00e8s aux services fournis. METALGAR S.L. n\u2019est pas responsable si les donn\u00e9es \u00e0 ce sujet sont inexactes ou fausses.<\/li><li>METALGAR S.L. n\u2019est pas responsable des liens (LINKS) vers d\u2019autres pages Internet de tiers et leur existence n\u2019implique pas que METALGAR S.L. approuve ou accepte leurs contenus et services. Ces autres sites ne sont pas contr\u00f4l\u00e9s par METALGAR S.L. ni couverts par la pr\u00e9sente Politique de confidentialit\u00e9. Si vous acc\u00e9dez \u00e0 d\u2019autres sites \u00e0 l\u2019aide des liens fournis, les op\u00e9rateurs de ces sites peuvent collecter vos donn\u00e9es personnelles. Assurez-vous que vous \u00eates en conformit\u00e9 avec les Politiques de confidentialit\u00e9 de ces sites Web tiers avant de fournir des informations personnelles.<\/li><\/ol>\n\n\n\n<h2 class=\"wp-block-heading\">PROTECTION DES DONN\u00c9ES \/ POLITIQUE DE CONFIDENTIALIT\u00c9<\/h2>\n\n\n\n<p>Conform\u00e9ment \u00e0 la Loi organique 15\/1999 en vigueur sur la Protection des donn\u00e9es, METALGAR S.L. informe que les donn\u00e9es personnelles des utilisateurs du site web seront incorpor\u00e9es et trait\u00e9es dans un fichier automatis\u00e9 appartenant \u00e0 METALGAR S.L. et qu\u2019elles seront g\u00e9r\u00e9es exclusivement aux fins d\u00e9crites dans chaque formulaire ou moyen de r\u00e9ponse. En cliquant sur le bouton \u00ab\u00a0ENVOYER\u00a0\u00bb, l\u2019utilisateur consent au traitement de ses donn\u00e9es par METALGAR S.L.<br>De m\u00eame, l\u2019utilisateur est inform\u00e9 qu\u2019il peut \u00e0 tout moment exercer les droits d\u2019acc\u00e8s, de rectification, d\u2019annulation et d\u2019opposition conform\u00e9ment \u00e0 la Loi organique 15\/1999, du 13 d\u00e9cembre 1999, sur la Protection des donn\u00e9es \u00e0 caract\u00e8re personnel, en notifiant METALGAR S.L., Calle Herm\u00e9s 37, 28880 Meco, Madrid. D\u2019autre part, conform\u00e9ment aux dispositions de la Loi 34\/2002 du 11 juillet sur les services de la soci\u00e9t\u00e9 de l\u2019information et du commerce \u00e9lectronique, METALGAR S.L. s\u2019engage \u00e0 ne pas envoyer de publicit\u00e9 par courrier \u00e9lectronique sans avoir pr\u00e9alablement recueilli l\u2019autorisation expresse du destinataire. L\u2019utilisateur peut s\u2019opposer \u00e0 l\u2019envoi de publicit\u00e9 en cochant la case correspondante.<br>METALGAR S.L. s\u2019engage \u00e0 ce que les donn\u00e9es \u00e0 caract\u00e8re personnel demand\u00e9es soient strictement n\u00e9cessaires pour effectuer le service demand\u00e9. Vous serez inform\u00e9, le cas \u00e9ch\u00e9ant, de l\u2019obligation de fournir certaines donn\u00e9es, sans lesquelles il ne serait pas possible de r\u00e9aliser la prestation.<br>De m\u00eame, METALGAR S.L., en tant que responsable du fichier, s\u2019engage \u00e0 maintenir le secret et la confidentialit\u00e9 sur les donn\u00e9es \u00e0 caract\u00e8re personnel qui lui sont fournies, en adoptant toutes les mesures de s\u00e9curit\u00e9 n\u00e9cessaires pour emp\u00eacher leur perte, modification sans consentement ou acc\u00e8s non autoris\u00e9, conform\u00e9ment au R\u00e8glement d\u2019application de la LOPD approuv\u00e9 par le D\u00e9cret Royal 1720\/2007 du 21 d\u00e9cembre.<\/p>\n","protected":false},"excerpt":{"rendered":"<p>MENTION L\u00c9GALE Le site www.metalgar.com est un domaine sur Internet appartenant \u00e0 METALGAR S.L. (CIF B-28630580) dont le si\u00e8ge est \u00e0 Calle Herm\u00e9s 37, 28880 Meco, Madrid &#8211; T\u00e9l\u00e9phone 918860685.Ces mentions l\u00e9gales r\u00e9gissent l\u2019utilisation dudit domaine. L\u2019utilisation de ce site Web implique l\u2019acceptation par l\u2019utilisateur des conditions d\u2019utilisation incluses dans cet avis. D\u2019autre part, METALGAR [&hellip;]<\/p>\n","protected":false},"author":1,"featured_media":0,"parent":0,"menu_order":0,"comment_status":"closed","ping_status":"closed","template":"","meta":{"footnotes":""},"class_list":["post-2650","page","type-page","status-publish","hentry"],"yoast_head":"<!-- This site is optimized with the Yoast SEO plugin v25.9 - https:\/\/yoast.com\/wordpress\/plugins\/seo\/ -->\n<title>Mention l\u00e9gale - METALGAR S.L.<\/title>\n<meta name=\"robots\" content=\"index, follow, max-snippet:-1, max-image-preview:large, max-video-preview:-1\" \/>\n<link rel=\"canonical\" href=\"https:\/\/metalgar.com\/fr\/mentions-legales\/\" \/>\n<meta property=\"og:locale\" content=\"fr_FR\" \/>\n<meta property=\"og:type\" content=\"article\" \/>\n<meta property=\"og:title\" content=\"Mention l\u00e9gale - METALGAR S.L.\" \/>\n<meta property=\"og:description\" content=\"MENTION L\u00c9GALE Le site www.metalgar.com est un domaine sur Internet appartenant \u00e0 METALGAR S.L. (CIF B-28630580) dont le si\u00e8ge est \u00e0 Calle Herm\u00e9s 37, 28880 Meco, Madrid &#8211; T\u00e9l\u00e9phone 918860685.Ces mentions l\u00e9gales r\u00e9gissent l\u2019utilisation dudit domaine. L\u2019utilisation de ce site Web implique l\u2019acceptation par l\u2019utilisateur des conditions d\u2019utilisation incluses dans cet avis. D\u2019autre part, METALGAR [&hellip;]\" \/>\n<meta property=\"og:url\" content=\"https:\/\/metalgar.com\/fr\/mentions-legales\/\" \/>\n<meta property=\"og:site_name\" content=\"METALGAR S.L.\" \/>\n<meta property=\"article:modified_time\" content=\"2021-07-28T16:14:46+00:00\" \/>\n<meta name=\"twitter:card\" content=\"summary_large_image\" \/>\n<meta name=\"twitter:label1\" content=\"Dur\u00e9e de lecture estim\u00e9e\" \/>\n\t<meta name=\"twitter:data1\" content=\"3 minutes\" \/>\n<script type=\"application\/ld+json\" class=\"yoast-schema-graph\">{\"@context\":\"https:\/\/schema.org\",\"@graph\":[{\"@type\":\"WebPage\",\"@id\":\"https:\/\/metalgar.com\/fr\/mentions-legales\/\",\"url\":\"https:\/\/metalgar.com\/fr\/mentions-legales\/\",\"name\":\"Mention l\u00e9gale - METALGAR S.L.\",\"isPartOf\":{\"@id\":\"https:\/\/metalgar.com\/fr\/#website\"},\"datePublished\":\"2021-07-21T11:13:29+00:00\",\"dateModified\":\"2021-07-28T16:14:46+00:00\",\"breadcrumb\":{\"@id\":\"https:\/\/metalgar.com\/fr\/mentions-legales\/#breadcrumb\"},\"inLanguage\":\"fr-FR\",\"potentialAction\":[{\"@type\":\"ReadAction\",\"target\":[\"https:\/\/metalgar.com\/fr\/mentions-legales\/\"]}]},{\"@type\":\"BreadcrumbList\",\"@id\":\"https:\/\/metalgar.com\/fr\/mentions-legales\/#breadcrumb\",\"itemListElement\":[{\"@type\":\"ListItem\",\"position\":1,\"name\":\"Portada\",\"item\":\"https:\/\/metalgar.com\/fr\/\"},{\"@type\":\"ListItem\",\"position\":2,\"name\":\"Mention l\u00e9gale\"}]},{\"@type\":\"WebSite\",\"@id\":\"https:\/\/metalgar.com\/fr\/#website\",\"url\":\"https:\/\/metalgar.com\/fr\/\",\"name\":\"METALGAR S.L.\",\"description\":\"Inyecci\u00f3n y Extrusi\u00f3n de Pl\u00e1sticos - Log\u00edstica\",\"publisher\":{\"@id\":\"https:\/\/metalgar.com\/fr\/#organization\"},\"potentialAction\":[{\"@type\":\"SearchAction\",\"target\":{\"@type\":\"EntryPoint\",\"urlTemplate\":\"https:\/\/metalgar.com\/fr\/?s={search_term_string}\"},\"query-input\":{\"@type\":\"PropertyValueSpecification\",\"valueRequired\":true,\"valueName\":\"search_term_string\"}}],\"inLanguage\":\"fr-FR\"},{\"@type\":\"Organization\",\"@id\":\"https:\/\/metalgar.com\/fr\/#organization\",\"name\":\"METALGAR S.L.\",\"url\":\"https:\/\/metalgar.com\/fr\/\",\"logo\":{\"@type\":\"ImageObject\",\"inLanguage\":\"fr-FR\",\"@id\":\"https:\/\/metalgar.com\/fr\/#\/schema\/logo\/image\/\",\"url\":\"https:\/\/metalgar.com\/wp-content\/uploads\/metalgar-plastics-logistics.png\",\"contentUrl\":\"https:\/\/metalgar.com\/wp-content\/uploads\/metalgar-plastics-logistics.png\",\"width\":240,\"height\":58,\"caption\":\"METALGAR S.L.\"},\"image\":{\"@id\":\"https:\/\/metalgar.com\/fr\/#\/schema\/logo\/image\/\"}}]}<\/script>\n<!-- \/ Yoast SEO plugin. -->","yoast_head_json":{"title":"Mention l\u00e9gale - METALGAR S.L.","robots":{"index":"index","follow":"follow","max-snippet":"max-snippet:-1","max-image-preview":"max-image-preview:large","max-video-preview":"max-video-preview:-1"},"canonical":"https:\/\/metalgar.com\/fr\/mentions-legales\/","og_locale":"fr_FR","og_type":"article","og_title":"Mention l\u00e9gale - METALGAR S.L.","og_description":"MENTION L\u00c9GALE Le site www.metalgar.com est un domaine sur Internet appartenant \u00e0 METALGAR S.L. (CIF B-28630580) dont le si\u00e8ge est \u00e0 Calle Herm\u00e9s 37, 28880 Meco, Madrid &#8211; T\u00e9l\u00e9phone 918860685.Ces mentions l\u00e9gales r\u00e9gissent l\u2019utilisation dudit domaine. L\u2019utilisation de ce site Web implique l\u2019acceptation par l\u2019utilisateur des conditions d\u2019utilisation incluses dans cet avis. D\u2019autre part, METALGAR [&hellip;]","og_url":"https:\/\/metalgar.com\/fr\/mentions-legales\/","og_site_name":"METALGAR S.L.","article_modified_time":"2021-07-28T16:14:46+00:00","twitter_card":"summary_large_image","twitter_misc":{"Dur\u00e9e de lecture estim\u00e9e":"3 minutes"},"schema":{"@context":"https:\/\/schema.org","@graph":[{"@type":"WebPage","@id":"https:\/\/metalgar.com\/fr\/mentions-legales\/","url":"https:\/\/metalgar.com\/fr\/mentions-legales\/","name":"Mention l\u00e9gale - METALGAR S.L.","isPartOf":{"@id":"https:\/\/metalgar.com\/fr\/#website"},"datePublished":"2021-07-21T11:13:29+00:00","dateModified":"2021-07-28T16:14:46+00:00","breadcrumb":{"@id":"https:\/\/metalgar.com\/fr\/mentions-legales\/#breadcrumb"},"inLanguage":"fr-FR","potentialAction":[{"@type":"ReadAction","target":["https:\/\/metalgar.com\/fr\/mentions-legales\/"]}]},{"@type":"BreadcrumbList","@id":"https:\/\/metalgar.com\/fr\/mentions-legales\/#breadcrumb","itemListElement":[{"@type":"ListItem","position":1,"name":"Portada","item":"https:\/\/metalgar.com\/fr\/"},{"@type":"ListItem","position":2,"name":"Mention l\u00e9gale"}]},{"@type":"WebSite","@id":"https:\/\/metalgar.com\/fr\/#website","url":"https:\/\/metalgar.com\/fr\/","name":"METALGAR S.L.","description":"Inyecci\u00f3n y Extrusi\u00f3n de Pl\u00e1sticos - Log\u00edstica","publisher":{"@id":"https:\/\/metalgar.com\/fr\/#organization"},"potentialAction":[{"@type":"SearchAction","target":{"@type":"EntryPoint","urlTemplate":"https:\/\/metalgar.com\/fr\/?s={search_term_string}"},"query-input":{"@type":"PropertyValueSpecification","valueRequired":true,"valueName":"search_term_string"}}],"inLanguage":"fr-FR"},{"@type":"Organization","@id":"https:\/\/metalgar.com\/fr\/#organization","name":"METALGAR S.L.","url":"https:\/\/metalgar.com\/fr\/","logo":{"@type":"ImageObject","inLanguage":"fr-FR","@id":"https:\/\/metalgar.com\/fr\/#\/schema\/logo\/image\/","url":"https:\/\/metalgar.com\/wp-content\/uploads\/metalgar-plastics-logistics.png","contentUrl":"https:\/\/metalgar.com\/wp-content\/uploads\/metalgar-plastics-logistics.png","width":240,"height":58,"caption":"METALGAR S.L."},"image":{"@id":"https:\/\/metalgar.com\/fr\/#\/schema\/logo\/image\/"}}]}},"_links":{"self":[{"href":"https:\/\/metalgar.com\/fr\/wp-json\/wp\/v2\/pages\/2650","targetHints":{"allow":["GET"]}}],"collection":[{"href":"https:\/\/metalgar.com\/fr\/wp-json\/wp\/v2\/pages"}],"about":[{"href":"https:\/\/metalgar.com\/fr\/wp-json\/wp\/v2\/types\/page"}],"author":[{"embeddable":true,"href":"https:\/\/metalgar.com\/fr\/wp-json\/wp\/v2\/users\/1"}],"replies":[{"embeddable":true,"href":"https:\/\/metalgar.com\/fr\/wp-json\/wp\/v2\/comments?post=2650"}],"version-history":[{"count":2,"href":"https:\/\/metalgar.com\/fr\/wp-json\/wp\/v2\/pages\/2650\/revisions"}],"predecessor-version":[{"id":3399,"href":"https:\/\/metalgar.com\/fr\/wp-json\/wp\/v2\/pages\/2650\/revisions\/3399"}],"wp:attachment":[{"href":"https:\/\/metalgar.com\/fr\/wp-json\/wp\/v2\/media?parent=2650"}],"curies":[{"name":"wp","href":"https:\/\/api.w.org\/{rel}","templated":true}]}}