{"id":2652,"date":"2021-07-21T11:14:50","date_gmt":"2021-07-21T11:14:50","guid":{"rendered":"http:\/\/metalgar.com\/politique-de-confidentialite\/"},"modified":"2021-07-28T16:13:09","modified_gmt":"2021-07-28T16:13:09","slug":"politique-de-confidentialite","status":"publish","type":"page","link":"https:\/\/metalgar.com\/fr\/politique-de-confidentialite\/","title":{"rendered":"Politique de confidentialit\u00e9"},"content":{"rendered":"\n<h2 class=\"wp-block-heading\">Qui sommes-nous<\/h2>\n\n\n\n<p>L\u2019adresse de notre site web est\u00a0: http:\/\/metalgar.com.<br>Conform\u00e9ment \u00e0 la Loi organique 15\/1999 en vigueur sur la Protection des donn\u00e9es, METALGAR S.L. informe que les donn\u00e9es personnelles des utilisateurs du site web seront incorpor\u00e9es et trait\u00e9es dans un fichier automatis\u00e9 appartenant \u00e0 METALGAR S.L. et qu\u2019elles seront g\u00e9r\u00e9es exclusivement aux fins d\u00e9crites dans chaque formulaire ou moyen de r\u00e9ponse. En cliquant sur le bouton \u00ab\u00a0ENVOYER\u00a0\u00bb, l\u2019utilisateur consent au traitement de ses donn\u00e9es par METALGAR S.L.<br>De m\u00eame, l\u2019utilisateur est inform\u00e9 qu\u2019il peut \u00e0 tout moment exercer les droits d\u2019acc\u00e8s, de rectification, d\u2019annulation et d\u2019opposition conform\u00e9ment \u00e0 la Loi organique 15\/1999, du 13 d\u00e9cembre 1999, sur la Protection des donn\u00e9es \u00e0 caract\u00e8re personnel, en notifiant METALGAR S.L., Calle Herm\u00e9s 37, 28880 Meco, Madrid. D\u2019autre part, conform\u00e9ment aux dispositions de la Loi 34\/2002 du 11 juillet sur les services de la soci\u00e9t\u00e9 de l\u2019information et du commerce \u00e9lectronique, METALGAR S.L. s\u2019engage \u00e0 ne pas envoyer de publicit\u00e9 par courrier \u00e9lectronique sans avoir pr\u00e9alablement recueilli l\u2019autorisation expresse du destinataire. L\u2019utilisateur peut s\u2019opposer \u00e0 l\u2019envoi de publicit\u00e9 en cochant la case correspondante.<br>METALGAR S.L. s\u2019engage \u00e0 ce que les donn\u00e9es \u00e0 caract\u00e8re personnel demand\u00e9es soient strictement n\u00e9cessaires pour effectuer le service demand\u00e9. Vous serez inform\u00e9, le cas \u00e9ch\u00e9ant, de l\u2019obligation de fournir certaines donn\u00e9es, sans lesquelles il ne serait pas possible de r\u00e9aliser la prestation.<br>De m\u00eame, METALGAR S.L., en tant que responsable du fichier, s\u2019engage \u00e0 maintenir le secret et la confidentialit\u00e9 sur les donn\u00e9es \u00e0 caract\u00e8re personnel qui lui sont fournies, en adoptant toutes les mesures de s\u00e9curit\u00e9 n\u00e9cessaires pour emp\u00eacher leur perte, modification sans consentement ou acc\u00e8s non autoris\u00e9, conform\u00e9ment au R\u00e8glement d\u2019application de la LOPD approuv\u00e9 par le D\u00e9cret Royal 1720\/2007 du 21 d\u00e9cembre.<\/p>\n\n\n\n<h2 class=\"wp-block-heading\">Commentaires<\/h2>\n\n\n\n<p>Lorsque les visiteurs laissent des commentaires sur le Web, nous collectons les donn\u00e9es affich\u00e9es dans le formulaire de commentaires, ainsi que l\u2019adresse IP du visiteur et la cha\u00eene d\u2019agents d\u2019utilisateur du navigateur afin de faciliter la d\u00e9tection de courrier ind\u00e9sirable (spam).<br>Une cha\u00eene anonyme cr\u00e9\u00e9e \u00e0 partir de votre adresse e-mail (\u00e9galement appel\u00e9 la valeur de hachage) peut \u00eatre fournie au service Gravatar pour d\u00e9terminer si vous l\u2019utilisez. La politique de confidentialit\u00e9 du service Gravatar est disponible ici : https:\/\/automattic.com\/privacy\/. Apr\u00e8s l\u2019approbation de votre commentaire, l\u2019image de votre profil sera visible au public dans le contexte de votre commentaire.<\/p>\n\n\n\n<h2 class=\"wp-block-heading\">M\u00e9dias<\/h2>\n\n\n\n<p>Si vous t\u00e9l\u00e9chargez des images sur le Web, \u00e9vitez de les t\u00e9l\u00e9charger avec des donn\u00e9es de localisation (GPS EXIF) incluses. Les visiteurs du Web peuvent t\u00e9l\u00e9charger et extraire toutes les donn\u00e9es de localisation \u00e0 partir d\u2019images sur le Web.<\/p>\n\n\n\n<h2 class=\"wp-block-heading\">Cookies<\/h2>\n\n\n\n<p>Si vous d\u00e9posez un commentaire sur notre site, il vous sera propos\u00e9 d\u2019enregistrer votre nom, votre adresse de messagerie et votre site web dans des cookies. C\u2019est uniquement pour votre confort afin de ne pas avoir \u00e0 saisir ces informations si vous d\u00e9posez un autre commentaire plus tard. Ces cookies expirent au bout d\u2019un an.<br>Si vous avez un compte et que vous vous connectez \u00e0 ce site, nous installerons un cookie temporaire pour d\u00e9terminer si votre navigateur accepte les cookies. Ce cookie ne contient aucune donn\u00e9e personnelle et est supprim\u00e9 lorsque vous fermez votre navigateur.<br>Lors de votre connexion, nous installerons \u00e9galement plusieurs cookies pour sauvegarder vos informations de connexion et vos options d\u2019affichage. Les cookies de session restent pendant deux jours et les cookies \u00e0 l\u2019\u00e9cran restent pendant un an. Si vous s\u00e9lectionnez \u00ab\u00a0M\u00e9moriser mes informations\u00a0\u00bb, votre acc\u00e8s \u00e0 la connexion durera deux semaines. Si vous vous d\u00e9connectez de votre compte, les cookies de session seront supprim\u00e9s.<br>Si vous \u00e9ditez ou publiez un article, un cookie suppl\u00e9mentaire sera enregistr\u00e9 dans votre navigateur. Ce cookie ne comprend pas les donn\u00e9es personnelles et indique simplement l\u2019ID de poste de l\u2019article que vous venez d\u2019\u00e9diter. Il expire apr\u00e8s 1 jour.<\/p>\n\n\n\n<h2 class=\"wp-block-heading\">Contenu int\u00e9gr\u00e9 provenant d\u2019autres sites<\/h2>\n\n\n\n<p>Les articles de ce site peuvent contenir des contenus int\u00e9gr\u00e9s (par exemple, des vid\u00e9os, des images, des articles, etc.). Le contenu int\u00e9gr\u00e9 des autres sites Web se comporte exactement de la m\u00eame mani\u00e8re que si le visiteur avait visit\u00e9 l\u2019autre site Web.<br>Ces sites Web peuvent collecter des donn\u00e9es \u00e0 votre sujet, utiliser des cookies, int\u00e9grer un suivi suppl\u00e9mentaire de tiers, et surveiller votre interaction avec ce contenu int\u00e9gr\u00e9, y compris le suivi de votre interaction avec le contenu int\u00e9gr\u00e9 si vous poss\u00e9dez un compte et si vous \u00eates connect\u00e9 \u00e0 ce site Web.<\/p>\n\n\n\n<h2 class=\"wp-block-heading\">Avec qui partageons-nous vos donn\u00e9es<\/h2>\n\n\n\n<p>Si vous demandez une r\u00e9initialisation de mot de passe, votre adresse IP sera incluse dans l\u2019e-mail de r\u00e9initialisation.<\/p>\n\n\n\n<h2 class=\"wp-block-heading\">Combien de temps conservons-nous vos donn\u00e9es \u00e0 caract\u00e8re personnel<\/h2>\n\n\n\n<p>Si vous laissez un commentaire, le commentaire et ses m\u00e9tadonn\u00e9es se conservent ind\u00e9finiment. Cela permet de reconna\u00eetre et d\u2019approuver automatiquement les commentaires successifs au lieu de les conserver dans une file d\u2019attente de mod\u00e9ration.<br>Parmi les utilisateurs qui s\u2019inscrivent sur notre site (le cas \u00e9ch\u00e9ant), nous conservons \u00e9galement les informations personnelles qu\u2019ils fournissent dans leur profil d\u2019utilisateur. Tous les utilisateurs peuvent consulter, modifier ou supprimer leurs informations personnelles \u00e0 tout moment (sauf qu\u2019ils ne peuvent pas modifier leur nom d\u2019utilisateur). Les administrateurs du site peuvent \u00e9galement consulter et \u00e9diter ces informations.<\/p>\n\n\n\n<h2 class=\"wp-block-heading\">Quels droits avez-vous sur vos donn\u00e9es<\/h2>\n\n\n\n<p>Si vous avez un compte ou avez laiss\u00e9 des commentaires sur ce site, vous pouvez demander \u00e0 recevoir un fichier d\u2019exportation des donn\u00e9es personnelles que nous avons \u00e0 votre sujet, y compris les informations que vous nous avez fournies. Vous pouvez \u00e9galement demander que nous supprimions toutes les informations personnelles dont nous disposons sur vous. Cela n\u2019inclut pas les donn\u00e9es que nous sommes tenus de conserver \u00e0 des fins administratives, juridiques ou de s\u00e9curit\u00e9.<\/p>\n\n\n\n<h2 class=\"wp-block-heading\">O\u00f9 envoyons-nous vos donn\u00e9es<\/h2>\n\n\n\n<p>Les commentaires des visiteurs peuvent \u00eatre examin\u00e9s par un service de d\u00e9tection automatique du spam.<\/p>\n","protected":false},"excerpt":{"rendered":"<p>Qui sommes-nous L\u2019adresse de notre site web est\u00a0: http:\/\/metalgar.com.Conform\u00e9ment \u00e0 la Loi organique 15\/1999 en vigueur sur la Protection des donn\u00e9es, METALGAR S.L. informe que les donn\u00e9es personnelles des utilisateurs du site web seront incorpor\u00e9es et trait\u00e9es dans un fichier automatis\u00e9 appartenant \u00e0 METALGAR S.L. et qu\u2019elles seront g\u00e9r\u00e9es exclusivement aux fins d\u00e9crites dans chaque [&hellip;]<\/p>\n","protected":false},"author":1,"featured_media":0,"parent":0,"menu_order":0,"comment_status":"closed","ping_status":"closed","template":"","meta":{"footnotes":""},"class_list":["post-2652","page","type-page","status-publish","hentry"],"yoast_head":"<!-- This site is optimized with the Yoast SEO plugin v25.9 - https:\/\/yoast.com\/wordpress\/plugins\/seo\/ -->\n<title>Politique de confidentialit\u00e9 - METALGAR S.L.<\/title>\n<meta name=\"robots\" content=\"index, follow, max-snippet:-1, max-image-preview:large, max-video-preview:-1\" \/>\n<link rel=\"canonical\" href=\"https:\/\/metalgar.com\/fr\/politique-de-confidentialite\/\" \/>\n<meta property=\"og:locale\" content=\"fr_FR\" \/>\n<meta property=\"og:type\" content=\"article\" \/>\n<meta property=\"og:title\" content=\"Politique de confidentialit\u00e9 - METALGAR S.L.\" \/>\n<meta property=\"og:description\" content=\"Qui sommes-nous L\u2019adresse de notre site web est\u00a0: http:\/\/metalgar.com.Conform\u00e9ment \u00e0 la Loi organique 15\/1999 en vigueur sur la Protection des donn\u00e9es, METALGAR S.L. informe que les donn\u00e9es personnelles des utilisateurs du site web seront incorpor\u00e9es et trait\u00e9es dans un fichier automatis\u00e9 appartenant \u00e0 METALGAR S.L. et qu\u2019elles seront g\u00e9r\u00e9es exclusivement aux fins d\u00e9crites dans chaque [&hellip;]\" \/>\n<meta property=\"og:url\" content=\"https:\/\/metalgar.com\/fr\/politique-de-confidentialite\/\" \/>\n<meta property=\"og:site_name\" content=\"METALGAR S.L.\" \/>\n<meta property=\"article:modified_time\" content=\"2021-07-28T16:13:09+00:00\" \/>\n<meta name=\"twitter:card\" content=\"summary_large_image\" \/>\n<meta name=\"twitter:label1\" content=\"Dur\u00e9e de lecture estim\u00e9e\" \/>\n\t<meta name=\"twitter:data1\" content=\"5 minutes\" \/>\n<script type=\"application\/ld+json\" class=\"yoast-schema-graph\">{\"@context\":\"https:\/\/schema.org\",\"@graph\":[{\"@type\":\"WebPage\",\"@id\":\"https:\/\/metalgar.com\/fr\/politique-de-confidentialite\/\",\"url\":\"https:\/\/metalgar.com\/fr\/politique-de-confidentialite\/\",\"name\":\"Politique de confidentialit\u00e9 - METALGAR S.L.\",\"isPartOf\":{\"@id\":\"https:\/\/metalgar.com\/fr\/#website\"},\"datePublished\":\"2021-07-21T11:14:50+00:00\",\"dateModified\":\"2021-07-28T16:13:09+00:00\",\"breadcrumb\":{\"@id\":\"https:\/\/metalgar.com\/fr\/politique-de-confidentialite\/#breadcrumb\"},\"inLanguage\":\"fr-FR\",\"potentialAction\":[{\"@type\":\"ReadAction\",\"target\":[\"https:\/\/metalgar.com\/fr\/politique-de-confidentialite\/\"]}]},{\"@type\":\"BreadcrumbList\",\"@id\":\"https:\/\/metalgar.com\/fr\/politique-de-confidentialite\/#breadcrumb\",\"itemListElement\":[{\"@type\":\"ListItem\",\"position\":1,\"name\":\"Portada\",\"item\":\"https:\/\/metalgar.com\/fr\/\"},{\"@type\":\"ListItem\",\"position\":2,\"name\":\"Politique de confidentialit\u00e9\"}]},{\"@type\":\"WebSite\",\"@id\":\"https:\/\/metalgar.com\/fr\/#website\",\"url\":\"https:\/\/metalgar.com\/fr\/\",\"name\":\"METALGAR S.L.\",\"description\":\"Inyecci\u00f3n y Extrusi\u00f3n de Pl\u00e1sticos - Log\u00edstica\",\"publisher\":{\"@id\":\"https:\/\/metalgar.com\/fr\/#organization\"},\"potentialAction\":[{\"@type\":\"SearchAction\",\"target\":{\"@type\":\"EntryPoint\",\"urlTemplate\":\"https:\/\/metalgar.com\/fr\/?s={search_term_string}\"},\"query-input\":{\"@type\":\"PropertyValueSpecification\",\"valueRequired\":true,\"valueName\":\"search_term_string\"}}],\"inLanguage\":\"fr-FR\"},{\"@type\":\"Organization\",\"@id\":\"https:\/\/metalgar.com\/fr\/#organization\",\"name\":\"METALGAR S.L.\",\"url\":\"https:\/\/metalgar.com\/fr\/\",\"logo\":{\"@type\":\"ImageObject\",\"inLanguage\":\"fr-FR\",\"@id\":\"https:\/\/metalgar.com\/fr\/#\/schema\/logo\/image\/\",\"url\":\"https:\/\/metalgar.com\/wp-content\/uploads\/metalgar-plastics-logistics.png\",\"contentUrl\":\"https:\/\/metalgar.com\/wp-content\/uploads\/metalgar-plastics-logistics.png\",\"width\":240,\"height\":58,\"caption\":\"METALGAR S.L.\"},\"image\":{\"@id\":\"https:\/\/metalgar.com\/fr\/#\/schema\/logo\/image\/\"}}]}<\/script>\n<!-- \/ Yoast SEO plugin. -->","yoast_head_json":{"title":"Politique de confidentialit\u00e9 - METALGAR S.L.","robots":{"index":"index","follow":"follow","max-snippet":"max-snippet:-1","max-image-preview":"max-image-preview:large","max-video-preview":"max-video-preview:-1"},"canonical":"https:\/\/metalgar.com\/fr\/politique-de-confidentialite\/","og_locale":"fr_FR","og_type":"article","og_title":"Politique de confidentialit\u00e9 - METALGAR S.L.","og_description":"Qui sommes-nous L\u2019adresse de notre site web est\u00a0: http:\/\/metalgar.com.Conform\u00e9ment \u00e0 la Loi organique 15\/1999 en vigueur sur la Protection des donn\u00e9es, METALGAR S.L. informe que les donn\u00e9es personnelles des utilisateurs du site web seront incorpor\u00e9es et trait\u00e9es dans un fichier automatis\u00e9 appartenant \u00e0 METALGAR S.L. et qu\u2019elles seront g\u00e9r\u00e9es exclusivement aux fins d\u00e9crites dans chaque [&hellip;]","og_url":"https:\/\/metalgar.com\/fr\/politique-de-confidentialite\/","og_site_name":"METALGAR S.L.","article_modified_time":"2021-07-28T16:13:09+00:00","twitter_card":"summary_large_image","twitter_misc":{"Dur\u00e9e de lecture estim\u00e9e":"5 minutes"},"schema":{"@context":"https:\/\/schema.org","@graph":[{"@type":"WebPage","@id":"https:\/\/metalgar.com\/fr\/politique-de-confidentialite\/","url":"https:\/\/metalgar.com\/fr\/politique-de-confidentialite\/","name":"Politique de confidentialit\u00e9 - METALGAR S.L.","isPartOf":{"@id":"https:\/\/metalgar.com\/fr\/#website"},"datePublished":"2021-07-21T11:14:50+00:00","dateModified":"2021-07-28T16:13:09+00:00","breadcrumb":{"@id":"https:\/\/metalgar.com\/fr\/politique-de-confidentialite\/#breadcrumb"},"inLanguage":"fr-FR","potentialAction":[{"@type":"ReadAction","target":["https:\/\/metalgar.com\/fr\/politique-de-confidentialite\/"]}]},{"@type":"BreadcrumbList","@id":"https:\/\/metalgar.com\/fr\/politique-de-confidentialite\/#breadcrumb","itemListElement":[{"@type":"ListItem","position":1,"name":"Portada","item":"https:\/\/metalgar.com\/fr\/"},{"@type":"ListItem","position":2,"name":"Politique de confidentialit\u00e9"}]},{"@type":"WebSite","@id":"https:\/\/metalgar.com\/fr\/#website","url":"https:\/\/metalgar.com\/fr\/","name":"METALGAR S.L.","description":"Inyecci\u00f3n y Extrusi\u00f3n de Pl\u00e1sticos - Log\u00edstica","publisher":{"@id":"https:\/\/metalgar.com\/fr\/#organization"},"potentialAction":[{"@type":"SearchAction","target":{"@type":"EntryPoint","urlTemplate":"https:\/\/metalgar.com\/fr\/?s={search_term_string}"},"query-input":{"@type":"PropertyValueSpecification","valueRequired":true,"valueName":"search_term_string"}}],"inLanguage":"fr-FR"},{"@type":"Organization","@id":"https:\/\/metalgar.com\/fr\/#organization","name":"METALGAR S.L.","url":"https:\/\/metalgar.com\/fr\/","logo":{"@type":"ImageObject","inLanguage":"fr-FR","@id":"https:\/\/metalgar.com\/fr\/#\/schema\/logo\/image\/","url":"https:\/\/metalgar.com\/wp-content\/uploads\/metalgar-plastics-logistics.png","contentUrl":"https:\/\/metalgar.com\/wp-content\/uploads\/metalgar-plastics-logistics.png","width":240,"height":58,"caption":"METALGAR S.L."},"image":{"@id":"https:\/\/metalgar.com\/fr\/#\/schema\/logo\/image\/"}}]}},"_links":{"self":[{"href":"https:\/\/metalgar.com\/fr\/wp-json\/wp\/v2\/pages\/2652","targetHints":{"allow":["GET"]}}],"collection":[{"href":"https:\/\/metalgar.com\/fr\/wp-json\/wp\/v2\/pages"}],"about":[{"href":"https:\/\/metalgar.com\/fr\/wp-json\/wp\/v2\/types\/page"}],"author":[{"embeddable":true,"href":"https:\/\/metalgar.com\/fr\/wp-json\/wp\/v2\/users\/1"}],"replies":[{"embeddable":true,"href":"https:\/\/metalgar.com\/fr\/wp-json\/wp\/v2\/comments?post=2652"}],"version-history":[{"count":2,"href":"https:\/\/metalgar.com\/fr\/wp-json\/wp\/v2\/pages\/2652\/revisions"}],"predecessor-version":[{"id":3398,"href":"https:\/\/metalgar.com\/fr\/wp-json\/wp\/v2\/pages\/2652\/revisions\/3398"}],"wp:attachment":[{"href":"https:\/\/metalgar.com\/fr\/wp-json\/wp\/v2\/media?parent=2652"}],"curies":[{"name":"wp","href":"https:\/\/api.w.org\/{rel}","templated":true}]}}