{"id":2654,"date":"2021-07-21T11:15:06","date_gmt":"2021-07-21T11:15:06","guid":{"rendered":"http:\/\/metalgar.com\/contact\/"},"modified":"2022-02-08T08:22:52","modified_gmt":"2022-02-08T08:22:52","slug":"contact","status":"publish","type":"page","link":"https:\/\/metalgar.com\/fr\/contact\/","title":{"rendered":"Contact"},"content":{"rendered":"\t\t<div data-elementor-type=\"wp-page\" data-elementor-id=\"2654\" class=\"elementor elementor-2654 elementor-45\">\n\t\t\t\t\t\t<section class=\"elementor-section elementor-top-section elementor-element elementor-element-4e886c3 elementor-section-full_width elementor-section-height-default elementor-section-height-default\" data-id=\"4e886c3\" data-element_type=\"section\">\n\t\t\t\t\t\t<div class=\"elementor-container elementor-column-gap-no\">\n\t\t\t\t\t<div class=\"elementor-column elementor-col-100 elementor-top-column elementor-element elementor-element-21821d9\" data-id=\"21821d9\" data-element_type=\"column\">\n\t\t\t<div class=\"elementor-widget-wrap elementor-element-populated\">\n\t\t\t\t\t\t<div class=\"elementor-element elementor-element-8eb072d elementor-align-center elementor-widget elementor-widget-bdevs-contact-info\" data-id=\"8eb072d\" data-element_type=\"widget\" data-widget_type=\"bdevs-contact-info.default\">\n\t\t\t\t<div class=\"elementor-widget-container\">\n\t\t\t\t\t\n   \t    <section class=\"contact-box-area el-contact-box-area\">\n            <div class=\"container\">\n            \t\t                <div class=\"row\">\n\t                    <div class=\"col-xl-6 col-lg-6 offset-lg-3 offset-xl-3\">\n\t                        <div class=\"section-title mb-75 el-section-title\">\n\t                            \t\t\t\t\t                <span>Metalgar<\/span>\n\t\t\t\t\t             \n\t                            \n\t                            \t\t\t\t\t               <h1>Datos de contacto<\/h1>\n\t\t\t\t\t            \t                        <\/div>\n\t                    <\/div>\n\t                <\/div>\n                                <div class=\"row\">\n            \t      \n\t\t\t\t\t\t<div class=\"col-xl-4 col-lg-4 col-md-4\">\n\t                        <div class=\"contact-box text-center mb-30\">\n\t                            \t                            \t<i class=\"fas fa-envelope\"><\/i>\n\t                        \t\t\n\n\t                            \t\t\t\t\t\t\t\t\t<h3>Email<\/h3>\n\t\t\t\t\t\t\t\t\n\t \t\t\t\t\t\t\t\t\t\t\t\t\t\t\t\t<p>info@metalgar.com<\/p>\t\t\t\t\t\t\t\t\t                        <\/div>\n\t                    <\/div>\n                      \n\t\t\t\t\t\t<div class=\"col-xl-4 col-lg-4 col-md-4\">\n\t                        <div class=\"contact-box text-center mb-30\">\n\t                            \t                            \t<i class=\"fas fa-map-marker-alt\"><\/i>\n\t                        \t\t\n\n\t                            \t\t\t\t\t\t\t\t\t<h3>Direcci\u00f3n<\/h3>\n\t\t\t\t\t\t\t\t\n\t \t\t\t\t\t\t\t\t\t\t\t\t\t\t\t\t<p>Calle Hermes, 37, 28880 Meco, Madrid<\/p>\t\t\t\t\t\t\t\t\t                        <\/div>\n\t                    <\/div>\n                      \n\t\t\t\t\t\t<div class=\"col-xl-4 col-lg-4 col-md-4\">\n\t                        <div class=\"contact-box text-center mb-30\">\n\t                            \t                            \t<i class=\"fas fa-phone\"><\/i>\n\t                        \t\t\n\n\t                            \t\t\t\t\t\t\t\t\t<h3>Tel\u00e9fono<\/h3>\n\t\t\t\t\t\t\t\t\n\t \t\t\t\t\t\t\t\t\t\t\t\t\t\t\t\t<p>(+34) 918 86 06 85<\/p>\t\t\t\t\t\t\t\t\t                        <\/div>\n\t                    <\/div>\n                                    <\/div>\n            <\/div>\n        <\/section>\n       \t\n\t\t\t\t\t<\/div>\n\t\t\t\t<\/div>\n\t\t\t\t\t<\/div>\n\t\t<\/div>\n\t\t\t\t\t<\/div>\n\t\t<\/section>\n\t\t\t\t<section class=\"elementor-section elementor-top-section elementor-element elementor-element-ea40b7c elementor-section-full_width elementor-section-height-default elementor-section-height-default\" data-id=\"ea40b7c\" data-element_type=\"section\">\n\t\t\t\t\t\t<div class=\"elementor-container elementor-column-gap-no\">\n\t\t\t\t\t<div class=\"elementor-column elementor-col-100 elementor-top-column elementor-element elementor-element-1fbda1b\" data-id=\"1fbda1b\" data-element_type=\"column\">\n\t\t\t<div class=\"elementor-widget-wrap elementor-element-populated\">\n\t\t\t\t\t\t<div class=\"elementor-element elementor-element-0e129a0 elementor-widget elementor-widget-google_maps\" data-id=\"0e129a0\" data-element_type=\"widget\" data-widget_type=\"google_maps.default\">\n\t\t\t\t<div class=\"elementor-widget-container\">\n\t\t\t\t\t\t\t<div class=\"elementor-custom-embed\">\n\t\t\t<iframe loading=\"lazy\"\n\t\t\t\t\tsrc=\"https:\/\/maps.google.com\/maps?q=Metalgar%2C%20Madrid&#038;t=m&#038;z=10&#038;output=embed&#038;iwloc=near\"\n\t\t\t\t\ttitle=\"Metalgar, Madrid\"\n\t\t\t\t\taria-label=\"Metalgar, Madrid\"\n\t\t\t><\/iframe>\n\t\t<\/div>\n\t\t\t\t\t\t<\/div>\n\t\t\t\t<\/div>\n\t\t\t\t\t<\/div>\n\t\t<\/div>\n\t\t\t\t\t<\/div>\n\t\t<\/section>\n\t\t\t\t<section class=\"elementor-section elementor-top-section elementor-element elementor-element-f04e32c elementor-section-full_width elementor-section-height-default elementor-section-height-default\" data-id=\"f04e32c\" data-element_type=\"section\">\n\t\t\t\t\t\t<div class=\"elementor-container elementor-column-gap-no\">\n\t\t\t\t\t<div class=\"elementor-column elementor-col-100 elementor-top-column elementor-element elementor-element-4897e7a\" data-id=\"4897e7a\" data-element_type=\"column\">\n\t\t\t<div class=\"elementor-widget-wrap elementor-element-populated\">\n\t\t\t\t\t\t<div class=\"elementor-element elementor-element-2d076e7 elementor-align-center elementor-widget elementor-widget-bdevs-contact\" data-id=\"2d076e7\" data-element_type=\"widget\" data-widget_type=\"bdevs-contact.default\">\n\t\t\t\t<div class=\"elementor-widget-container\">\n\t\t\t\t\t\n            <!-- contact-area-start -->\n            <div class=\"contact-area el-contact-area\">\n                <div class=\"container\">\n                    <div class=\"row\">\n                        <div class=\"col-xl-6 col-lg-6 offset-lg-3 offset-xl-3\">\n                            <div class=\"section-title el-section-title mb-75\">\n                                \t\t\t\t\t\t\t\t\t<span>Env\u00edanos un mensaje<\/span>\n\t\t\t\t\t\t\t\t\n                                \t\t\t\t\t\t\t\t\t<h1>Formulario de contacto<\/h1>\n\t\t\t\t\t\t\t\t                            <\/div>\n                        <\/div>\n                    <\/div>\n                    <div class=\"row\">\n                        <div class=\"col-xl-12\">\n                            <div id=\"contacts-us-form\" class=\"contacts-us-form\">\n                            \t\n<div class=\"wpcf7 no-js\" id=\"wpcf7-f2712-o1\" lang=\"fr-FR\" dir=\"ltr\" data-wpcf7-id=\"2712\">\n<div class=\"screen-reader-response\"><p role=\"status\" aria-live=\"polite\" aria-atomic=\"true\"><\/p> <ul><\/ul><\/div>\n<form action=\"\/fr\/wp-json\/wp\/v2\/pages\/2654#wpcf7-f2712-o1\" method=\"post\" class=\"wpcf7-form init\" aria-label=\"Formulaire de contact\" novalidate=\"novalidate\" data-status=\"init\">\n<fieldset class=\"hidden-fields-container\"><input type=\"hidden\" name=\"_wpcf7\" value=\"2712\" \/><input type=\"hidden\" name=\"_wpcf7_version\" value=\"6.1.1\" \/><input type=\"hidden\" name=\"_wpcf7_locale\" value=\"fr_FR\" \/><input type=\"hidden\" name=\"_wpcf7_unit_tag\" value=\"wpcf7-f2712-o1\" \/><input type=\"hidden\" name=\"_wpcf7_container_post\" value=\"0\" \/><input type=\"hidden\" name=\"_wpcf7_posted_data_hash\" value=\"\" \/><input type=\"hidden\" name=\"_wpcf7_recaptcha_response\" value=\"\" \/>\n<\/fieldset>\n<div class=\"row\">\n\t<div class=\"col-md-4\">\n\t\t<div class=\"contacts-icon contactss-name\">\n\t\t\t<p><span class=\"wpcf7-form-control-wrap\" data-name=\"text-479\"><input size=\"40\" maxlength=\"400\" class=\"wpcf7-form-control wpcf7-text\" aria-invalid=\"false\" placeholder=\"Nom...\" value=\"\" type=\"text\" name=\"text-479\" \/><\/span>\n\t\t\t<\/p>\n\t\t<\/div>\n\t<\/div>\n\t<div class=\"col-md-4\">\n\t\t<div class=\"contacts-icon contactss-email\">\n\t\t\t<p><span class=\"wpcf7-form-control-wrap\" data-name=\"email-120\"><input size=\"40\" maxlength=\"400\" class=\"wpcf7-form-control wpcf7-email wpcf7-text wpcf7-validates-as-email\" aria-invalid=\"false\" placeholder=\"E-mail...\" value=\"\" type=\"email\" name=\"email-120\" \/><\/span>\n\t\t\t<\/p>\n\t\t<\/div>\n\t<\/div>\n\t<div class=\"col-md-4\">\n\t\t<div class=\"contacts-icon contactss-website\">\n\t\t\t<p><span class=\"wpcf7-form-control-wrap\" data-name=\"text-85\"><input size=\"40\" maxlength=\"400\" class=\"wpcf7-form-control wpcf7-text\" aria-invalid=\"false\" placeholder=\"Entreprise...\" value=\"\" type=\"text\" name=\"text-85\" \/><\/span>\n\t\t\t<\/p>\n\t\t<\/div>\n\t<\/div>\n\t<div class=\"col-md-12\">\n\t\t<div class=\"contacts-icon contactss-message\">\n\t\t\t<p><span class=\"wpcf7-form-control-wrap\" data-name=\"textarea-606\"><textarea cols=\"40\" rows=\"10\" maxlength=\"2000\" class=\"wpcf7-form-control wpcf7-textarea\" aria-invalid=\"false\" placeholder=\"Message...\" name=\"textarea-606\"><\/textarea><\/span>\n\t\t\t<\/p>\n\t\t<\/div>\n\t<\/div>\n\t<div class=\"col-md-12\">\n\t\t<div class=\"contacts-us-form-button text-center\">\n\t\t\t<p><input class=\"wpcf7-form-control wpcf7-submit has-spinner b-btn btn-black\" type=\"submit\" value=\"Envoyer un message\" \/>\n\t\t\t<\/p>\n\t\t<\/div>\n\t<\/div>\n<\/div><div class=\"wpcf7-response-output\" aria-hidden=\"true\"><\/div>\n<\/form>\n<\/div>\n                            <\/div>\n                        <\/div>\n                    <\/div>\n                <\/div>\n            <\/div>\n            <!-- contact-area-end -->\n        \t\n\t\t\t\t\t<\/div>\n\t\t\t\t<\/div>\n\t\t\t\t\t<\/div>\n\t\t<\/div>\n\t\t\t\t\t<\/div>\n\t\t<\/section>\n\t\t\t\t<\/div>\n\t\t","protected":false},"excerpt":{"rendered":"<p>Metalgar Datos de contacto Email info@metalgar.com Direcci\u00f3n Calle Hermes, 37, 28880 Meco, Madrid Tel\u00e9fono (+34) 918 86 06 85 Env\u00edanos un mensaje Formulario de contacto<\/p>\n","protected":false},"author":1,"featured_media":0,"parent":0,"menu_order":0,"comment_status":"closed","ping_status":"closed","template":"elementor_header_footer","meta":{"footnotes":""},"class_list":["post-2654","page","type-page","status-publish","hentry"],"yoast_head":"<!-- This site is optimized with the Yoast SEO plugin v25.9 - https:\/\/yoast.com\/wordpress\/plugins\/seo\/ -->\n<title>Contact - METALGAR S.L.<\/title>\n<meta name=\"robots\" content=\"index, follow, max-snippet:-1, max-image-preview:large, max-video-preview:-1\" \/>\n<link rel=\"canonical\" href=\"https:\/\/metalgar.com\/fr\/contact\/\" \/>\n<meta property=\"og:locale\" content=\"fr_FR\" \/>\n<meta property=\"og:type\" content=\"article\" \/>\n<meta property=\"og:title\" content=\"Contact - METALGAR S.L.\" \/>\n<meta property=\"og:description\" content=\"Metalgar Datos de contacto Email info@metalgar.com Direcci\u00f3n Calle Hermes, 37, 28880 Meco, Madrid Tel\u00e9fono (+34) 918 86 06 85 Env\u00edanos un mensaje Formulario de contacto\" \/>\n<meta property=\"og:url\" content=\"https:\/\/metalgar.com\/fr\/contact\/\" \/>\n<meta property=\"og:site_name\" content=\"METALGAR S.L.\" \/>\n<meta property=\"article:modified_time\" content=\"2022-02-08T08:22:52+00:00\" \/>\n<meta name=\"twitter:card\" content=\"summary_large_image\" \/>\n<meta name=\"twitter:label1\" content=\"Dur\u00e9e de lecture estim\u00e9e\" \/>\n\t<meta name=\"twitter:data1\" content=\"1 minute\" \/>\n<script type=\"application\/ld+json\" class=\"yoast-schema-graph\">{\"@context\":\"https:\/\/schema.org\",\"@graph\":[{\"@type\":\"WebPage\",\"@id\":\"https:\/\/metalgar.com\/fr\/contact\/\",\"url\":\"https:\/\/metalgar.com\/fr\/contact\/\",\"name\":\"Contact - METALGAR S.L.\",\"isPartOf\":{\"@id\":\"https:\/\/metalgar.com\/fr\/#website\"},\"datePublished\":\"2021-07-21T11:15:06+00:00\",\"dateModified\":\"2022-02-08T08:22:52+00:00\",\"breadcrumb\":{\"@id\":\"https:\/\/metalgar.com\/fr\/contact\/#breadcrumb\"},\"inLanguage\":\"fr-FR\",\"potentialAction\":[{\"@type\":\"ReadAction\",\"target\":[\"https:\/\/metalgar.com\/fr\/contact\/\"]}]},{\"@type\":\"BreadcrumbList\",\"@id\":\"https:\/\/metalgar.com\/fr\/contact\/#breadcrumb\",\"itemListElement\":[{\"@type\":\"ListItem\",\"position\":1,\"name\":\"Portada\",\"item\":\"https:\/\/metalgar.com\/fr\/\"},{\"@type\":\"ListItem\",\"position\":2,\"name\":\"Contact\"}]},{\"@type\":\"WebSite\",\"@id\":\"https:\/\/metalgar.com\/fr\/#website\",\"url\":\"https:\/\/metalgar.com\/fr\/\",\"name\":\"METALGAR S.L.\",\"description\":\"Inyecci\u00f3n y Extrusi\u00f3n de Pl\u00e1sticos - Log\u00edstica\",\"publisher\":{\"@id\":\"https:\/\/metalgar.com\/fr\/#organization\"},\"potentialAction\":[{\"@type\":\"SearchAction\",\"target\":{\"@type\":\"EntryPoint\",\"urlTemplate\":\"https:\/\/metalgar.com\/fr\/?s={search_term_string}\"},\"query-input\":{\"@type\":\"PropertyValueSpecification\",\"valueRequired\":true,\"valueName\":\"search_term_string\"}}],\"inLanguage\":\"fr-FR\"},{\"@type\":\"Organization\",\"@id\":\"https:\/\/metalgar.com\/fr\/#organization\",\"name\":\"METALGAR S.L.\",\"url\":\"https:\/\/metalgar.com\/fr\/\",\"logo\":{\"@type\":\"ImageObject\",\"inLanguage\":\"fr-FR\",\"@id\":\"https:\/\/metalgar.com\/fr\/#\/schema\/logo\/image\/\",\"url\":\"https:\/\/metalgar.com\/wp-content\/uploads\/metalgar-plastics-logistics.png\",\"contentUrl\":\"https:\/\/metalgar.com\/wp-content\/uploads\/metalgar-plastics-logistics.png\",\"width\":240,\"height\":58,\"caption\":\"METALGAR S.L.\"},\"image\":{\"@id\":\"https:\/\/metalgar.com\/fr\/#\/schema\/logo\/image\/\"}}]}<\/script>\n<!-- \/ Yoast SEO plugin. -->","yoast_head_json":{"title":"Contact - METALGAR S.L.","robots":{"index":"index","follow":"follow","max-snippet":"max-snippet:-1","max-image-preview":"max-image-preview:large","max-video-preview":"max-video-preview:-1"},"canonical":"https:\/\/metalgar.com\/fr\/contact\/","og_locale":"fr_FR","og_type":"article","og_title":"Contact - METALGAR S.L.","og_description":"Metalgar Datos de contacto Email info@metalgar.com Direcci\u00f3n Calle Hermes, 37, 28880 Meco, Madrid Tel\u00e9fono (+34) 918 86 06 85 Env\u00edanos un mensaje Formulario de contacto","og_url":"https:\/\/metalgar.com\/fr\/contact\/","og_site_name":"METALGAR S.L.","article_modified_time":"2022-02-08T08:22:52+00:00","twitter_card":"summary_large_image","twitter_misc":{"Dur\u00e9e de lecture estim\u00e9e":"1 minute"},"schema":{"@context":"https:\/\/schema.org","@graph":[{"@type":"WebPage","@id":"https:\/\/metalgar.com\/fr\/contact\/","url":"https:\/\/metalgar.com\/fr\/contact\/","name":"Contact - METALGAR S.L.","isPartOf":{"@id":"https:\/\/metalgar.com\/fr\/#website"},"datePublished":"2021-07-21T11:15:06+00:00","dateModified":"2022-02-08T08:22:52+00:00","breadcrumb":{"@id":"https:\/\/metalgar.com\/fr\/contact\/#breadcrumb"},"inLanguage":"fr-FR","potentialAction":[{"@type":"ReadAction","target":["https:\/\/metalgar.com\/fr\/contact\/"]}]},{"@type":"BreadcrumbList","@id":"https:\/\/metalgar.com\/fr\/contact\/#breadcrumb","itemListElement":[{"@type":"ListItem","position":1,"name":"Portada","item":"https:\/\/metalgar.com\/fr\/"},{"@type":"ListItem","position":2,"name":"Contact"}]},{"@type":"WebSite","@id":"https:\/\/metalgar.com\/fr\/#website","url":"https:\/\/metalgar.com\/fr\/","name":"METALGAR S.L.","description":"Inyecci\u00f3n y Extrusi\u00f3n de Pl\u00e1sticos - Log\u00edstica","publisher":{"@id":"https:\/\/metalgar.com\/fr\/#organization"},"potentialAction":[{"@type":"SearchAction","target":{"@type":"EntryPoint","urlTemplate":"https:\/\/metalgar.com\/fr\/?s={search_term_string}"},"query-input":{"@type":"PropertyValueSpecification","valueRequired":true,"valueName":"search_term_string"}}],"inLanguage":"fr-FR"},{"@type":"Organization","@id":"https:\/\/metalgar.com\/fr\/#organization","name":"METALGAR S.L.","url":"https:\/\/metalgar.com\/fr\/","logo":{"@type":"ImageObject","inLanguage":"fr-FR","@id":"https:\/\/metalgar.com\/fr\/#\/schema\/logo\/image\/","url":"https:\/\/metalgar.com\/wp-content\/uploads\/metalgar-plastics-logistics.png","contentUrl":"https:\/\/metalgar.com\/wp-content\/uploads\/metalgar-plastics-logistics.png","width":240,"height":58,"caption":"METALGAR S.L."},"image":{"@id":"https:\/\/metalgar.com\/fr\/#\/schema\/logo\/image\/"}}]}},"_links":{"self":[{"href":"https:\/\/metalgar.com\/fr\/wp-json\/wp\/v2\/pages\/2654","targetHints":{"allow":["GET"]}}],"collection":[{"href":"https:\/\/metalgar.com\/fr\/wp-json\/wp\/v2\/pages"}],"about":[{"href":"https:\/\/metalgar.com\/fr\/wp-json\/wp\/v2\/types\/page"}],"author":[{"embeddable":true,"href":"https:\/\/metalgar.com\/fr\/wp-json\/wp\/v2\/users\/1"}],"replies":[{"embeddable":true,"href":"https:\/\/metalgar.com\/fr\/wp-json\/wp\/v2\/comments?post=2654"}],"version-history":[{"count":10,"href":"https:\/\/metalgar.com\/fr\/wp-json\/wp\/v2\/pages\/2654\/revisions"}],"predecessor-version":[{"id":3685,"href":"https:\/\/metalgar.com\/fr\/wp-json\/wp\/v2\/pages\/2654\/revisions\/3685"}],"wp:attachment":[{"href":"https:\/\/metalgar.com\/fr\/wp-json\/wp\/v2\/media?parent=2654"}],"curies":[{"name":"wp","href":"https:\/\/api.w.org\/{rel}","templated":true}]}}