{"id":2689,"date":"2021-07-21T12:05:39","date_gmt":"2021-07-21T12:05:39","guid":{"rendered":"http:\/\/metalgar.com\/montage\/"},"modified":"2021-07-29T12:31:50","modified_gmt":"2021-07-29T12:31:50","slug":"montage","status":"publish","type":"page","link":"https:\/\/metalgar.com\/fr\/montage\/","title":{"rendered":"Montage"},"content":{"rendered":"\t\t<div data-elementor-type=\"wp-page\" data-elementor-id=\"2689\" class=\"elementor elementor-2689 elementor-1190\">\n\t\t\t\t\t\t<section class=\"elementor-section elementor-top-section elementor-element elementor-element-0e63b42 elementor-section-full_width elementor-section-height-default elementor-section-height-default\" data-id=\"0e63b42\" data-element_type=\"section\">\n\t\t\t\t\t\t<div class=\"elementor-container elementor-column-gap-no\">\n\t\t\t\t\t<div class=\"elementor-column elementor-col-100 elementor-top-column elementor-element elementor-element-e1ae5eb\" data-id=\"e1ae5eb\" data-element_type=\"column\">\n\t\t\t<div class=\"elementor-widget-wrap elementor-element-populated\">\n\t\t\t\t\t\t<div class=\"elementor-element elementor-element-d171867 elementor-align-left elementor-widget elementor-widget-bdevs-history\" data-id=\"d171867\" data-element_type=\"widget\" data-widget_type=\"bdevs-history.default\">\n\t\t\t\t<div class=\"elementor-widget-container\">\n\t\t\t\t\t\t\t\t<!-- history-area-start -->\n           <div class=\"history-area el-history-area\">\n               <div class=\"container\">\n                   <div class=\"row\">\n                       <div class=\"col-xl-5 col-lg-5\">\n                           <div class=\"single-history mb-30\">\n                               <div class=\"history-text el-section-title\">\n\t                                \t                                \t<span>LIGNES DE MONTAGE<\/span>\n\t                            \t\n\t\t                            \t                                \t<h1>Automatiques et manuelles<\/h1>\n\t\t                                                           <\/div>\n                           <\/div>\n                       <\/div>\n                       <div class=\"col-xl-7 col-lg-7\">\n                           <div class=\"history-wrapper mb-30\">\n                               <div class=\"history-content el-history-content\">\n                               \t\t\t                                \t<h4>Montage des modules<\/h4>\n\t\t                                                           \t\t\n\n\t\t                        \t\t                                \t<p>Nous travaillons avec diff\u00e9rents types de montages. Des montages qui, par leur volume, permettent d'\u00eatre automatis\u00e9s aux montages manuels que nous ex\u00e9cutons sur nos deux lignes adaptables \u00e0 diff\u00e9rentes configurations. Avec nos propres produits et avec les produits du client. Ligne flexible pour le montage du produit final.<\/p>\n<p>Nous r\u00e9alisons des montages sp\u00e9ciaux pour nos clients, aussi bien des composants inject\u00e9s par nous, que des composants tiers. Ce sont des ensembles qui comprennent g\u00e9n\u00e9ralement des instructions, le conditionnement et les tests des composants impliqu\u00e9s.<\/p>\n<h4>D\u00e9coration<\/h4>\n<p>Nous travaillons avec diff\u00e9rents types d'impression pour d\u00e9corer tous les types de formats. Nous disposons de lignes de SERIGRAPHIE, de THERMO-IMPRESSION et de TAMPOGRAPHIE.<\/p><\/p>\n\t\t                            \n\t                                \t\t                                <a href=\"https:\/\/metalgar.com\/fr\/departement-logistique\/\" target=\"_self\">D\u00c9PARTEMENT LOGISTIQUE <i class=\"far fa-long-arrow-right\"><\/i><\/a>\n\t\t                             \n                               <\/div>\n                           <\/div>\n                       <\/div>\n                   <\/div>\n               <\/div>\n           <\/div>\n           <!-- history-area-end -->\n\n         \t\n\n\t\t\t\t\t<\/div>\n\t\t\t\t<\/div>\n\t\t\t\t\t<\/div>\n\t\t<\/div>\n\t\t\t\t\t<\/div>\n\t\t<\/section>\n\t\t\t\t<section class=\"elementor-section elementor-top-section elementor-element elementor-element-1f44354 elementor-section-full_width elementor-section-height-default elementor-section-height-default\" data-id=\"1f44354\" data-element_type=\"section\">\n\t\t\t\t\t\t<div class=\"elementor-container elementor-column-gap-no\">\n\t\t\t\t\t<div class=\"elementor-column elementor-col-50 elementor-top-column elementor-element elementor-element-765a2d1\" data-id=\"765a2d1\" data-element_type=\"column\">\n\t\t\t<div class=\"elementor-widget-wrap elementor-element-populated\">\n\t\t\t\t\t\t<div class=\"elementor-element elementor-element-9d69cf3 elementor-widget elementor-widget-image\" data-id=\"9d69cf3\" data-element_type=\"widget\" data-widget_type=\"image.default\">\n\t\t\t\t<div class=\"elementor-widget-container\">\n\t\t\t\t\t\t\t\t\t\t\t\t\t\t\t<img fetchpriority=\"high\" decoding=\"async\" width=\"1920\" height=\"1280\" src=\"https:\/\/metalgar.com\/wp-content\/uploads\/metalgar-plasticos-logistica-51.jpg\" class=\"attachment-full size-full wp-image-1620\" alt=\"\" srcset=\"https:\/\/metalgar.com\/wp-content\/uploads\/metalgar-plasticos-logistica-51.jpg 1920w, https:\/\/metalgar.com\/wp-content\/uploads\/metalgar-plasticos-logistica-51-300x200.jpg 300w, https:\/\/metalgar.com\/wp-content\/uploads\/metalgar-plasticos-logistica-51-1024x683.jpg 1024w, https:\/\/metalgar.com\/wp-content\/uploads\/metalgar-plasticos-logistica-51-768x512.jpg 768w, https:\/\/metalgar.com\/wp-content\/uploads\/metalgar-plasticos-logistica-51-1536x1024.jpg 1536w\" sizes=\"(max-width: 1920px) 100vw, 1920px\" \/>\t\t\t\t\t\t\t\t\t\t\t\t\t\t\t<\/div>\n\t\t\t\t<\/div>\n\t\t\t\t\t<\/div>\n\t\t<\/div>\n\t\t\t\t<div class=\"elementor-column elementor-col-50 elementor-top-column elementor-element elementor-element-8aee98f\" data-id=\"8aee98f\" data-element_type=\"column\">\n\t\t\t<div class=\"elementor-widget-wrap elementor-element-populated\">\n\t\t\t\t\t\t<div class=\"elementor-element elementor-element-71a0c7c elementor-widget elementor-widget-image\" data-id=\"71a0c7c\" data-element_type=\"widget\" data-widget_type=\"image.default\">\n\t\t\t\t<div class=\"elementor-widget-container\">\n\t\t\t\t\t\t\t\t\t\t\t\t\t\t\t<img decoding=\"async\" width=\"1920\" height=\"1280\" src=\"https:\/\/metalgar.com\/wp-content\/uploads\/montaje-serigrafi\u0301a.jpg\" class=\"attachment-full size-full wp-image-2304\" alt=\"\" srcset=\"https:\/\/metalgar.com\/wp-content\/uploads\/montaje-serigrafi\u0301a.jpg 1920w, https:\/\/metalgar.com\/wp-content\/uploads\/montaje-serigrafi\u0301a-300x200.jpg 300w, https:\/\/metalgar.com\/wp-content\/uploads\/montaje-serigrafi\u0301a-1024x683.jpg 1024w, https:\/\/metalgar.com\/wp-content\/uploads\/montaje-serigrafi\u0301a-768x512.jpg 768w, https:\/\/metalgar.com\/wp-content\/uploads\/montaje-serigrafi\u0301a-1536x1024.jpg 1536w\" sizes=\"(max-width: 1920px) 100vw, 1920px\" \/>\t\t\t\t\t\t\t\t\t\t\t\t\t\t\t<\/div>\n\t\t\t\t<\/div>\n\t\t\t\t\t<\/div>\n\t\t<\/div>\n\t\t\t\t\t<\/div>\n\t\t<\/section>\n\t\t\t\t<section class=\"elementor-section elementor-top-section elementor-element elementor-element-88780ae elementor-section-boxed elementor-section-height-default elementor-section-height-default\" data-id=\"88780ae\" data-element_type=\"section\">\n\t\t\t\t\t\t<div class=\"elementor-container elementor-column-gap-default\">\n\t\t\t\t\t<div class=\"elementor-column elementor-col-100 elementor-top-column elementor-element elementor-element-ede03ee\" data-id=\"ede03ee\" data-element_type=\"column\">\n\t\t\t<div class=\"elementor-widget-wrap elementor-element-populated\">\n\t\t\t\t\t\t<div class=\"elementor-element elementor-element-12849ae elementor-widget elementor-widget-spacer\" data-id=\"12849ae\" data-element_type=\"widget\" data-widget_type=\"spacer.default\">\n\t\t\t\t<div class=\"elementor-widget-container\">\n\t\t\t\t\t\t\t<div class=\"elementor-spacer\">\n\t\t\t<div class=\"elementor-spacer-inner\"><\/div>\n\t\t<\/div>\n\t\t\t\t\t\t<\/div>\n\t\t\t\t<\/div>\n\t\t\t\t\t<\/div>\n\t\t<\/div>\n\t\t\t\t\t<\/div>\n\t\t<\/section>\n\t\t\t\t<\/div>\n\t\t","protected":false},"excerpt":{"rendered":"<p>LIGNES DE MONTAGE Automatiques et manuelles Montage des modules Nous travaillons avec diff\u00e9rents types de montages. Des montages qui, par leur volume, permettent d&rsquo;\u00eatre automatis\u00e9s aux montages manuels que nous ex\u00e9cutons sur nos deux lignes adaptables \u00e0 diff\u00e9rentes configurations. Avec nos propres produits et avec les produits du client. Ligne flexible pour le montage du [&hellip;]<\/p>\n","protected":false},"author":1,"featured_media":0,"parent":0,"menu_order":0,"comment_status":"closed","ping_status":"closed","template":"elementor_header_footer","meta":{"footnotes":""},"class_list":["post-2689","page","type-page","status-publish","hentry"],"yoast_head":"<!-- This site is optimized with the Yoast SEO plugin v25.9 - https:\/\/yoast.com\/wordpress\/plugins\/seo\/ -->\n<title>Montage - METALGAR S.L.<\/title>\n<meta name=\"robots\" content=\"index, follow, max-snippet:-1, max-image-preview:large, max-video-preview:-1\" \/>\n<link rel=\"canonical\" href=\"https:\/\/metalgar.com\/fr\/montage\/\" \/>\n<meta property=\"og:locale\" content=\"fr_FR\" \/>\n<meta property=\"og:type\" content=\"article\" \/>\n<meta property=\"og:title\" content=\"Montage - METALGAR S.L.\" \/>\n<meta property=\"og:description\" content=\"LIGNES DE MONTAGE Automatiques et manuelles Montage des modules Nous travaillons avec diff\u00e9rents types de montages. Des montages qui, par leur volume, permettent d&rsquo;\u00eatre automatis\u00e9s aux montages manuels que nous ex\u00e9cutons sur nos deux lignes adaptables \u00e0 diff\u00e9rentes configurations. Avec nos propres produits et avec les produits du client. Ligne flexible pour le montage du [&hellip;]\" \/>\n<meta property=\"og:url\" content=\"https:\/\/metalgar.com\/fr\/montage\/\" \/>\n<meta property=\"og:site_name\" content=\"METALGAR S.L.\" \/>\n<meta property=\"article:modified_time\" content=\"2021-07-29T12:31:50+00:00\" \/>\n<meta property=\"og:image\" content=\"http:\/\/metalgar.com\/wp-content\/uploads\/metalgar-plasticos-logistica-51.jpg\" \/>\n<meta name=\"twitter:card\" content=\"summary_large_image\" \/>\n<meta name=\"twitter:label1\" content=\"Dur\u00e9e de lecture estim\u00e9e\" \/>\n\t<meta name=\"twitter:data1\" content=\"1 minute\" \/>\n<script type=\"application\/ld+json\" class=\"yoast-schema-graph\">{\"@context\":\"https:\/\/schema.org\",\"@graph\":[{\"@type\":\"WebPage\",\"@id\":\"https:\/\/metalgar.com\/fr\/montage\/\",\"url\":\"https:\/\/metalgar.com\/fr\/montage\/\",\"name\":\"Montage - METALGAR S.L.\",\"isPartOf\":{\"@id\":\"https:\/\/metalgar.com\/fr\/#website\"},\"primaryImageOfPage\":{\"@id\":\"https:\/\/metalgar.com\/fr\/montage\/#primaryimage\"},\"image\":{\"@id\":\"https:\/\/metalgar.com\/fr\/montage\/#primaryimage\"},\"thumbnailUrl\":\"http:\/\/metalgar.com\/wp-content\/uploads\/metalgar-plasticos-logistica-51.jpg\",\"datePublished\":\"2021-07-21T12:05:39+00:00\",\"dateModified\":\"2021-07-29T12:31:50+00:00\",\"breadcrumb\":{\"@id\":\"https:\/\/metalgar.com\/fr\/montage\/#breadcrumb\"},\"inLanguage\":\"fr-FR\",\"potentialAction\":[{\"@type\":\"ReadAction\",\"target\":[\"https:\/\/metalgar.com\/fr\/montage\/\"]}]},{\"@type\":\"ImageObject\",\"inLanguage\":\"fr-FR\",\"@id\":\"https:\/\/metalgar.com\/fr\/montage\/#primaryimage\",\"url\":\"http:\/\/metalgar.com\/wp-content\/uploads\/metalgar-plasticos-logistica-51.jpg\",\"contentUrl\":\"http:\/\/metalgar.com\/wp-content\/uploads\/metalgar-plasticos-logistica-51.jpg\"},{\"@type\":\"BreadcrumbList\",\"@id\":\"https:\/\/metalgar.com\/fr\/montage\/#breadcrumb\",\"itemListElement\":[{\"@type\":\"ListItem\",\"position\":1,\"name\":\"Portada\",\"item\":\"https:\/\/metalgar.com\/fr\/\"},{\"@type\":\"ListItem\",\"position\":2,\"name\":\"Montage\"}]},{\"@type\":\"WebSite\",\"@id\":\"https:\/\/metalgar.com\/fr\/#website\",\"url\":\"https:\/\/metalgar.com\/fr\/\",\"name\":\"METALGAR S.L.\",\"description\":\"Inyecci\u00f3n y Extrusi\u00f3n de Pl\u00e1sticos - Log\u00edstica\",\"publisher\":{\"@id\":\"https:\/\/metalgar.com\/fr\/#organization\"},\"potentialAction\":[{\"@type\":\"SearchAction\",\"target\":{\"@type\":\"EntryPoint\",\"urlTemplate\":\"https:\/\/metalgar.com\/fr\/?s={search_term_string}\"},\"query-input\":{\"@type\":\"PropertyValueSpecification\",\"valueRequired\":true,\"valueName\":\"search_term_string\"}}],\"inLanguage\":\"fr-FR\"},{\"@type\":\"Organization\",\"@id\":\"https:\/\/metalgar.com\/fr\/#organization\",\"name\":\"METALGAR S.L.\",\"url\":\"https:\/\/metalgar.com\/fr\/\",\"logo\":{\"@type\":\"ImageObject\",\"inLanguage\":\"fr-FR\",\"@id\":\"https:\/\/metalgar.com\/fr\/#\/schema\/logo\/image\/\",\"url\":\"https:\/\/metalgar.com\/wp-content\/uploads\/metalgar-plastics-logistics.png\",\"contentUrl\":\"https:\/\/metalgar.com\/wp-content\/uploads\/metalgar-plastics-logistics.png\",\"width\":240,\"height\":58,\"caption\":\"METALGAR S.L.\"},\"image\":{\"@id\":\"https:\/\/metalgar.com\/fr\/#\/schema\/logo\/image\/\"}}]}<\/script>\n<!-- \/ Yoast SEO plugin. -->","yoast_head_json":{"title":"Montage - METALGAR S.L.","robots":{"index":"index","follow":"follow","max-snippet":"max-snippet:-1","max-image-preview":"max-image-preview:large","max-video-preview":"max-video-preview:-1"},"canonical":"https:\/\/metalgar.com\/fr\/montage\/","og_locale":"fr_FR","og_type":"article","og_title":"Montage - METALGAR S.L.","og_description":"LIGNES DE MONTAGE Automatiques et manuelles Montage des modules Nous travaillons avec diff\u00e9rents types de montages. Des montages qui, par leur volume, permettent d&rsquo;\u00eatre automatis\u00e9s aux montages manuels que nous ex\u00e9cutons sur nos deux lignes adaptables \u00e0 diff\u00e9rentes configurations. Avec nos propres produits et avec les produits du client. Ligne flexible pour le montage du [&hellip;]","og_url":"https:\/\/metalgar.com\/fr\/montage\/","og_site_name":"METALGAR S.L.","article_modified_time":"2021-07-29T12:31:50+00:00","og_image":[{"url":"http:\/\/metalgar.com\/wp-content\/uploads\/metalgar-plasticos-logistica-51.jpg","type":"","width":"","height":""}],"twitter_card":"summary_large_image","twitter_misc":{"Dur\u00e9e de lecture estim\u00e9e":"1 minute"},"schema":{"@context":"https:\/\/schema.org","@graph":[{"@type":"WebPage","@id":"https:\/\/metalgar.com\/fr\/montage\/","url":"https:\/\/metalgar.com\/fr\/montage\/","name":"Montage - METALGAR S.L.","isPartOf":{"@id":"https:\/\/metalgar.com\/fr\/#website"},"primaryImageOfPage":{"@id":"https:\/\/metalgar.com\/fr\/montage\/#primaryimage"},"image":{"@id":"https:\/\/metalgar.com\/fr\/montage\/#primaryimage"},"thumbnailUrl":"http:\/\/metalgar.com\/wp-content\/uploads\/metalgar-plasticos-logistica-51.jpg","datePublished":"2021-07-21T12:05:39+00:00","dateModified":"2021-07-29T12:31:50+00:00","breadcrumb":{"@id":"https:\/\/metalgar.com\/fr\/montage\/#breadcrumb"},"inLanguage":"fr-FR","potentialAction":[{"@type":"ReadAction","target":["https:\/\/metalgar.com\/fr\/montage\/"]}]},{"@type":"ImageObject","inLanguage":"fr-FR","@id":"https:\/\/metalgar.com\/fr\/montage\/#primaryimage","url":"http:\/\/metalgar.com\/wp-content\/uploads\/metalgar-plasticos-logistica-51.jpg","contentUrl":"http:\/\/metalgar.com\/wp-content\/uploads\/metalgar-plasticos-logistica-51.jpg"},{"@type":"BreadcrumbList","@id":"https:\/\/metalgar.com\/fr\/montage\/#breadcrumb","itemListElement":[{"@type":"ListItem","position":1,"name":"Portada","item":"https:\/\/metalgar.com\/fr\/"},{"@type":"ListItem","position":2,"name":"Montage"}]},{"@type":"WebSite","@id":"https:\/\/metalgar.com\/fr\/#website","url":"https:\/\/metalgar.com\/fr\/","name":"METALGAR S.L.","description":"Inyecci\u00f3n y Extrusi\u00f3n de Pl\u00e1sticos - Log\u00edstica","publisher":{"@id":"https:\/\/metalgar.com\/fr\/#organization"},"potentialAction":[{"@type":"SearchAction","target":{"@type":"EntryPoint","urlTemplate":"https:\/\/metalgar.com\/fr\/?s={search_term_string}"},"query-input":{"@type":"PropertyValueSpecification","valueRequired":true,"valueName":"search_term_string"}}],"inLanguage":"fr-FR"},{"@type":"Organization","@id":"https:\/\/metalgar.com\/fr\/#organization","name":"METALGAR S.L.","url":"https:\/\/metalgar.com\/fr\/","logo":{"@type":"ImageObject","inLanguage":"fr-FR","@id":"https:\/\/metalgar.com\/fr\/#\/schema\/logo\/image\/","url":"https:\/\/metalgar.com\/wp-content\/uploads\/metalgar-plastics-logistics.png","contentUrl":"https:\/\/metalgar.com\/wp-content\/uploads\/metalgar-plastics-logistics.png","width":240,"height":58,"caption":"METALGAR S.L."},"image":{"@id":"https:\/\/metalgar.com\/fr\/#\/schema\/logo\/image\/"}}]}},"_links":{"self":[{"href":"https:\/\/metalgar.com\/fr\/wp-json\/wp\/v2\/pages\/2689","targetHints":{"allow":["GET"]}}],"collection":[{"href":"https:\/\/metalgar.com\/fr\/wp-json\/wp\/v2\/pages"}],"about":[{"href":"https:\/\/metalgar.com\/fr\/wp-json\/wp\/v2\/types\/page"}],"author":[{"embeddable":true,"href":"https:\/\/metalgar.com\/fr\/wp-json\/wp\/v2\/users\/1"}],"replies":[{"embeddable":true,"href":"https:\/\/metalgar.com\/fr\/wp-json\/wp\/v2\/comments?post=2689"}],"version-history":[{"count":8,"href":"https:\/\/metalgar.com\/fr\/wp-json\/wp\/v2\/pages\/2689\/revisions"}],"predecessor-version":[{"id":3480,"href":"https:\/\/metalgar.com\/fr\/wp-json\/wp\/v2\/pages\/2689\/revisions\/3480"}],"wp:attachment":[{"href":"https:\/\/metalgar.com\/fr\/wp-json\/wp\/v2\/media?parent=2689"}],"curies":[{"name":"wp","href":"https:\/\/api.w.org\/{rel}","templated":true}]}}