{"id":2694,"date":"2021-07-21T12:16:15","date_gmt":"2021-07-21T12:16:15","guid":{"rendered":"http:\/\/metalgar.com\/departement-logistique\/"},"modified":"2021-07-23T11:29:42","modified_gmt":"2021-07-23T11:29:42","slug":"departement-logistique","status":"publish","type":"page","link":"https:\/\/metalgar.com\/fr\/departement-logistique\/","title":{"rendered":"D\u00e8partement logistique"},"content":{"rendered":"\t\t<div data-elementor-type=\"wp-page\" data-elementor-id=\"2694\" class=\"elementor elementor-2694 elementor-1191\">\n\t\t\t\t\t\t<section class=\"elementor-section elementor-top-section elementor-element elementor-element-35c0d93 elementor-section-full_width elementor-section-height-default elementor-section-height-default\" data-id=\"35c0d93\" data-element_type=\"section\">\n\t\t\t\t\t\t<div class=\"elementor-container elementor-column-gap-no\">\n\t\t\t\t\t<div class=\"elementor-column elementor-col-100 elementor-top-column elementor-element elementor-element-e42c29a\" data-id=\"e42c29a\" data-element_type=\"column\">\n\t\t\t<div class=\"elementor-widget-wrap elementor-element-populated\">\n\t\t\t\t\t\t<div class=\"elementor-element elementor-element-19e69c7 elementor-align-left elementor-widget elementor-widget-bdevs-who-we\" data-id=\"19e69c7\" data-element_type=\"widget\" data-widget_type=\"bdevs-who-we.default\">\n\t\t\t\t<div class=\"elementor-widget-container\">\n\t\t\t\t\t \n\n            <!-- features-area-start -->\n            <div class=\"features-area features-theme el-who-we-area\">\n                <div class=\"container\">\n                    <div class=\"row pb-50\">\n                        <div class=\"col-xl-5 col-lg-5\">\n                            <div class=\"section-title el-section-title mr-40 mb-30\">\n                            \t                                \t<span>D\u00c9PARTEMENT LOGISTIQUE<\/span>\n                               \t\n                               \t                                \t<h1>Entrep\u00f4ts \u00e0 Madrid<\/h1>\n                            \t                            <\/div>\n                        <\/div>\n                        <div class=\"col-xl-7 col-lg-7\">\n                            <div class=\"features-info mb-30\">\n                            \t                                \t<p class=\"desc\">Des prestations logistiques sp\u00e9cialis\u00e9es, allant de la r\u00e9ception, de l'identification et du stockage, des op\u00e9rations de tri et de pr\u00e9paration des commandes avec contr\u00f4le des lots, tra\u00e7abilit\u00e9 des actifs et exp\u00e9ditions. Tout cela dans le cadre des syst\u00e8mes de s\u00e9curit\u00e9 n\u00e9cessaires \u00e0 la tranquillit\u00e9 d'esprit du client : tra\u00e7abilit\u00e9, surveillance, d\u00e9tection incendie et marchandises s\u00e9curis\u00e9es. Dans notre gamme d'approvisionnement, nous pouvons inclure des compositions d'emballage\/conditionnement, le montage et les compositions d'assemblages.<\/p>\n                            \t                           \n\t\t\t\t\t\t\t\t                            <\/div>\n                        <\/div>\n                    <\/div>\n                    <div class=\"row\">\n                        \t                        <div class=\"col-xl-4 col-lg-4 col-md-6\">\n\t                            <div class=\"services-02-wrapper services-03-wrapper mb-80 text-center\">\n                            \t\t\n\t                                <div class=\"services-02-text\">\n\t                                    \t\t\t\t\t\t\t\t\t\t\t<h3>Services logistiques<\/h3>\n\t\t\t\t\t\t\t\t\t\t\n\t                                    \t\t\t\t\t\t\t\t\t\t\t<p>Nos prestations logistiques comprennent le stockage, le tri et la pr\u00e9paration des commandes, le contr\u00f4le des lots, l'identification et la tra\u00e7abilit\u00e9 des actifs,... aussi bien pour les volumes importants que pour les petites exp\u00e9ditions.<\/p>\n\t\t\t\t\t\t\t\t\t\t\n\t\t\t\t\t\t\t\t\t\t\t                                <\/div>\n\t                            <\/div>\n\t                        <\/div>\n\t\t\t\t\t\t\t                        <div class=\"col-xl-4 col-lg-4 col-md-6\">\n\t                            <div class=\"services-02-wrapper services-03-wrapper mb-80 text-center\">\n                            \t\t\n\t                                <div class=\"services-02-text\">\n\t                                    \t\t\t\t\t\t\t\t\t\t\t<h3>Le partenaire id\u00e9al<\/h3>\n\t\t\t\t\t\t\t\t\t\t\n\t                                    \t\t\t\t\t\t\t\t\t\t\t<p>Nous sommes le partenaire id\u00e9al pour toute entreprise qui, soit dans le secteur de l'approvisionnement hospitalier ou autre, avec des exigences de service, de suivi et de tra\u00e7abilit\u00e9 exigeantes, ou avec une tr\u00e8s grande capillarisation dans ses livraisons, n\u00e9cessite une qualit\u00e9 et d'un niveau de services extraordinaires.<\/p>\n\t\t\t\t\t\t\t\t\t\t\n\t\t\t\t\t\t\t\t\t\t\t                                <\/div>\n\t                            <\/div>\n\t                        <\/div>\n\t\t\t\t\t\t\t                        <div class=\"col-xl-4 col-lg-4 col-md-6\">\n\t                            <div class=\"services-02-wrapper services-03-wrapper mb-80 text-center\">\n                            \t\t\n\t                                <div class=\"services-02-text\">\n\t                                    \t\t\t\t\t\t\t\t\t\t\t<h3>Emplacement strat\u00e9gique<\/h3>\n\t\t\t\t\t\t\t\t\t\t\n\t                                    \t\t\t\t\t\t\t\t\t\t\t<p>Notre emplacement strat\u00e9gique \u00e0 proximit\u00e9 de l'A-2 \/ R-2 \/ M-50 nous situe dans une enclave logistique extraordinaire avec un acc\u00e8s \u00e0 l'a\u00e9roport international de Madrid en quelques minutes et une facilit\u00e9 d'entr\u00e9e, de sortie ou de transit routier dans le centre du pays.<\/p>\n\t\t\t\t\t\t\t\t\t\t\n\t\t\t\t\t\t\t\t\t\t\t                                <\/div>\n\t                            <\/div>\n\t                        <\/div>\n\t\t\t\t\t\t                    <\/div>\n                <\/div>\n            <\/div>\n            <!-- features-area-end -->\n\n        \t\t\n\t\t\t\t\t<\/div>\n\t\t\t\t<\/div>\n\t\t\t\t\t<\/div>\n\t\t<\/div>\n\t\t\t\t\t<\/div>\n\t\t<\/section>\n\t\t\t\t<section class=\"elementor-section elementor-top-section elementor-element elementor-element-4193fe2 elementor-section-boxed elementor-section-height-default elementor-section-height-default\" data-id=\"4193fe2\" data-element_type=\"section\">\n\t\t\t\t\t\t<div class=\"elementor-container elementor-column-gap-default\">\n\t\t\t\t\t<div class=\"elementor-column elementor-col-100 elementor-top-column elementor-element elementor-element-8031728\" data-id=\"8031728\" data-element_type=\"column\">\n\t\t\t<div class=\"elementor-widget-wrap elementor-element-populated\">\n\t\t\t\t\t\t<div class=\"elementor-element elementor-element-4dff0f1 elementor-widget elementor-widget-spacer\" data-id=\"4dff0f1\" data-element_type=\"widget\" data-widget_type=\"spacer.default\">\n\t\t\t\t<div class=\"elementor-widget-container\">\n\t\t\t\t\t\t\t<div class=\"elementor-spacer\">\n\t\t\t<div class=\"elementor-spacer-inner\"><\/div>\n\t\t<\/div>\n\t\t\t\t\t\t<\/div>\n\t\t\t\t<\/div>\n\t\t\t\t\t<\/div>\n\t\t<\/div>\n\t\t\t\t\t<\/div>\n\t\t<\/section>\n\t\t\t\t<section class=\"elementor-section elementor-top-section elementor-element elementor-element-599b76c elementor-section-full_width elementor-section-height-default elementor-section-height-default\" data-id=\"599b76c\" data-element_type=\"section\">\n\t\t\t\t\t\t<div class=\"elementor-container elementor-column-gap-default\">\n\t\t\t\t\t<div class=\"elementor-column elementor-col-50 elementor-top-column elementor-element elementor-element-aa35f97\" data-id=\"aa35f97\" data-element_type=\"column\">\n\t\t\t<div class=\"elementor-widget-wrap elementor-element-populated\">\n\t\t\t\t\t\t<div class=\"elementor-element elementor-element-2c8cfa7 elementor-widget elementor-widget-image\" data-id=\"2c8cfa7\" data-element_type=\"widget\" data-widget_type=\"image.default\">\n\t\t\t\t<div class=\"elementor-widget-container\">\n\t\t\t\t\t\t\t\t\t\t\t\t\t\t\t<img fetchpriority=\"high\" decoding=\"async\" width=\"1920\" height=\"1280\" src=\"https:\/\/metalgar.com\/wp-content\/uploads\/metalgar-plasticos-logistica-55.jpg\" class=\"attachment-full size-full wp-image-1636\" alt=\"\" srcset=\"https:\/\/metalgar.com\/wp-content\/uploads\/metalgar-plasticos-logistica-55.jpg 1920w, https:\/\/metalgar.com\/wp-content\/uploads\/metalgar-plasticos-logistica-55-300x200.jpg 300w, https:\/\/metalgar.com\/wp-content\/uploads\/metalgar-plasticos-logistica-55-1024x683.jpg 1024w, https:\/\/metalgar.com\/wp-content\/uploads\/metalgar-plasticos-logistica-55-768x512.jpg 768w, https:\/\/metalgar.com\/wp-content\/uploads\/metalgar-plasticos-logistica-55-1536x1024.jpg 1536w\" sizes=\"(max-width: 1920px) 100vw, 1920px\" \/>\t\t\t\t\t\t\t\t\t\t\t\t\t\t\t<\/div>\n\t\t\t\t<\/div>\n\t\t\t\t\t<\/div>\n\t\t<\/div>\n\t\t\t\t<div class=\"elementor-column elementor-col-50 elementor-top-column elementor-element elementor-element-af6c64e\" data-id=\"af6c64e\" data-element_type=\"column\">\n\t\t\t<div class=\"elementor-widget-wrap elementor-element-populated\">\n\t\t\t\t\t\t<div class=\"elementor-element elementor-element-b9e9c29 elementor-widget elementor-widget-image\" data-id=\"b9e9c29\" data-element_type=\"widget\" data-widget_type=\"image.default\">\n\t\t\t\t<div class=\"elementor-widget-container\">\n\t\t\t\t\t\t\t\t\t\t\t\t\t\t\t<img decoding=\"async\" width=\"1920\" height=\"1280\" src=\"https:\/\/metalgar.com\/wp-content\/uploads\/logi\u0301stica.jpg\" class=\"attachment-full size-full wp-image-2340\" alt=\"\" srcset=\"https:\/\/metalgar.com\/wp-content\/uploads\/logi\u0301stica.jpg 1920w, https:\/\/metalgar.com\/wp-content\/uploads\/logi\u0301stica-300x200.jpg 300w, https:\/\/metalgar.com\/wp-content\/uploads\/logi\u0301stica-1024x683.jpg 1024w, https:\/\/metalgar.com\/wp-content\/uploads\/logi\u0301stica-768x512.jpg 768w, https:\/\/metalgar.com\/wp-content\/uploads\/logi\u0301stica-1536x1024.jpg 1536w\" sizes=\"(max-width: 1920px) 100vw, 1920px\" \/>\t\t\t\t\t\t\t\t\t\t\t\t\t\t\t<\/div>\n\t\t\t\t<\/div>\n\t\t\t\t\t<\/div>\n\t\t<\/div>\n\t\t\t\t\t<\/div>\n\t\t<\/section>\n\t\t\t\t<section class=\"elementor-section elementor-top-section elementor-element elementor-element-84f138d elementor-section-boxed elementor-section-height-default elementor-section-height-default\" data-id=\"84f138d\" data-element_type=\"section\">\n\t\t\t\t\t\t<div class=\"elementor-container elementor-column-gap-default\">\n\t\t\t\t\t<div class=\"elementor-column elementor-col-100 elementor-top-column elementor-element elementor-element-45a247e\" data-id=\"45a247e\" data-element_type=\"column\">\n\t\t\t<div class=\"elementor-widget-wrap elementor-element-populated\">\n\t\t\t\t\t\t<div class=\"elementor-element elementor-element-a22866c elementor-widget elementor-widget-spacer\" data-id=\"a22866c\" data-element_type=\"widget\" data-widget_type=\"spacer.default\">\n\t\t\t\t<div class=\"elementor-widget-container\">\n\t\t\t\t\t\t\t<div class=\"elementor-spacer\">\n\t\t\t<div class=\"elementor-spacer-inner\"><\/div>\n\t\t<\/div>\n\t\t\t\t\t\t<\/div>\n\t\t\t\t<\/div>\n\t\t\t\t\t<\/div>\n\t\t<\/div>\n\t\t\t\t\t<\/div>\n\t\t<\/section>\n\t\t\t\t<\/div>\n\t\t","protected":false},"excerpt":{"rendered":"<p>D\u00c9PARTEMENT LOGISTIQUE Entrep\u00f4ts \u00e0 Madrid Des prestations logistiques sp\u00e9cialis\u00e9es, allant de la r\u00e9ception, de l&rsquo;identification et du stockage, des op\u00e9rations de tri et de pr\u00e9paration des commandes avec contr\u00f4le des lots, tra\u00e7abilit\u00e9 des actifs et exp\u00e9ditions. Tout cela dans le cadre des syst\u00e8mes de s\u00e9curit\u00e9 n\u00e9cessaires \u00e0 la tranquillit\u00e9 d&rsquo;esprit du client : tra\u00e7abilit\u00e9, surveillance, [&hellip;]<\/p>\n","protected":false},"author":1,"featured_media":0,"parent":0,"menu_order":0,"comment_status":"closed","ping_status":"closed","template":"elementor_header_footer","meta":{"footnotes":""},"class_list":["post-2694","page","type-page","status-publish","hentry"],"yoast_head":"<!-- This site is optimized with the Yoast SEO plugin v25.9 - https:\/\/yoast.com\/wordpress\/plugins\/seo\/ -->\n<title>D\u00e8partement logistique - METALGAR S.L.<\/title>\n<meta name=\"robots\" content=\"index, follow, max-snippet:-1, max-image-preview:large, max-video-preview:-1\" \/>\n<link rel=\"canonical\" href=\"https:\/\/metalgar.com\/fr\/departement-logistique\/\" \/>\n<meta property=\"og:locale\" content=\"fr_FR\" \/>\n<meta property=\"og:type\" content=\"article\" \/>\n<meta property=\"og:title\" content=\"D\u00e8partement logistique - METALGAR S.L.\" \/>\n<meta property=\"og:description\" content=\"D\u00c9PARTEMENT LOGISTIQUE Entrep\u00f4ts \u00e0 Madrid Des prestations logistiques sp\u00e9cialis\u00e9es, allant de la r\u00e9ception, de l&rsquo;identification et du stockage, des op\u00e9rations de tri et de pr\u00e9paration des commandes avec contr\u00f4le des lots, tra\u00e7abilit\u00e9 des actifs et exp\u00e9ditions. Tout cela dans le cadre des syst\u00e8mes de s\u00e9curit\u00e9 n\u00e9cessaires \u00e0 la tranquillit\u00e9 d&rsquo;esprit du client : tra\u00e7abilit\u00e9, surveillance, [&hellip;]\" \/>\n<meta property=\"og:url\" content=\"https:\/\/metalgar.com\/fr\/departement-logistique\/\" \/>\n<meta property=\"og:site_name\" content=\"METALGAR S.L.\" \/>\n<meta property=\"article:modified_time\" content=\"2021-07-23T11:29:42+00:00\" \/>\n<meta property=\"og:image\" content=\"http:\/\/metalgar.com\/wp-content\/uploads\/metalgar-plasticos-logistica-55.jpg\" \/>\n<meta name=\"twitter:card\" content=\"summary_large_image\" \/>\n<meta name=\"twitter:label1\" content=\"Dur\u00e9e de lecture estim\u00e9e\" \/>\n\t<meta name=\"twitter:data1\" content=\"2 minutes\" \/>\n<script type=\"application\/ld+json\" class=\"yoast-schema-graph\">{\"@context\":\"https:\/\/schema.org\",\"@graph\":[{\"@type\":\"WebPage\",\"@id\":\"https:\/\/metalgar.com\/fr\/departement-logistique\/\",\"url\":\"https:\/\/metalgar.com\/fr\/departement-logistique\/\",\"name\":\"D\u00e8partement logistique - METALGAR S.L.\",\"isPartOf\":{\"@id\":\"https:\/\/metalgar.com\/fr\/#website\"},\"primaryImageOfPage\":{\"@id\":\"https:\/\/metalgar.com\/fr\/departement-logistique\/#primaryimage\"},\"image\":{\"@id\":\"https:\/\/metalgar.com\/fr\/departement-logistique\/#primaryimage\"},\"thumbnailUrl\":\"http:\/\/metalgar.com\/wp-content\/uploads\/metalgar-plasticos-logistica-55.jpg\",\"datePublished\":\"2021-07-21T12:16:15+00:00\",\"dateModified\":\"2021-07-23T11:29:42+00:00\",\"breadcrumb\":{\"@id\":\"https:\/\/metalgar.com\/fr\/departement-logistique\/#breadcrumb\"},\"inLanguage\":\"fr-FR\",\"potentialAction\":[{\"@type\":\"ReadAction\",\"target\":[\"https:\/\/metalgar.com\/fr\/departement-logistique\/\"]}]},{\"@type\":\"ImageObject\",\"inLanguage\":\"fr-FR\",\"@id\":\"https:\/\/metalgar.com\/fr\/departement-logistique\/#primaryimage\",\"url\":\"http:\/\/metalgar.com\/wp-content\/uploads\/metalgar-plasticos-logistica-55.jpg\",\"contentUrl\":\"http:\/\/metalgar.com\/wp-content\/uploads\/metalgar-plasticos-logistica-55.jpg\"},{\"@type\":\"BreadcrumbList\",\"@id\":\"https:\/\/metalgar.com\/fr\/departement-logistique\/#breadcrumb\",\"itemListElement\":[{\"@type\":\"ListItem\",\"position\":1,\"name\":\"Portada\",\"item\":\"https:\/\/metalgar.com\/fr\/\"},{\"@type\":\"ListItem\",\"position\":2,\"name\":\"D\u00e8partement logistique\"}]},{\"@type\":\"WebSite\",\"@id\":\"https:\/\/metalgar.com\/fr\/#website\",\"url\":\"https:\/\/metalgar.com\/fr\/\",\"name\":\"METALGAR S.L.\",\"description\":\"Inyecci\u00f3n y Extrusi\u00f3n de Pl\u00e1sticos - Log\u00edstica\",\"publisher\":{\"@id\":\"https:\/\/metalgar.com\/fr\/#organization\"},\"potentialAction\":[{\"@type\":\"SearchAction\",\"target\":{\"@type\":\"EntryPoint\",\"urlTemplate\":\"https:\/\/metalgar.com\/fr\/?s={search_term_string}\"},\"query-input\":{\"@type\":\"PropertyValueSpecification\",\"valueRequired\":true,\"valueName\":\"search_term_string\"}}],\"inLanguage\":\"fr-FR\"},{\"@type\":\"Organization\",\"@id\":\"https:\/\/metalgar.com\/fr\/#organization\",\"name\":\"METALGAR S.L.\",\"url\":\"https:\/\/metalgar.com\/fr\/\",\"logo\":{\"@type\":\"ImageObject\",\"inLanguage\":\"fr-FR\",\"@id\":\"https:\/\/metalgar.com\/fr\/#\/schema\/logo\/image\/\",\"url\":\"https:\/\/metalgar.com\/wp-content\/uploads\/metalgar-plastics-logistics.png\",\"contentUrl\":\"https:\/\/metalgar.com\/wp-content\/uploads\/metalgar-plastics-logistics.png\",\"width\":240,\"height\":58,\"caption\":\"METALGAR S.L.\"},\"image\":{\"@id\":\"https:\/\/metalgar.com\/fr\/#\/schema\/logo\/image\/\"}}]}<\/script>\n<!-- \/ Yoast SEO plugin. -->","yoast_head_json":{"title":"D\u00e8partement logistique - METALGAR S.L.","robots":{"index":"index","follow":"follow","max-snippet":"max-snippet:-1","max-image-preview":"max-image-preview:large","max-video-preview":"max-video-preview:-1"},"canonical":"https:\/\/metalgar.com\/fr\/departement-logistique\/","og_locale":"fr_FR","og_type":"article","og_title":"D\u00e8partement logistique - METALGAR S.L.","og_description":"D\u00c9PARTEMENT LOGISTIQUE Entrep\u00f4ts \u00e0 Madrid Des prestations logistiques sp\u00e9cialis\u00e9es, allant de la r\u00e9ception, de l&rsquo;identification et du stockage, des op\u00e9rations de tri et de pr\u00e9paration des commandes avec contr\u00f4le des lots, tra\u00e7abilit\u00e9 des actifs et exp\u00e9ditions. Tout cela dans le cadre des syst\u00e8mes de s\u00e9curit\u00e9 n\u00e9cessaires \u00e0 la tranquillit\u00e9 d&rsquo;esprit du client : tra\u00e7abilit\u00e9, surveillance, [&hellip;]","og_url":"https:\/\/metalgar.com\/fr\/departement-logistique\/","og_site_name":"METALGAR S.L.","article_modified_time":"2021-07-23T11:29:42+00:00","og_image":[{"url":"http:\/\/metalgar.com\/wp-content\/uploads\/metalgar-plasticos-logistica-55.jpg","type":"","width":"","height":""}],"twitter_card":"summary_large_image","twitter_misc":{"Dur\u00e9e de lecture estim\u00e9e":"2 minutes"},"schema":{"@context":"https:\/\/schema.org","@graph":[{"@type":"WebPage","@id":"https:\/\/metalgar.com\/fr\/departement-logistique\/","url":"https:\/\/metalgar.com\/fr\/departement-logistique\/","name":"D\u00e8partement logistique - METALGAR S.L.","isPartOf":{"@id":"https:\/\/metalgar.com\/fr\/#website"},"primaryImageOfPage":{"@id":"https:\/\/metalgar.com\/fr\/departement-logistique\/#primaryimage"},"image":{"@id":"https:\/\/metalgar.com\/fr\/departement-logistique\/#primaryimage"},"thumbnailUrl":"http:\/\/metalgar.com\/wp-content\/uploads\/metalgar-plasticos-logistica-55.jpg","datePublished":"2021-07-21T12:16:15+00:00","dateModified":"2021-07-23T11:29:42+00:00","breadcrumb":{"@id":"https:\/\/metalgar.com\/fr\/departement-logistique\/#breadcrumb"},"inLanguage":"fr-FR","potentialAction":[{"@type":"ReadAction","target":["https:\/\/metalgar.com\/fr\/departement-logistique\/"]}]},{"@type":"ImageObject","inLanguage":"fr-FR","@id":"https:\/\/metalgar.com\/fr\/departement-logistique\/#primaryimage","url":"http:\/\/metalgar.com\/wp-content\/uploads\/metalgar-plasticos-logistica-55.jpg","contentUrl":"http:\/\/metalgar.com\/wp-content\/uploads\/metalgar-plasticos-logistica-55.jpg"},{"@type":"BreadcrumbList","@id":"https:\/\/metalgar.com\/fr\/departement-logistique\/#breadcrumb","itemListElement":[{"@type":"ListItem","position":1,"name":"Portada","item":"https:\/\/metalgar.com\/fr\/"},{"@type":"ListItem","position":2,"name":"D\u00e8partement logistique"}]},{"@type":"WebSite","@id":"https:\/\/metalgar.com\/fr\/#website","url":"https:\/\/metalgar.com\/fr\/","name":"METALGAR S.L.","description":"Inyecci\u00f3n y Extrusi\u00f3n de Pl\u00e1sticos - Log\u00edstica","publisher":{"@id":"https:\/\/metalgar.com\/fr\/#organization"},"potentialAction":[{"@type":"SearchAction","target":{"@type":"EntryPoint","urlTemplate":"https:\/\/metalgar.com\/fr\/?s={search_term_string}"},"query-input":{"@type":"PropertyValueSpecification","valueRequired":true,"valueName":"search_term_string"}}],"inLanguage":"fr-FR"},{"@type":"Organization","@id":"https:\/\/metalgar.com\/fr\/#organization","name":"METALGAR S.L.","url":"https:\/\/metalgar.com\/fr\/","logo":{"@type":"ImageObject","inLanguage":"fr-FR","@id":"https:\/\/metalgar.com\/fr\/#\/schema\/logo\/image\/","url":"https:\/\/metalgar.com\/wp-content\/uploads\/metalgar-plastics-logistics.png","contentUrl":"https:\/\/metalgar.com\/wp-content\/uploads\/metalgar-plastics-logistics.png","width":240,"height":58,"caption":"METALGAR S.L."},"image":{"@id":"https:\/\/metalgar.com\/fr\/#\/schema\/logo\/image\/"}}]}},"_links":{"self":[{"href":"https:\/\/metalgar.com\/fr\/wp-json\/wp\/v2\/pages\/2694","targetHints":{"allow":["GET"]}}],"collection":[{"href":"https:\/\/metalgar.com\/fr\/wp-json\/wp\/v2\/pages"}],"about":[{"href":"https:\/\/metalgar.com\/fr\/wp-json\/wp\/v2\/types\/page"}],"author":[{"embeddable":true,"href":"https:\/\/metalgar.com\/fr\/wp-json\/wp\/v2\/users\/1"}],"replies":[{"embeddable":true,"href":"https:\/\/metalgar.com\/fr\/wp-json\/wp\/v2\/comments?post=2694"}],"version-history":[{"count":5,"href":"https:\/\/metalgar.com\/fr\/wp-json\/wp\/v2\/pages\/2694\/revisions"}],"predecessor-version":[{"id":3357,"href":"https:\/\/metalgar.com\/fr\/wp-json\/wp\/v2\/pages\/2694\/revisions\/3357"}],"wp:attachment":[{"href":"https:\/\/metalgar.com\/fr\/wp-json\/wp\/v2\/media?parent=2694"}],"curies":[{"name":"wp","href":"https:\/\/api.w.org\/{rel}","templated":true}]}}