{"id":3109,"date":"2021-07-22T11:13:52","date_gmt":"2021-07-22T11:13:52","guid":{"rendered":"http:\/\/metalgar.com\/aviso-legal\/"},"modified":"2021-07-28T19:57:16","modified_gmt":"2021-07-28T19:57:16","slug":"aviso-legal","status":"publish","type":"page","link":"https:\/\/metalgar.com\/pt\/aviso-legal\/","title":{"rendered":"Aviso legal"},"content":{"rendered":"\n<h2 class=\"wp-block-heading\">AVISO LEGAL<\/h2>\n\n\n\n<p>O s\u00edtio www.metalgar.com, \u00e9 um dom\u00ednio da Internet propriedade da METALGAR S.L. (CIF B-28630580) com endere\u00e7o Calle Herm\u00e9s 37, 28880 Meco, Madrid &#8211; Telefone 918860685.<br><br>O presente Aviso Legal regula a utiliza\u00e7\u00e3o deste dom\u00ednio. A utiliza\u00e7\u00e3o deste s\u00edtio Web implica a aceita\u00e7\u00e3o por parte do Utilizador das condi\u00e7\u00f5es de utiliza\u00e7\u00e3o inclu\u00eddas neste Aviso. Al\u00e9m disso, a METALGAR S.L. adverte que tanto o conte\u00fado e os servi\u00e7os deste s\u00edtio web como as pr\u00f3prias condi\u00e7\u00f5es de utiliza\u00e7\u00e3o podem ser modificados sem notifica\u00e7\u00e3o pr\u00e9via.<\/p>\n\n\n\n<h2 class=\"wp-block-heading\">CONDI\u00c7\u00d5ES DE UTILIZA\u00c7\u00c3O<\/h2>\n\n\n\n<ol class=\"wp-block-list\"><li>O Utilizador est\u00e1 sujeito aos princ\u00edpios da legalidade, boa f\u00e9 e ordem p\u00fablica, e \u00e9, portanto, respons\u00e1vel pela veracidade dos dados fornecidos. Por conseguinte, ser\u00e1 o \u00fanico respons\u00e1vel por quaisquer informa\u00e7\u00f5es falsas ou inexatas fornecidas e por quaisquer danos e preju\u00edzos<\/li><li>\u00c9 proibido reproduzir, distribuir, modificar ou copiar o conte\u00fado desta p\u00e1gina, a menos que tenha a autoriza\u00e7\u00e3o do propriet\u00e1rio do dom\u00ednio ou esteja legalmente autorizado para o fazer.<\/li><li>Deve-se notar que os Menores devem obter a permiss\u00e3o dos seus pais, tutores ou representantes legais para terem acesso aos servi\u00e7os prestados. A METALGAR S.L. n\u00e3o \u00e9 respons\u00e1vel no caso de os dados sobre este assunto serem inexatos ou falsos.<\/li><li>A METALGAR S.L. n\u00e3o \u00e9 respons\u00e1vel pelas Liga\u00e7\u00f5es (LINKS) a outras p\u00e1ginas da Internet de terceiros e a sua exist\u00eancia n\u00e3o implica que a METALGAR S.L. aprove ou aceite os seus conte\u00fados e servi\u00e7os. Estes outros s\u00edtios Web n\u00e3o s\u00e3o controlados pela METALGAR S.L. e n\u00e3o s\u00e3o abrangidos por esta Pol\u00edtica de Privacidade. Se aceder a outros websites utilizando as liga\u00e7\u00f5es fornecidas, os operadores desses s\u00edtios Web poder\u00e3o recolher as suas informa\u00e7\u00f5es pessoais. Certifique-se de que est\u00e1 satisfeito com as Pol\u00edticas de Privacidade destes s\u00edtios Web de terceiros antes de fornecer qualquer informa\u00e7\u00e3o pessoal.<\/li><\/ol>\n\n\n\n<h2 class=\"wp-block-heading\">PROTE\u00c7\u00c3O DE DADOS \/ POL\u00cdTICA DE PRIVACIDADE<\/h2>\n\n\n\n<p>Em conformidade com a atual Lei Org\u00e2nica 15\/1999 de Prote\u00e7\u00e3o de Dados, a METALGAR S.L. informa que os dados pessoais dos Utilizadores do s\u00edtio Web ser\u00e3o incorporados e tratados num ficheiro automatizado pertencente \u00e0 METALGAR S.L. e ser\u00e3o geridos exclusivamente para os fins descritos em cada formul\u00e1rio ou meio de resposta. Ao clicar no bot\u00e3o &#8220;ENVIAR&#8221;, o Utilizador consente no tratamento dos seus dados pela METALGAR S.L.<br><br>O Utilizador \u00e9 igualmente informado de que poder\u00e1, a qualquer momento, exercer os seus direitos de acesso, retifica\u00e7\u00e3o, cancelamento e oposi\u00e7\u00e3o reconhecidos na Lei Org\u00e2nica 15\/1999, de 13 de dezembro 1999, sobre a Prote\u00e7\u00e3o de Dados Pessoais, notificando a METALGAR S.L., Calle Herm\u00e9s 37, 28880 Meco, Madrid. Por outro lado, em conformidade com as disposi\u00e7\u00f5es da Lei 34\/2002, de 11 de julho, sobre os Servi\u00e7os da Sociedade da Informa\u00e7\u00e3o e Com\u00e9rcio Eletr\u00f3nico, a METALGAR S.L. compromete-se a n\u00e3o enviar publicidade por correio eletr\u00f3nico sem obter previamente a autoriza\u00e7\u00e3o expressa do destinat\u00e1rio. O Utilizador pode opor-se ao envio de publicidade, assinalando a caixa apropriada.<br><br>A METALGAR S.L. compromete-se a que os dados pessoais solicitados sejam os estritamente necess\u00e1rios para a execu\u00e7\u00e3o do servi\u00e7o solicitado. Ser\u00e1 informado, quando apropriado, da obriga\u00e7\u00e3o de fornecer determinados dados, sem os quais n\u00e3o seria poss\u00edvel realizar o servi\u00e7o.<br><br>Do mesmo modo, a METALGAR S.L., como respons\u00e1vel pelo ficheiro, compromete-se a manter o segredo e a confidencialidade dos dados pessoais que lhe s\u00e3o fornecidos, adotando todas as medidas de seguran\u00e7a necess\u00e1rias para evitar a sua perda, altera\u00e7\u00e3o sem consentimento ou acesso n\u00e3o autorizado, em conformidade com o Regulamento para o Desenvolvimento da LOPD aprovado pelo Decreto Real 1720\/2007, de 21 de dezembro.<\/p>\n","protected":false},"excerpt":{"rendered":"<p>AVISO LEGAL O s\u00edtio www.metalgar.com, \u00e9 um dom\u00ednio da Internet propriedade da METALGAR S.L. (CIF B-28630580) com endere\u00e7o Calle Herm\u00e9s 37, 28880 Meco, Madrid &#8211; Telefone 918860685. O presente Aviso Legal regula a utiliza\u00e7\u00e3o deste dom\u00ednio. A utiliza\u00e7\u00e3o deste s\u00edtio Web implica a aceita\u00e7\u00e3o por parte do Utilizador das condi\u00e7\u00f5es de utiliza\u00e7\u00e3o inclu\u00eddas neste Aviso. [&hellip;]<\/p>\n","protected":false},"author":1,"featured_media":0,"parent":0,"menu_order":0,"comment_status":"closed","ping_status":"closed","template":"","meta":{"footnotes":""},"class_list":["post-3109","page","type-page","status-publish","hentry"],"yoast_head":"<!-- This site is optimized with the Yoast SEO plugin v25.9 - https:\/\/yoast.com\/wordpress\/plugins\/seo\/ -->\n<title>Aviso legal - METALGAR S.L.<\/title>\n<meta name=\"robots\" content=\"index, follow, max-snippet:-1, max-image-preview:large, max-video-preview:-1\" \/>\n<link rel=\"canonical\" href=\"https:\/\/metalgar.com\/pt\/aviso-legal\/\" \/>\n<meta property=\"og:locale\" content=\"pt_PT\" \/>\n<meta property=\"og:type\" content=\"article\" \/>\n<meta property=\"og:title\" content=\"Aviso legal - METALGAR S.L.\" \/>\n<meta property=\"og:description\" content=\"AVISO LEGAL O s\u00edtio www.metalgar.com, \u00e9 um dom\u00ednio da Internet propriedade da METALGAR S.L. (CIF B-28630580) com endere\u00e7o Calle Herm\u00e9s 37, 28880 Meco, Madrid &#8211; Telefone 918860685. O presente Aviso Legal regula a utiliza\u00e7\u00e3o deste dom\u00ednio. A utiliza\u00e7\u00e3o deste s\u00edtio Web implica a aceita\u00e7\u00e3o por parte do Utilizador das condi\u00e7\u00f5es de utiliza\u00e7\u00e3o inclu\u00eddas neste Aviso. [&hellip;]\" \/>\n<meta property=\"og:url\" content=\"https:\/\/metalgar.com\/pt\/aviso-legal\/\" \/>\n<meta property=\"og:site_name\" content=\"METALGAR S.L.\" \/>\n<meta property=\"article:modified_time\" content=\"2021-07-28T19:57:16+00:00\" \/>\n<meta name=\"twitter:card\" content=\"summary_large_image\" \/>\n<meta name=\"twitter:label1\" content=\"Tempo estimado de leitura\" \/>\n\t<meta name=\"twitter:data1\" content=\"3 minutos\" \/>\n<script type=\"application\/ld+json\" class=\"yoast-schema-graph\">{\"@context\":\"https:\/\/schema.org\",\"@graph\":[{\"@type\":\"WebPage\",\"@id\":\"https:\/\/metalgar.com\/pt\/aviso-legal\/\",\"url\":\"https:\/\/metalgar.com\/pt\/aviso-legal\/\",\"name\":\"Aviso legal - METALGAR S.L.\",\"isPartOf\":{\"@id\":\"https:\/\/metalgar.com\/pt\/#website\"},\"datePublished\":\"2021-07-22T11:13:52+00:00\",\"dateModified\":\"2021-07-28T19:57:16+00:00\",\"breadcrumb\":{\"@id\":\"https:\/\/metalgar.com\/pt\/aviso-legal\/#breadcrumb\"},\"inLanguage\":\"pt-PT\",\"potentialAction\":[{\"@type\":\"ReadAction\",\"target\":[\"https:\/\/metalgar.com\/pt\/aviso-legal\/\"]}]},{\"@type\":\"BreadcrumbList\",\"@id\":\"https:\/\/metalgar.com\/pt\/aviso-legal\/#breadcrumb\",\"itemListElement\":[{\"@type\":\"ListItem\",\"position\":1,\"name\":\"Portada\",\"item\":\"https:\/\/metalgar.com\/pt\/\"},{\"@type\":\"ListItem\",\"position\":2,\"name\":\"Aviso legal\"}]},{\"@type\":\"WebSite\",\"@id\":\"https:\/\/metalgar.com\/pt\/#website\",\"url\":\"https:\/\/metalgar.com\/pt\/\",\"name\":\"METALGAR S.L.\",\"description\":\"Inyecci\u00f3n y Extrusi\u00f3n de Pl\u00e1sticos - Log\u00edstica\",\"publisher\":{\"@id\":\"https:\/\/metalgar.com\/pt\/#organization\"},\"potentialAction\":[{\"@type\":\"SearchAction\",\"target\":{\"@type\":\"EntryPoint\",\"urlTemplate\":\"https:\/\/metalgar.com\/pt\/?s={search_term_string}\"},\"query-input\":{\"@type\":\"PropertyValueSpecification\",\"valueRequired\":true,\"valueName\":\"search_term_string\"}}],\"inLanguage\":\"pt-PT\"},{\"@type\":\"Organization\",\"@id\":\"https:\/\/metalgar.com\/pt\/#organization\",\"name\":\"METALGAR S.L.\",\"url\":\"https:\/\/metalgar.com\/pt\/\",\"logo\":{\"@type\":\"ImageObject\",\"inLanguage\":\"pt-PT\",\"@id\":\"https:\/\/metalgar.com\/pt\/#\/schema\/logo\/image\/\",\"url\":\"https:\/\/metalgar.com\/wp-content\/uploads\/metalgar-plastics-logistics.png\",\"contentUrl\":\"https:\/\/metalgar.com\/wp-content\/uploads\/metalgar-plastics-logistics.png\",\"width\":240,\"height\":58,\"caption\":\"METALGAR S.L.\"},\"image\":{\"@id\":\"https:\/\/metalgar.com\/pt\/#\/schema\/logo\/image\/\"}}]}<\/script>\n<!-- \/ Yoast SEO plugin. -->","yoast_head_json":{"title":"Aviso legal - METALGAR S.L.","robots":{"index":"index","follow":"follow","max-snippet":"max-snippet:-1","max-image-preview":"max-image-preview:large","max-video-preview":"max-video-preview:-1"},"canonical":"https:\/\/metalgar.com\/pt\/aviso-legal\/","og_locale":"pt_PT","og_type":"article","og_title":"Aviso legal - METALGAR S.L.","og_description":"AVISO LEGAL O s\u00edtio www.metalgar.com, \u00e9 um dom\u00ednio da Internet propriedade da METALGAR S.L. (CIF B-28630580) com endere\u00e7o Calle Herm\u00e9s 37, 28880 Meco, Madrid &#8211; Telefone 918860685. O presente Aviso Legal regula a utiliza\u00e7\u00e3o deste dom\u00ednio. A utiliza\u00e7\u00e3o deste s\u00edtio Web implica a aceita\u00e7\u00e3o por parte do Utilizador das condi\u00e7\u00f5es de utiliza\u00e7\u00e3o inclu\u00eddas neste Aviso. [&hellip;]","og_url":"https:\/\/metalgar.com\/pt\/aviso-legal\/","og_site_name":"METALGAR S.L.","article_modified_time":"2021-07-28T19:57:16+00:00","twitter_card":"summary_large_image","twitter_misc":{"Tempo estimado de leitura":"3 minutos"},"schema":{"@context":"https:\/\/schema.org","@graph":[{"@type":"WebPage","@id":"https:\/\/metalgar.com\/pt\/aviso-legal\/","url":"https:\/\/metalgar.com\/pt\/aviso-legal\/","name":"Aviso legal - METALGAR S.L.","isPartOf":{"@id":"https:\/\/metalgar.com\/pt\/#website"},"datePublished":"2021-07-22T11:13:52+00:00","dateModified":"2021-07-28T19:57:16+00:00","breadcrumb":{"@id":"https:\/\/metalgar.com\/pt\/aviso-legal\/#breadcrumb"},"inLanguage":"pt-PT","potentialAction":[{"@type":"ReadAction","target":["https:\/\/metalgar.com\/pt\/aviso-legal\/"]}]},{"@type":"BreadcrumbList","@id":"https:\/\/metalgar.com\/pt\/aviso-legal\/#breadcrumb","itemListElement":[{"@type":"ListItem","position":1,"name":"Portada","item":"https:\/\/metalgar.com\/pt\/"},{"@type":"ListItem","position":2,"name":"Aviso legal"}]},{"@type":"WebSite","@id":"https:\/\/metalgar.com\/pt\/#website","url":"https:\/\/metalgar.com\/pt\/","name":"METALGAR S.L.","description":"Inyecci\u00f3n y Extrusi\u00f3n de Pl\u00e1sticos - Log\u00edstica","publisher":{"@id":"https:\/\/metalgar.com\/pt\/#organization"},"potentialAction":[{"@type":"SearchAction","target":{"@type":"EntryPoint","urlTemplate":"https:\/\/metalgar.com\/pt\/?s={search_term_string}"},"query-input":{"@type":"PropertyValueSpecification","valueRequired":true,"valueName":"search_term_string"}}],"inLanguage":"pt-PT"},{"@type":"Organization","@id":"https:\/\/metalgar.com\/pt\/#organization","name":"METALGAR S.L.","url":"https:\/\/metalgar.com\/pt\/","logo":{"@type":"ImageObject","inLanguage":"pt-PT","@id":"https:\/\/metalgar.com\/pt\/#\/schema\/logo\/image\/","url":"https:\/\/metalgar.com\/wp-content\/uploads\/metalgar-plastics-logistics.png","contentUrl":"https:\/\/metalgar.com\/wp-content\/uploads\/metalgar-plastics-logistics.png","width":240,"height":58,"caption":"METALGAR S.L."},"image":{"@id":"https:\/\/metalgar.com\/pt\/#\/schema\/logo\/image\/"}}]}},"_links":{"self":[{"href":"https:\/\/metalgar.com\/pt\/wp-json\/wp\/v2\/pages\/3109","targetHints":{"allow":["GET"]}}],"collection":[{"href":"https:\/\/metalgar.com\/pt\/wp-json\/wp\/v2\/pages"}],"about":[{"href":"https:\/\/metalgar.com\/pt\/wp-json\/wp\/v2\/types\/page"}],"author":[{"embeddable":true,"href":"https:\/\/metalgar.com\/pt\/wp-json\/wp\/v2\/users\/1"}],"replies":[{"embeddable":true,"href":"https:\/\/metalgar.com\/pt\/wp-json\/wp\/v2\/comments?post=3109"}],"version-history":[{"count":2,"href":"https:\/\/metalgar.com\/pt\/wp-json\/wp\/v2\/pages\/3109\/revisions"}],"predecessor-version":[{"id":3414,"href":"https:\/\/metalgar.com\/pt\/wp-json\/wp\/v2\/pages\/3109\/revisions\/3414"}],"wp:attachment":[{"href":"https:\/\/metalgar.com\/pt\/wp-json\/wp\/v2\/media?parent=3109"}],"curies":[{"name":"wp","href":"https:\/\/api.w.org\/{rel}","templated":true}]}}