{"id":3132,"date":"2021-07-22T11:28:28","date_gmt":"2021-07-22T11:28:28","guid":{"rendered":"http:\/\/metalgar.com\/logistica\/"},"modified":"2021-07-23T11:35:20","modified_gmt":"2021-07-23T11:35:20","slug":"logistica","status":"publish","type":"page","link":"https:\/\/metalgar.com\/pt\/logistica\/","title":{"rendered":"Log\u00edstica"},"content":{"rendered":"\t\t<div data-elementor-type=\"wp-page\" data-elementor-id=\"3132\" class=\"elementor elementor-3132 elementor-2950\">\n\t\t\t\t\t\t<section class=\"elementor-section elementor-top-section elementor-element elementor-element-35c0d93 elementor-section-full_width elementor-section-height-default elementor-section-height-default\" data-id=\"35c0d93\" data-element_type=\"section\">\n\t\t\t\t\t\t<div class=\"elementor-container elementor-column-gap-no\">\n\t\t\t\t\t<div class=\"elementor-column elementor-col-100 elementor-top-column elementor-element elementor-element-e42c29a\" data-id=\"e42c29a\" data-element_type=\"column\">\n\t\t\t<div class=\"elementor-widget-wrap elementor-element-populated\">\n\t\t\t\t\t\t<div class=\"elementor-element elementor-element-19e69c7 elementor-align-left elementor-widget elementor-widget-bdevs-who-we\" data-id=\"19e69c7\" data-element_type=\"widget\" data-widget_type=\"bdevs-who-we.default\">\n\t\t\t\t<div class=\"elementor-widget-container\">\n\t\t\t\t\t \n\n            <!-- features-area-start -->\n            <div class=\"features-area features-theme el-who-we-area\">\n                <div class=\"container\">\n                    <div class=\"row pb-50\">\n                        <div class=\"col-xl-5 col-lg-5\">\n                            <div class=\"section-title el-section-title mr-40 mb-30\">\n                            \t                                \t<span>Log\u00edstica<\/span>\n                               \t\n                               \t                                \t<h1>Armaz\u00e9ns em Madrid<\/h1>\n                            \t                            <\/div>\n                        <\/div>\n                        <div class=\"col-xl-7 col-lg-7\">\n                            <div class=\"features-info mb-30\">\n                            \t                                \t<p class=\"desc\">Servi\u00e7os log\u00edsticos especializados, que v\u00e3o desde a rece\u00e7\u00e3o, identifica\u00e7\u00e3o e armazenamento, opera\u00e7\u00f5es de recolha e prepara\u00e7\u00e3o de encomendas com controlo de lotes, rastreabilidade de bens e expedi\u00e7\u00f5es. Tudo isto sob os sistemas de seguran\u00e7a necess\u00e1rios para a paz de esp\u00edrito do cliente: rastreabilidade, vigil\u00e2ncia, dete\u00e7\u00e3o de inc\u00eandios e bens segurados. No nosso \u00e2mbito de fornecimento podemos incluir embalagem, montagem e composi\u00e7\u00f5es de conjuntos.<\/p>\n                            \t                           \n\t\t\t\t\t\t\t\t                            <\/div>\n                        <\/div>\n                    <\/div>\n                    <div class=\"row\">\n                        \t                        <div class=\"col-xl-4 col-lg-4 col-md-6\">\n\t                            <div class=\"services-02-wrapper services-03-wrapper mb-80 text-center\">\n                            \t\t\n\t                                <div class=\"services-02-text\">\n\t                                    \t\t\t\t\t\t\t\t\t\t\t<h3>Servi\u00e7os log\u00edsticos<\/h3>\n\t\t\t\t\t\t\t\t\t\t\n\t                                    \t\t\t\t\t\t\t\t\t\t\t<p>Os nossos servi\u00e7os log\u00edsticos incluem armazenagem, recolha e prepara\u00e7\u00e3o de encomendas, controlo de lotes, identifica\u00e7\u00e3o de bens e rastreabilidade,... tanto para grandes volumes como para pequenas remessas.<\/p>\n\t\t\t\t\t\t\t\t\t\t\n\t\t\t\t\t\t\t\t\t\t\t                                <\/div>\n\t                            <\/div>\n\t                        <\/div>\n\t\t\t\t\t\t\t                        <div class=\"col-xl-4 col-lg-4 col-md-6\">\n\t                            <div class=\"services-02-wrapper services-03-wrapper mb-80 text-center\">\n                            \t\t\n\t                                <div class=\"services-02-text\">\n\t                                    \t\t\t\t\t\t\t\t\t\t\t<h3>Parceiro ideal<\/h3>\n\t\t\t\t\t\t\t\t\t\t\n\t                                    \t\t\t\t\t\t\t\t\t\t\t<p>Somos o parceiro ideal para qualquer empresa que, seja no setor do fornecimento hospitalar ou outro, com requisitos exigentes de servi\u00e7o, rastreio e rastreabilidade, ou com uma capilariza\u00e7\u00e3o muito grande nas suas entregas, necessita de uma qualidade e n\u00edvel de servi\u00e7os extraordin\u00e1rios.<\/p>\n\t\t\t\t\t\t\t\t\t\t\n\t\t\t\t\t\t\t\t\t\t\t                                <\/div>\n\t                            <\/div>\n\t                        <\/div>\n\t\t\t\t\t\t\t                        <div class=\"col-xl-4 col-lg-4 col-md-6\">\n\t                            <div class=\"services-02-wrapper services-03-wrapper mb-80 text-center\">\n                            \t\t\n\t                                <div class=\"services-02-text\">\n\t                                    \t\t\t\t\t\t\t\t\t\t\t<h3>Localiza\u00e7\u00e3o estrat\u00e9gica<\/h3>\n\t\t\t\t\t\t\t\t\t\t\n\t                                    \t\t\t\t\t\t\t\t\t\t\t<p>A nossa localiza\u00e7\u00e3o estrat\u00e9gica junto ao A-2 \/ R-2 \/ M-50 coloca-nos num enclave log\u00edstico extraordin\u00e1rio com acesso ao aeroporto internacional de Madrid em poucos minutos e f\u00e1cil entrada, sa\u00edda ou tr\u00e2nsito por estrada no centro do pa\u00eds.<\/p>\n\t\t\t\t\t\t\t\t\t\t\n\t\t\t\t\t\t\t\t\t\t\t                                <\/div>\n\t                            <\/div>\n\t                        <\/div>\n\t\t\t\t\t\t                    <\/div>\n                <\/div>\n            <\/div>\n            <!-- features-area-end -->\n\n        \t\t\n\t\t\t\t\t<\/div>\n\t\t\t\t<\/div>\n\t\t\t\t\t<\/div>\n\t\t<\/div>\n\t\t\t\t\t<\/div>\n\t\t<\/section>\n\t\t\t\t<section class=\"elementor-section elementor-top-section elementor-element elementor-element-4193fe2 elementor-section-boxed elementor-section-height-default elementor-section-height-default\" data-id=\"4193fe2\" data-element_type=\"section\">\n\t\t\t\t\t\t<div class=\"elementor-container elementor-column-gap-default\">\n\t\t\t\t\t<div class=\"elementor-column elementor-col-100 elementor-top-column elementor-element elementor-element-8031728\" data-id=\"8031728\" data-element_type=\"column\">\n\t\t\t<div class=\"elementor-widget-wrap elementor-element-populated\">\n\t\t\t\t\t\t<div class=\"elementor-element elementor-element-4dff0f1 elementor-widget elementor-widget-spacer\" data-id=\"4dff0f1\" data-element_type=\"widget\" data-widget_type=\"spacer.default\">\n\t\t\t\t<div class=\"elementor-widget-container\">\n\t\t\t\t\t\t\t<div class=\"elementor-spacer\">\n\t\t\t<div class=\"elementor-spacer-inner\"><\/div>\n\t\t<\/div>\n\t\t\t\t\t\t<\/div>\n\t\t\t\t<\/div>\n\t\t\t\t\t<\/div>\n\t\t<\/div>\n\t\t\t\t\t<\/div>\n\t\t<\/section>\n\t\t\t\t<section class=\"elementor-section elementor-top-section elementor-element elementor-element-599b76c elementor-section-full_width elementor-section-height-default elementor-section-height-default\" data-id=\"599b76c\" data-element_type=\"section\">\n\t\t\t\t\t\t<div class=\"elementor-container elementor-column-gap-default\">\n\t\t\t\t\t<div class=\"elementor-column elementor-col-50 elementor-top-column elementor-element elementor-element-aa35f97\" data-id=\"aa35f97\" data-element_type=\"column\">\n\t\t\t<div class=\"elementor-widget-wrap elementor-element-populated\">\n\t\t\t\t\t\t<div class=\"elementor-element elementor-element-2c8cfa7 elementor-widget elementor-widget-image\" data-id=\"2c8cfa7\" data-element_type=\"widget\" data-widget_type=\"image.default\">\n\t\t\t\t<div class=\"elementor-widget-container\">\n\t\t\t\t\t\t\t\t\t\t\t\t\t\t\t<img fetchpriority=\"high\" decoding=\"async\" width=\"1920\" height=\"1280\" src=\"https:\/\/metalgar.com\/wp-content\/uploads\/metalgar-plasticos-logistica-55.jpg\" class=\"attachment-full size-full wp-image-3250\" alt=\"\" srcset=\"https:\/\/metalgar.com\/wp-content\/uploads\/metalgar-plasticos-logistica-55.jpg 1920w, https:\/\/metalgar.com\/wp-content\/uploads\/metalgar-plasticos-logistica-55-300x200.jpg 300w, https:\/\/metalgar.com\/wp-content\/uploads\/metalgar-plasticos-logistica-55-1024x683.jpg 1024w, https:\/\/metalgar.com\/wp-content\/uploads\/metalgar-plasticos-logistica-55-768x512.jpg 768w, https:\/\/metalgar.com\/wp-content\/uploads\/metalgar-plasticos-logistica-55-1536x1024.jpg 1536w\" sizes=\"(max-width: 1920px) 100vw, 1920px\" \/>\t\t\t\t\t\t\t\t\t\t\t\t\t\t\t<\/div>\n\t\t\t\t<\/div>\n\t\t\t\t\t<\/div>\n\t\t<\/div>\n\t\t\t\t<div class=\"elementor-column elementor-col-50 elementor-top-column elementor-element elementor-element-af6c64e\" data-id=\"af6c64e\" data-element_type=\"column\">\n\t\t\t<div class=\"elementor-widget-wrap elementor-element-populated\">\n\t\t\t\t\t\t<div class=\"elementor-element elementor-element-b9e9c29 elementor-widget elementor-widget-image\" data-id=\"b9e9c29\" data-element_type=\"widget\" data-widget_type=\"image.default\">\n\t\t\t\t<div class=\"elementor-widget-container\">\n\t\t\t\t\t\t\t\t\t\t\t\t\t\t\t<img decoding=\"async\" width=\"1920\" height=\"1280\" src=\"https:\/\/metalgar.com\/wp-content\/uploads\/logi\u0301stica.jpg\" class=\"attachment-full size-full wp-image-3138\" alt=\"\" srcset=\"https:\/\/metalgar.com\/wp-content\/uploads\/logi\u0301stica.jpg 1920w, https:\/\/metalgar.com\/wp-content\/uploads\/logi\u0301stica-300x200.jpg 300w, https:\/\/metalgar.com\/wp-content\/uploads\/logi\u0301stica-1024x683.jpg 1024w, https:\/\/metalgar.com\/wp-content\/uploads\/logi\u0301stica-768x512.jpg 768w, https:\/\/metalgar.com\/wp-content\/uploads\/logi\u0301stica-1536x1024.jpg 1536w\" sizes=\"(max-width: 1920px) 100vw, 1920px\" \/>\t\t\t\t\t\t\t\t\t\t\t\t\t\t\t<\/div>\n\t\t\t\t<\/div>\n\t\t\t\t\t<\/div>\n\t\t<\/div>\n\t\t\t\t\t<\/div>\n\t\t<\/section>\n\t\t\t\t<section class=\"elementor-section elementor-top-section elementor-element elementor-element-84f138d elementor-section-boxed elementor-section-height-default elementor-section-height-default\" data-id=\"84f138d\" data-element_type=\"section\">\n\t\t\t\t\t\t<div class=\"elementor-container elementor-column-gap-default\">\n\t\t\t\t\t<div class=\"elementor-column elementor-col-100 elementor-top-column elementor-element elementor-element-45a247e\" data-id=\"45a247e\" data-element_type=\"column\">\n\t\t\t<div class=\"elementor-widget-wrap elementor-element-populated\">\n\t\t\t\t\t\t<div class=\"elementor-element elementor-element-a22866c elementor-widget elementor-widget-spacer\" data-id=\"a22866c\" data-element_type=\"widget\" data-widget_type=\"spacer.default\">\n\t\t\t\t<div class=\"elementor-widget-container\">\n\t\t\t\t\t\t\t<div class=\"elementor-spacer\">\n\t\t\t<div class=\"elementor-spacer-inner\"><\/div>\n\t\t<\/div>\n\t\t\t\t\t\t<\/div>\n\t\t\t\t<\/div>\n\t\t\t\t\t<\/div>\n\t\t<\/div>\n\t\t\t\t\t<\/div>\n\t\t<\/section>\n\t\t\t\t<\/div>\n\t\t","protected":false},"excerpt":{"rendered":"<p>Log\u00edstica Armaz\u00e9ns em Madrid Servi\u00e7os log\u00edsticos especializados, que v\u00e3o desde a rece\u00e7\u00e3o, identifica\u00e7\u00e3o e armazenamento, opera\u00e7\u00f5es de recolha e prepara\u00e7\u00e3o de encomendas com controlo de lotes, rastreabilidade de bens e expedi\u00e7\u00f5es. Tudo isto sob os sistemas de seguran\u00e7a necess\u00e1rios para a paz de esp\u00edrito do cliente: rastreabilidade, vigil\u00e2ncia, dete\u00e7\u00e3o de inc\u00eandios e bens segurados. No [&hellip;]<\/p>\n","protected":false},"author":1,"featured_media":0,"parent":0,"menu_order":0,"comment_status":"closed","ping_status":"closed","template":"elementor_header_footer","meta":{"footnotes":""},"class_list":["post-3132","page","type-page","status-publish","hentry"],"yoast_head":"<!-- This site is optimized with the Yoast SEO plugin v25.9 - https:\/\/yoast.com\/wordpress\/plugins\/seo\/ -->\n<title>Log\u00edstica - METALGAR S.L.<\/title>\n<meta name=\"robots\" content=\"index, follow, max-snippet:-1, max-image-preview:large, max-video-preview:-1\" \/>\n<link rel=\"canonical\" href=\"https:\/\/metalgar.com\/pt\/logistica\/\" \/>\n<meta property=\"og:locale\" content=\"pt_PT\" \/>\n<meta property=\"og:type\" content=\"article\" \/>\n<meta property=\"og:title\" content=\"Log\u00edstica - METALGAR S.L.\" \/>\n<meta property=\"og:description\" content=\"Log\u00edstica Armaz\u00e9ns em Madrid Servi\u00e7os log\u00edsticos especializados, que v\u00e3o desde a rece\u00e7\u00e3o, identifica\u00e7\u00e3o e armazenamento, opera\u00e7\u00f5es de recolha e prepara\u00e7\u00e3o de encomendas com controlo de lotes, rastreabilidade de bens e expedi\u00e7\u00f5es. Tudo isto sob os sistemas de seguran\u00e7a necess\u00e1rios para a paz de esp\u00edrito do cliente: rastreabilidade, vigil\u00e2ncia, dete\u00e7\u00e3o de inc\u00eandios e bens segurados. No [&hellip;]\" \/>\n<meta property=\"og:url\" content=\"https:\/\/metalgar.com\/pt\/logistica\/\" \/>\n<meta property=\"og:site_name\" content=\"METALGAR S.L.\" \/>\n<meta property=\"article:modified_time\" content=\"2021-07-23T11:35:20+00:00\" \/>\n<meta property=\"og:image\" content=\"http:\/\/metalgar.com\/wp-content\/uploads\/metalgar-plasticos-logistica-55.jpg\" \/>\n<meta name=\"twitter:card\" content=\"summary_large_image\" \/>\n<meta name=\"twitter:label1\" content=\"Tempo estimado de leitura\" \/>\n\t<meta name=\"twitter:data1\" content=\"2 minutos\" \/>\n<script type=\"application\/ld+json\" class=\"yoast-schema-graph\">{\"@context\":\"https:\/\/schema.org\",\"@graph\":[{\"@type\":\"WebPage\",\"@id\":\"https:\/\/metalgar.com\/pt\/logistica\/\",\"url\":\"https:\/\/metalgar.com\/pt\/logistica\/\",\"name\":\"Log\u00edstica - METALGAR S.L.\",\"isPartOf\":{\"@id\":\"https:\/\/metalgar.com\/pt\/#website\"},\"primaryImageOfPage\":{\"@id\":\"https:\/\/metalgar.com\/pt\/logistica\/#primaryimage\"},\"image\":{\"@id\":\"https:\/\/metalgar.com\/pt\/logistica\/#primaryimage\"},\"thumbnailUrl\":\"http:\/\/metalgar.com\/wp-content\/uploads\/metalgar-plasticos-logistica-55.jpg\",\"datePublished\":\"2021-07-22T11:28:28+00:00\",\"dateModified\":\"2021-07-23T11:35:20+00:00\",\"breadcrumb\":{\"@id\":\"https:\/\/metalgar.com\/pt\/logistica\/#breadcrumb\"},\"inLanguage\":\"pt-PT\",\"potentialAction\":[{\"@type\":\"ReadAction\",\"target\":[\"https:\/\/metalgar.com\/pt\/logistica\/\"]}]},{\"@type\":\"ImageObject\",\"inLanguage\":\"pt-PT\",\"@id\":\"https:\/\/metalgar.com\/pt\/logistica\/#primaryimage\",\"url\":\"http:\/\/metalgar.com\/wp-content\/uploads\/metalgar-plasticos-logistica-55.jpg\",\"contentUrl\":\"http:\/\/metalgar.com\/wp-content\/uploads\/metalgar-plasticos-logistica-55.jpg\"},{\"@type\":\"BreadcrumbList\",\"@id\":\"https:\/\/metalgar.com\/pt\/logistica\/#breadcrumb\",\"itemListElement\":[{\"@type\":\"ListItem\",\"position\":1,\"name\":\"Portada\",\"item\":\"https:\/\/metalgar.com\/pt\/\"},{\"@type\":\"ListItem\",\"position\":2,\"name\":\"Log\u00edstica\"}]},{\"@type\":\"WebSite\",\"@id\":\"https:\/\/metalgar.com\/pt\/#website\",\"url\":\"https:\/\/metalgar.com\/pt\/\",\"name\":\"METALGAR S.L.\",\"description\":\"Inyecci\u00f3n y Extrusi\u00f3n de Pl\u00e1sticos - Log\u00edstica\",\"publisher\":{\"@id\":\"https:\/\/metalgar.com\/pt\/#organization\"},\"potentialAction\":[{\"@type\":\"SearchAction\",\"target\":{\"@type\":\"EntryPoint\",\"urlTemplate\":\"https:\/\/metalgar.com\/pt\/?s={search_term_string}\"},\"query-input\":{\"@type\":\"PropertyValueSpecification\",\"valueRequired\":true,\"valueName\":\"search_term_string\"}}],\"inLanguage\":\"pt-PT\"},{\"@type\":\"Organization\",\"@id\":\"https:\/\/metalgar.com\/pt\/#organization\",\"name\":\"METALGAR S.L.\",\"url\":\"https:\/\/metalgar.com\/pt\/\",\"logo\":{\"@type\":\"ImageObject\",\"inLanguage\":\"pt-PT\",\"@id\":\"https:\/\/metalgar.com\/pt\/#\/schema\/logo\/image\/\",\"url\":\"https:\/\/metalgar.com\/wp-content\/uploads\/metalgar-plastics-logistics.png\",\"contentUrl\":\"https:\/\/metalgar.com\/wp-content\/uploads\/metalgar-plastics-logistics.png\",\"width\":240,\"height\":58,\"caption\":\"METALGAR S.L.\"},\"image\":{\"@id\":\"https:\/\/metalgar.com\/pt\/#\/schema\/logo\/image\/\"}}]}<\/script>\n<!-- \/ Yoast SEO plugin. -->","yoast_head_json":{"title":"Log\u00edstica - METALGAR S.L.","robots":{"index":"index","follow":"follow","max-snippet":"max-snippet:-1","max-image-preview":"max-image-preview:large","max-video-preview":"max-video-preview:-1"},"canonical":"https:\/\/metalgar.com\/pt\/logistica\/","og_locale":"pt_PT","og_type":"article","og_title":"Log\u00edstica - METALGAR S.L.","og_description":"Log\u00edstica Armaz\u00e9ns em Madrid Servi\u00e7os log\u00edsticos especializados, que v\u00e3o desde a rece\u00e7\u00e3o, identifica\u00e7\u00e3o e armazenamento, opera\u00e7\u00f5es de recolha e prepara\u00e7\u00e3o de encomendas com controlo de lotes, rastreabilidade de bens e expedi\u00e7\u00f5es. Tudo isto sob os sistemas de seguran\u00e7a necess\u00e1rios para a paz de esp\u00edrito do cliente: rastreabilidade, vigil\u00e2ncia, dete\u00e7\u00e3o de inc\u00eandios e bens segurados. No [&hellip;]","og_url":"https:\/\/metalgar.com\/pt\/logistica\/","og_site_name":"METALGAR S.L.","article_modified_time":"2021-07-23T11:35:20+00:00","og_image":[{"url":"http:\/\/metalgar.com\/wp-content\/uploads\/metalgar-plasticos-logistica-55.jpg","type":"","width":"","height":""}],"twitter_card":"summary_large_image","twitter_misc":{"Tempo estimado de leitura":"2 minutos"},"schema":{"@context":"https:\/\/schema.org","@graph":[{"@type":"WebPage","@id":"https:\/\/metalgar.com\/pt\/logistica\/","url":"https:\/\/metalgar.com\/pt\/logistica\/","name":"Log\u00edstica - METALGAR S.L.","isPartOf":{"@id":"https:\/\/metalgar.com\/pt\/#website"},"primaryImageOfPage":{"@id":"https:\/\/metalgar.com\/pt\/logistica\/#primaryimage"},"image":{"@id":"https:\/\/metalgar.com\/pt\/logistica\/#primaryimage"},"thumbnailUrl":"http:\/\/metalgar.com\/wp-content\/uploads\/metalgar-plasticos-logistica-55.jpg","datePublished":"2021-07-22T11:28:28+00:00","dateModified":"2021-07-23T11:35:20+00:00","breadcrumb":{"@id":"https:\/\/metalgar.com\/pt\/logistica\/#breadcrumb"},"inLanguage":"pt-PT","potentialAction":[{"@type":"ReadAction","target":["https:\/\/metalgar.com\/pt\/logistica\/"]}]},{"@type":"ImageObject","inLanguage":"pt-PT","@id":"https:\/\/metalgar.com\/pt\/logistica\/#primaryimage","url":"http:\/\/metalgar.com\/wp-content\/uploads\/metalgar-plasticos-logistica-55.jpg","contentUrl":"http:\/\/metalgar.com\/wp-content\/uploads\/metalgar-plasticos-logistica-55.jpg"},{"@type":"BreadcrumbList","@id":"https:\/\/metalgar.com\/pt\/logistica\/#breadcrumb","itemListElement":[{"@type":"ListItem","position":1,"name":"Portada","item":"https:\/\/metalgar.com\/pt\/"},{"@type":"ListItem","position":2,"name":"Log\u00edstica"}]},{"@type":"WebSite","@id":"https:\/\/metalgar.com\/pt\/#website","url":"https:\/\/metalgar.com\/pt\/","name":"METALGAR S.L.","description":"Inyecci\u00f3n y Extrusi\u00f3n de Pl\u00e1sticos - Log\u00edstica","publisher":{"@id":"https:\/\/metalgar.com\/pt\/#organization"},"potentialAction":[{"@type":"SearchAction","target":{"@type":"EntryPoint","urlTemplate":"https:\/\/metalgar.com\/pt\/?s={search_term_string}"},"query-input":{"@type":"PropertyValueSpecification","valueRequired":true,"valueName":"search_term_string"}}],"inLanguage":"pt-PT"},{"@type":"Organization","@id":"https:\/\/metalgar.com\/pt\/#organization","name":"METALGAR S.L.","url":"https:\/\/metalgar.com\/pt\/","logo":{"@type":"ImageObject","inLanguage":"pt-PT","@id":"https:\/\/metalgar.com\/pt\/#\/schema\/logo\/image\/","url":"https:\/\/metalgar.com\/wp-content\/uploads\/metalgar-plastics-logistics.png","contentUrl":"https:\/\/metalgar.com\/wp-content\/uploads\/metalgar-plastics-logistics.png","width":240,"height":58,"caption":"METALGAR S.L."},"image":{"@id":"https:\/\/metalgar.com\/pt\/#\/schema\/logo\/image\/"}}]}},"_links":{"self":[{"href":"https:\/\/metalgar.com\/pt\/wp-json\/wp\/v2\/pages\/3132","targetHints":{"allow":["GET"]}}],"collection":[{"href":"https:\/\/metalgar.com\/pt\/wp-json\/wp\/v2\/pages"}],"about":[{"href":"https:\/\/metalgar.com\/pt\/wp-json\/wp\/v2\/types\/page"}],"author":[{"embeddable":true,"href":"https:\/\/metalgar.com\/pt\/wp-json\/wp\/v2\/users\/1"}],"replies":[{"embeddable":true,"href":"https:\/\/metalgar.com\/pt\/wp-json\/wp\/v2\/comments?post=3132"}],"version-history":[{"count":2,"href":"https:\/\/metalgar.com\/pt\/wp-json\/wp\/v2\/pages\/3132\/revisions"}],"predecessor-version":[{"id":3373,"href":"https:\/\/metalgar.com\/pt\/wp-json\/wp\/v2\/pages\/3132\/revisions\/3373"}],"wp:attachment":[{"href":"https:\/\/metalgar.com\/pt\/wp-json\/wp\/v2\/media?parent=3132"}],"curies":[{"name":"wp","href":"https:\/\/api.w.org\/{rel}","templated":true}]}}