{"id":3287,"date":"2021-07-22T11:32:05","date_gmt":"2021-07-22T11:32:05","guid":{"rendered":"http:\/\/metalgar.com\/politica-de-privacidade\/"},"modified":"2021-07-28T19:55:51","modified_gmt":"2021-07-28T19:55:51","slug":"politica-de-privacidade","status":"publish","type":"page","link":"https:\/\/metalgar.com\/pt\/politica-de-privacidade\/","title":{"rendered":"Pol\u00edtica de privacidade"},"content":{"rendered":"\n<h2 class=\"wp-block-heading\">Quem somos<\/h2>\n\n\n\n<p>O endere\u00e7o do nosso s\u00edtio web \u00e9: http:\/\/metalgar.com\/<br><br>Em conformidade com a atual Lei Org\u00e2nica 15\/1999 de Prote\u00e7\u00e3o de Dados, a METALGAR S.L. informa que os dados pessoais dos Utilizadores do s\u00edtio Web ser\u00e3o incorporados e tratados num ficheiro automatizado pertencente \u00e0 METALGAR S.L. e ser\u00e3o geridos exclusivamente para os fins descritos em cada formul\u00e1rio ou meio de resposta. Ao clicar no bot\u00e3o &#8220;ENVIAR&#8221;, o Utilizador consente no tratamento dos seus dados pela METALGAR S.L.<br><br>O Utilizador \u00e9 igualmente informado de que poder\u00e1, a qualquer momento, exercer os seus direitos de acesso, retifica\u00e7\u00e3o, cancelamento e oposi\u00e7\u00e3o reconhecidos na Lei Org\u00e2nica 15\/1999, de 13 de dezembro 1999, sobre a Prote\u00e7\u00e3o de Dados Pessoais, notificando a METALGAR S.L., Calle Herm\u00e9s 37, 28880 Meco, Madrid. Por outro lado, em conformidade com as disposi\u00e7\u00f5es da Lei 34\/2002, de 11 de julho, sobre os Servi\u00e7os da Sociedade da Informa\u00e7\u00e3o e Com\u00e9rcio Eletr\u00f3nico, a METALGAR S.L. compromete-se a n\u00e3o enviar publicidade por correio eletr\u00f3nico sem obter previamente a autoriza\u00e7\u00e3o expressa do destinat\u00e1rio. O Utilizador pode opor-se ao envio de publicidade, assinalando a caixa apropriada.<br><br>A METALGAR S.L. compromete-se a que os dados pessoais solicitados sejam os estritamente necess\u00e1rios para a execu\u00e7\u00e3o do servi\u00e7o solicitado. Ser\u00e1 informado, quando apropriado, da obriga\u00e7\u00e3o de fornecer determinados dados, sem os quais n\u00e3o seria poss\u00edvel realizar o servi\u00e7o.<br>Do mesmo modo, a METALGAR S.L., como respons\u00e1vel pelo ficheiro, compromete-se a manter o segredo e a confidencialidade dos dados pessoais que lhe s\u00e3o fornecidos, adotando todas as medidas de seguran\u00e7a necess\u00e1rias para evitar a sua perda, altera\u00e7\u00e3o sem consentimento ou acesso n\u00e3o autorizado, em conformidade com o Regulamento para o Desenvolvimento da LOPD aprovado pelo Decreto Real 1720\/2007, de 21 de dezembro.<\/p>\n\n\n\n<h2 class=\"wp-block-heading\">Coment\u00e1rios<\/h2>\n\n\n\n<p>Quando os visitantes deixam coment\u00e1rios no s\u00edtio web, recolhemos os dados apresentados no formul\u00e1rio de coment\u00e1rios, bem como o endere\u00e7o IP do visitante e a cadeia de agentes de utilizadores do navegador para ajudar na identifica\u00e7\u00e3o de spam.<br>Pode ser fornecida ao servi\u00e7o do Gravatar uma cadeia an\u00f3nima criada a partir do seu endere\u00e7o de correio eletr\u00f3nico (tamb\u00e9m chamada hash) para ver se a est\u00e1 a utilizar. A pol\u00edtica de privacidade para o servi\u00e7o Gravatar est\u00e1 dispon\u00edvel aqui: https:\/\/automattic.com\/privacy\/. Ap\u00f3s a aprova\u00e7\u00e3o do seu coment\u00e1rio, a sua fotografia do perfil ser\u00e1 vis\u00edvel para o p\u00fablico no contexto do seu coment\u00e1rio.<\/p>\n\n\n\n<h2 class=\"wp-block-heading\">Meios audiovisuais<\/h2>\n\n\n\n<p>Se carregar imagens para o s\u00edtio, deve evitar carregar imagens com dados de localiza\u00e7\u00e3o (GPS EXIF) inclu\u00eddos. Os visitantes do s\u00edtio podem descarregar e extrair quaisquer dados de localiza\u00e7\u00e3o a partir de imagens do s\u00edtio.<\/p>\n\n\n\n<h2 class=\"wp-block-heading\">Cookies<\/h2>\n\n\n\n<p>Se deixar um coment\u00e1rio no nosso s\u00edtio, pode optar por guardar o seu nome, endere\u00e7o de correio eletr\u00f3nico e s\u00edtio Web em cookies. Isto \u00e9 para a sua conveni\u00eancia, para que n\u00e3o tenha de preencher novamente os seus dados quando deixar outro coment\u00e1rio. Estes cookies ter\u00e3o a dura\u00e7\u00e3o de um ano.<br>Se tiver uma conta e iniciar sess\u00e3o neste s\u00edtio, iremos definir um cookie tempor\u00e1rio para determinar se o seu navegador aceita cookies. Este cookie n\u00e3o cont\u00e9m dados pessoais e \u00e9 apagado quando fechar o seu navegador.<br>Quando iniciar sess\u00e3o, definiremos tamb\u00e9m um n\u00famero de cookies para armazenar as suas informa\u00e7\u00f5es de in\u00edcio de sess\u00e3o e op\u00e7\u00f5es de visualiza\u00e7\u00e3o do ecr\u00e3. Os cookies de in\u00edcio de sess\u00e3o duram dois dias, e as op\u00e7\u00f5es de visualiza\u00e7\u00e3o de cookies duram um ano. Se selecionar &#8220;Lembrar-se de mim&#8221;, o seu in\u00edcio de sess\u00e3o ter\u00e1 a dura\u00e7\u00e3o de duas semanas. Se sair da sua conta, os seus cookies de in\u00edcio de sess\u00e3o ser\u00e3o apagados.<br>Se editar ou publicar um artigo, ser\u00e1 guardado um cookie adicional no seu navegador. Este cookie n\u00e3o cont\u00e9m quaisquer dados pessoais e indica simplesmente o ID do artigo que acabou de editar. Expira ao fim de 1 dia.<\/p>\n\n\n\n<h2 class=\"wp-block-heading\">Conte\u00fados incorporados de outros s\u00edtios web<\/h2>\n\n\n\n<p>Os artigos deste s\u00edtio podem incluir conte\u00fado incorporado (por exemplo, v\u00eddeos, imagens, artigos, etc.). O conte\u00fado incorporado de outros s\u00edtios Web comporta-se exatamente da mesma forma que se o visitante tivesse visitado o outro s\u00edtio Web.<br>Estes s\u00edtios podem recolher dados sobre si, utilizar cookies, incorporar rastreio adicional de terceiros e monitorizar a sua intera\u00e7\u00e3o com esse conte\u00fado incorporado, incluindo o rastreio da sua intera\u00e7\u00e3o com o conte\u00fado incorporado se tiver uma conta e estiver ligado a esse s\u00edtio.<\/p>\n\n\n\n<h2 class=\"wp-block-heading\">Com quem partilhamos os seus dados<\/h2>\n\n\n\n<p>Se solicitar uma redefini\u00e7\u00e3o de palavra-passe, o seu endere\u00e7o IP ser\u00e1 inclu\u00eddo no e-mail de redefini\u00e7\u00e3o.<\/p>\n\n\n\n<h2 class=\"wp-block-heading\">Quanto tempo guardamos os seus dados<\/h2>\n\n\n\n<p>Se deixar um coment\u00e1rio, o coment\u00e1rio e os seus metadados s\u00e3o retidos indefinidamente. Isto permite-nos reconhecer e aprovar automaticamente os sucessivos coment\u00e1rios, em vez de os mantermos numa fila de modera\u00e7\u00e3o.<br>Para os utilizadores que se registam no nosso s\u00edtio (caso existam), tamb\u00e9m armazenamos as informa\u00e7\u00f5es pessoais que fornecem no seu perfil de utilizador. Todos os utilizadores podem ver, editar ou apagar as suas informa\u00e7\u00f5es pessoais em qualquer altura (exceto que n\u00e3o podem alterar o seu nome de utilizador). Os administradores do s\u00edtio tamb\u00e9m podem visualizar e editar esta informa\u00e7\u00e3o.<\/p>\n\n\n\n<h2 class=\"wp-block-heading\">Que direitos tem sobre os seus dados<\/h2>\n\n\n\n<p>Se tiver uma conta ou tiver deixado coment\u00e1rios neste s\u00edtio, pode solicitar a rece\u00e7\u00e3o de um ficheiro de exporta\u00e7\u00e3o dos dados pessoais que temos sobre si, incluindo quaisquer dados que nos tenha fornecido. Pode tamb\u00e9m solicitar que eliminemos quaisquer dados pessoais que tenhamos sobre si. Isto n\u00e3o inclui quaisquer dados que sejamos obrigados a conservar para fins administrativos, legais ou de seguran\u00e7a.<\/p>\n\n\n\n<h2 class=\"wp-block-heading\">Para onde enviamos os seus dados<\/h2>\n\n\n\n<p>Os coment\u00e1rios dos visitantes podem ser revistos por um servi\u00e7o autom\u00e1tico de dete\u00e7\u00e3o de spam.<\/p>\n","protected":false},"excerpt":{"rendered":"<p>Quem somos O endere\u00e7o do nosso s\u00edtio web \u00e9: http:\/\/metalgar.com\/ Em conformidade com a atual Lei Org\u00e2nica 15\/1999 de Prote\u00e7\u00e3o de Dados, a METALGAR S.L. informa que os dados pessoais dos Utilizadores do s\u00edtio Web ser\u00e3o incorporados e tratados num ficheiro automatizado pertencente \u00e0 METALGAR S.L. e ser\u00e3o geridos exclusivamente para os fins descritos em [&hellip;]<\/p>\n","protected":false},"author":1,"featured_media":0,"parent":0,"menu_order":0,"comment_status":"closed","ping_status":"closed","template":"","meta":{"footnotes":""},"class_list":["post-3287","page","type-page","status-publish","hentry"],"yoast_head":"<!-- This site is optimized with the Yoast SEO plugin v25.9 - https:\/\/yoast.com\/wordpress\/plugins\/seo\/ -->\n<title>Pol\u00edtica de privacidade - METALGAR S.L.<\/title>\n<meta name=\"robots\" content=\"index, follow, max-snippet:-1, max-image-preview:large, max-video-preview:-1\" \/>\n<link rel=\"canonical\" href=\"https:\/\/metalgar.com\/pt\/politica-de-privacidade\/\" \/>\n<meta property=\"og:locale\" content=\"pt_PT\" \/>\n<meta property=\"og:type\" content=\"article\" \/>\n<meta property=\"og:title\" content=\"Pol\u00edtica de privacidade - METALGAR S.L.\" \/>\n<meta property=\"og:description\" content=\"Quem somos O endere\u00e7o do nosso s\u00edtio web \u00e9: http:\/\/metalgar.com\/ Em conformidade com a atual Lei Org\u00e2nica 15\/1999 de Prote\u00e7\u00e3o de Dados, a METALGAR S.L. informa que os dados pessoais dos Utilizadores do s\u00edtio Web ser\u00e3o incorporados e tratados num ficheiro automatizado pertencente \u00e0 METALGAR S.L. e ser\u00e3o geridos exclusivamente para os fins descritos em [&hellip;]\" \/>\n<meta property=\"og:url\" content=\"https:\/\/metalgar.com\/pt\/politica-de-privacidade\/\" \/>\n<meta property=\"og:site_name\" content=\"METALGAR S.L.\" \/>\n<meta property=\"article:modified_time\" content=\"2021-07-28T19:55:51+00:00\" \/>\n<meta name=\"twitter:card\" content=\"summary_large_image\" \/>\n<meta name=\"twitter:label1\" content=\"Tempo estimado de leitura\" \/>\n\t<meta name=\"twitter:data1\" content=\"4 minutos\" \/>\n<script type=\"application\/ld+json\" class=\"yoast-schema-graph\">{\"@context\":\"https:\/\/schema.org\",\"@graph\":[{\"@type\":\"WebPage\",\"@id\":\"https:\/\/metalgar.com\/pt\/politica-de-privacidade\/\",\"url\":\"https:\/\/metalgar.com\/pt\/politica-de-privacidade\/\",\"name\":\"Pol\u00edtica de privacidade - METALGAR S.L.\",\"isPartOf\":{\"@id\":\"https:\/\/metalgar.com\/pt\/#website\"},\"datePublished\":\"2021-07-22T11:32:05+00:00\",\"dateModified\":\"2021-07-28T19:55:51+00:00\",\"breadcrumb\":{\"@id\":\"https:\/\/metalgar.com\/pt\/politica-de-privacidade\/#breadcrumb\"},\"inLanguage\":\"pt-PT\",\"potentialAction\":[{\"@type\":\"ReadAction\",\"target\":[\"https:\/\/metalgar.com\/pt\/politica-de-privacidade\/\"]}]},{\"@type\":\"BreadcrumbList\",\"@id\":\"https:\/\/metalgar.com\/pt\/politica-de-privacidade\/#breadcrumb\",\"itemListElement\":[{\"@type\":\"ListItem\",\"position\":1,\"name\":\"Portada\",\"item\":\"https:\/\/metalgar.com\/pt\/\"},{\"@type\":\"ListItem\",\"position\":2,\"name\":\"Pol\u00edtica de privacidade\"}]},{\"@type\":\"WebSite\",\"@id\":\"https:\/\/metalgar.com\/pt\/#website\",\"url\":\"https:\/\/metalgar.com\/pt\/\",\"name\":\"METALGAR S.L.\",\"description\":\"Inyecci\u00f3n y Extrusi\u00f3n de Pl\u00e1sticos - Log\u00edstica\",\"publisher\":{\"@id\":\"https:\/\/metalgar.com\/pt\/#organization\"},\"potentialAction\":[{\"@type\":\"SearchAction\",\"target\":{\"@type\":\"EntryPoint\",\"urlTemplate\":\"https:\/\/metalgar.com\/pt\/?s={search_term_string}\"},\"query-input\":{\"@type\":\"PropertyValueSpecification\",\"valueRequired\":true,\"valueName\":\"search_term_string\"}}],\"inLanguage\":\"pt-PT\"},{\"@type\":\"Organization\",\"@id\":\"https:\/\/metalgar.com\/pt\/#organization\",\"name\":\"METALGAR S.L.\",\"url\":\"https:\/\/metalgar.com\/pt\/\",\"logo\":{\"@type\":\"ImageObject\",\"inLanguage\":\"pt-PT\",\"@id\":\"https:\/\/metalgar.com\/pt\/#\/schema\/logo\/image\/\",\"url\":\"https:\/\/metalgar.com\/wp-content\/uploads\/metalgar-plastics-logistics.png\",\"contentUrl\":\"https:\/\/metalgar.com\/wp-content\/uploads\/metalgar-plastics-logistics.png\",\"width\":240,\"height\":58,\"caption\":\"METALGAR S.L.\"},\"image\":{\"@id\":\"https:\/\/metalgar.com\/pt\/#\/schema\/logo\/image\/\"}}]}<\/script>\n<!-- \/ Yoast SEO plugin. -->","yoast_head_json":{"title":"Pol\u00edtica de privacidade - METALGAR S.L.","robots":{"index":"index","follow":"follow","max-snippet":"max-snippet:-1","max-image-preview":"max-image-preview:large","max-video-preview":"max-video-preview:-1"},"canonical":"https:\/\/metalgar.com\/pt\/politica-de-privacidade\/","og_locale":"pt_PT","og_type":"article","og_title":"Pol\u00edtica de privacidade - METALGAR S.L.","og_description":"Quem somos O endere\u00e7o do nosso s\u00edtio web \u00e9: http:\/\/metalgar.com\/ Em conformidade com a atual Lei Org\u00e2nica 15\/1999 de Prote\u00e7\u00e3o de Dados, a METALGAR S.L. informa que os dados pessoais dos Utilizadores do s\u00edtio Web ser\u00e3o incorporados e tratados num ficheiro automatizado pertencente \u00e0 METALGAR S.L. e ser\u00e3o geridos exclusivamente para os fins descritos em [&hellip;]","og_url":"https:\/\/metalgar.com\/pt\/politica-de-privacidade\/","og_site_name":"METALGAR S.L.","article_modified_time":"2021-07-28T19:55:51+00:00","twitter_card":"summary_large_image","twitter_misc":{"Tempo estimado de leitura":"4 minutos"},"schema":{"@context":"https:\/\/schema.org","@graph":[{"@type":"WebPage","@id":"https:\/\/metalgar.com\/pt\/politica-de-privacidade\/","url":"https:\/\/metalgar.com\/pt\/politica-de-privacidade\/","name":"Pol\u00edtica de privacidade - METALGAR S.L.","isPartOf":{"@id":"https:\/\/metalgar.com\/pt\/#website"},"datePublished":"2021-07-22T11:32:05+00:00","dateModified":"2021-07-28T19:55:51+00:00","breadcrumb":{"@id":"https:\/\/metalgar.com\/pt\/politica-de-privacidade\/#breadcrumb"},"inLanguage":"pt-PT","potentialAction":[{"@type":"ReadAction","target":["https:\/\/metalgar.com\/pt\/politica-de-privacidade\/"]}]},{"@type":"BreadcrumbList","@id":"https:\/\/metalgar.com\/pt\/politica-de-privacidade\/#breadcrumb","itemListElement":[{"@type":"ListItem","position":1,"name":"Portada","item":"https:\/\/metalgar.com\/pt\/"},{"@type":"ListItem","position":2,"name":"Pol\u00edtica de privacidade"}]},{"@type":"WebSite","@id":"https:\/\/metalgar.com\/pt\/#website","url":"https:\/\/metalgar.com\/pt\/","name":"METALGAR S.L.","description":"Inyecci\u00f3n y Extrusi\u00f3n de Pl\u00e1sticos - Log\u00edstica","publisher":{"@id":"https:\/\/metalgar.com\/pt\/#organization"},"potentialAction":[{"@type":"SearchAction","target":{"@type":"EntryPoint","urlTemplate":"https:\/\/metalgar.com\/pt\/?s={search_term_string}"},"query-input":{"@type":"PropertyValueSpecification","valueRequired":true,"valueName":"search_term_string"}}],"inLanguage":"pt-PT"},{"@type":"Organization","@id":"https:\/\/metalgar.com\/pt\/#organization","name":"METALGAR S.L.","url":"https:\/\/metalgar.com\/pt\/","logo":{"@type":"ImageObject","inLanguage":"pt-PT","@id":"https:\/\/metalgar.com\/pt\/#\/schema\/logo\/image\/","url":"https:\/\/metalgar.com\/wp-content\/uploads\/metalgar-plastics-logistics.png","contentUrl":"https:\/\/metalgar.com\/wp-content\/uploads\/metalgar-plastics-logistics.png","width":240,"height":58,"caption":"METALGAR S.L."},"image":{"@id":"https:\/\/metalgar.com\/pt\/#\/schema\/logo\/image\/"}}]}},"_links":{"self":[{"href":"https:\/\/metalgar.com\/pt\/wp-json\/wp\/v2\/pages\/3287","targetHints":{"allow":["GET"]}}],"collection":[{"href":"https:\/\/metalgar.com\/pt\/wp-json\/wp\/v2\/pages"}],"about":[{"href":"https:\/\/metalgar.com\/pt\/wp-json\/wp\/v2\/types\/page"}],"author":[{"embeddable":true,"href":"https:\/\/metalgar.com\/pt\/wp-json\/wp\/v2\/users\/1"}],"replies":[{"embeddable":true,"href":"https:\/\/metalgar.com\/pt\/wp-json\/wp\/v2\/comments?post=3287"}],"version-history":[{"count":2,"href":"https:\/\/metalgar.com\/pt\/wp-json\/wp\/v2\/pages\/3287\/revisions"}],"predecessor-version":[{"id":3412,"href":"https:\/\/metalgar.com\/pt\/wp-json\/wp\/v2\/pages\/3287\/revisions\/3412"}],"wp:attachment":[{"href":"https:\/\/metalgar.com\/pt\/wp-json\/wp\/v2\/media?parent=3287"}],"curies":[{"name":"wp","href":"https:\/\/api.w.org\/{rel}","templated":true}]}}